{"id":50,"date":"2023-06-21T12:26:53","date_gmt":"2023-06-21T12:26:53","guid":{"rendered":"https:\/\/acsi.com.br\/lojavirtual\/?post_type=product&#038;p=50"},"modified":"2026-04-16T20:59:35","modified_gmt":"2026-04-16T23:59:35","slug":"deu-bicho-nas-parabolas","status":"publish","type":"product","link":"https:\/\/acsi.com.br\/lojavirtual\/produto\/deu-bicho-nas-parabolas\/","title":{"rendered":"Deu Bicho nas Par\u00e1bolas"},"content":{"rendered":"<p>A grande Festa, A Moeda Perdida, O Servo Malvado, O Bom Viajante e O Filho Arrependido s\u00e3o as par\u00e1bolas selecionadas para esse livro. Inspiradas em textos b\u00edblicos, a obra se prop\u00f5e a passar os grandes ensinamentos contidos nas suas encantadoras narrativas, tendo um elenco de simp\u00e1ticos bichos como protagonistas. Perd\u00e3o, responsabilidade, bondade, solidariedade e amor s\u00e3o alguns dos temas abordados nessas hist\u00f3rias encantadoras.<\/p>\n","protected":false},"excerpt":{"rendered":"<p>A grande Festa, A Moeda Perdida, O Servo Malvado, O Bom Viajante e O Filho Arrependido s\u00e3o as par\u00e1bolas selecionadas para esse livro. Inspiradas em textos b\u00edblicos, a obra se prop\u00f5e a passar os grandes ensinamentos contidos nas suas encantadoras narrativas, tendo um elenco de simp\u00e1ticos bichos como protagonistas. Perd\u00e3o, responsabilidade, bondade, solidariedade e amor s\u00e3o alguns dos temas abordados nessas hist\u00f3rias encantadoras.<\/p>\n","protected":false},"featured_media":746,"comment_status":"closed","ping_status":"closed","template":"","meta":[],"product_brand":[],"product_cat":[18],"product_tag":[137,152],"class_list":{"0":"post-50","1":"product","2":"type-product","3":"status-publish","4":"has-post-thumbnail","6":"product_cat-debs-editora","7":"product_tag-ate-3o-ano","8":"product_tag-fund-1","10":"first","11":"instock","12":"shipping-taxable","13":"purchasable","14":"product-type-simple"},"_links":{"self":[{"href":"https:\/\/acsi.com.br\/lojavirtual\/wp-json\/wp\/v2\/product\/50","targetHints":{"allow":["GET"]}}],"collection":[{"href":"https:\/\/acsi.com.br\/lojavirtual\/wp-json\/wp\/v2\/product"}],"about":[{"href":"https:\/\/acsi.com.br\/lojavirtual\/wp-json\/wp\/v2\/types\/product"}],"replies":[{"embeddable":true,"href":"https:\/\/acsi.com.br\/lojavirtual\/wp-json\/wp\/v2\/comments?post=50"}],"version-history":[{"count":2,"href":"https:\/\/acsi.com.br\/lojavirtual\/wp-json\/wp\/v2\/product\/50\/revisions"}],"predecessor-version":[{"id":747,"href":"https:\/\/acsi.com.br\/lojavirtual\/wp-json\/wp\/v2\/product\/50\/revisions\/747"}],"wp:featuredmedia":[{"embeddable":true,"href":"https:\/\/acsi.com.br\/lojavirtual\/wp-json\/wp\/v2\/media\/746"}],"wp:attachment":[{"href":"https:\/\/acsi.com.br\/lojavirtual\/wp-json\/wp\/v2\/media?parent=50"}],"wp:term":[{"taxonomy":"product_brand","embeddable":true,"href":"https:\/\/acsi.com.br\/lojavirtual\/wp-json\/wp\/v2\/product_brand?post=50"},{"taxonomy":"product_cat","embeddable":true,"href":"https:\/\/acsi.com.br\/lojavirtual\/wp-json\/wp\/v2\/product_cat?post=50"},{"taxonomy":"product_tag","embeddable":true,"href":"https:\/\/acsi.com.br\/lojavirtual\/wp-json\/wp\/v2\/product_tag?post=50"}],"curies":[{"name":"wp","href":"https:\/\/api.w.org\/{rel}","templated":true}]}}