{"id":499,"date":"2023-08-08T22:40:20","date_gmt":"2023-08-08T22:40:20","guid":{"rendered":"https:\/\/acsi.com.br\/lojavirtual\/?post_type=product&#038;p=499"},"modified":"2026-04-16T20:59:07","modified_gmt":"2026-04-16T23:59:07","slug":"a-garrafa","status":"publish","type":"product","link":"https:\/\/acsi.com.br\/lojavirtual\/produto\/a-garrafa\/","title":{"rendered":"A Garrafa"},"content":{"rendered":"<p>\u00c0 primeira vista, parecia uma garrafa vazia e nada mais. Mas foi s\u00f3 olhar de pertinho para ver quantas brincadeiras cabiam ali! Nesse livro de imagem, a garrafa de pl\u00e1stico deixada na pia da cozinha se transforma em objeto de observa\u00e7\u00e3o pelos olhos de uma crian\u00e7a muito curiosa &#8211; como toda crian\u00e7a \u00e9. Carrinho, foguete, megafone, tromba de elefante e orelhas de coelho s\u00e3o algumas das possibilidades que se multiplicam quando, na lata de lixo recicl\u00e1vel, v\u00e1rias outras garrafas s\u00e3o encontradas. Das coisas nascem coisas? Se olhar de pertinho, com aquela curiosidade de crian\u00e7a, a resposta \u00e9 sim!<\/p>\n","protected":false},"excerpt":{"rendered":"<p>\u00c0 primeira vista, parecia uma garrafa vazia e nada mais. Mas foi s\u00f3 olhar de pertinho para ver quantas brincadeiras cabiam ali! Nesse livro de imagem, a garrafa de pl\u00e1stico deixada na pia da cozinha se transforma em objeto de observa\u00e7\u00e3o pelos olhos de uma crian\u00e7a muito curiosa &#8211; como toda crian\u00e7a \u00e9. Carrinho, foguete, megafone, tromba de elefante e orelhas de coelho s\u00e3o algumas das possibilidades que se multiplicam quando, na lata de lixo recicl\u00e1vel, v\u00e1rias outras garrafas s\u00e3o encontradas. Das coisas nascem coisas? Se olhar de pertinho, com aquela curiosidade de crian\u00e7a, a resposta \u00e9 sim!<\/p>\n<p>&nbsp;<\/p>\n","protected":false},"featured_media":500,"comment_status":"closed","ping_status":"closed","template":"","meta":[],"product_brand":[],"product_cat":[29],"product_tag":[134,152],"class_list":{"0":"post-499","1":"product","2":"type-product","3":"status-publish","4":"has-post-thumbnail","6":"product_cat-cia-das-letras-brinque-book","7":"product_tag-ate-1o-ano","8":"product_tag-fund-1","10":"first","11":"instock","12":"shipping-taxable","13":"purchasable","14":"product-type-simple"},"_links":{"self":[{"href":"https:\/\/acsi.com.br\/lojavirtual\/wp-json\/wp\/v2\/product\/499","targetHints":{"allow":["GET"]}}],"collection":[{"href":"https:\/\/acsi.com.br\/lojavirtual\/wp-json\/wp\/v2\/product"}],"about":[{"href":"https:\/\/acsi.com.br\/lojavirtual\/wp-json\/wp\/v2\/types\/product"}],"replies":[{"embeddable":true,"href":"https:\/\/acsi.com.br\/lojavirtual\/wp-json\/wp\/v2\/comments?post=499"}],"version-history":[{"count":2,"href":"https:\/\/acsi.com.br\/lojavirtual\/wp-json\/wp\/v2\/product\/499\/revisions"}],"predecessor-version":[{"id":502,"href":"https:\/\/acsi.com.br\/lojavirtual\/wp-json\/wp\/v2\/product\/499\/revisions\/502"}],"wp:featuredmedia":[{"embeddable":true,"href":"https:\/\/acsi.com.br\/lojavirtual\/wp-json\/wp\/v2\/media\/500"}],"wp:attachment":[{"href":"https:\/\/acsi.com.br\/lojavirtual\/wp-json\/wp\/v2\/media?parent=499"}],"wp:term":[{"taxonomy":"product_brand","embeddable":true,"href":"https:\/\/acsi.com.br\/lojavirtual\/wp-json\/wp\/v2\/product_brand?post=499"},{"taxonomy":"product_cat","embeddable":true,"href":"https:\/\/acsi.com.br\/lojavirtual\/wp-json\/wp\/v2\/product_cat?post=499"},{"taxonomy":"product_tag","embeddable":true,"href":"https:\/\/acsi.com.br\/lojavirtual\/wp-json\/wp\/v2\/product_tag?post=499"}],"curies":[{"name":"wp","href":"https:\/\/api.w.org\/{rel}","templated":true}]}}