{"id":493,"date":"2023-08-08T22:36:18","date_gmt":"2023-08-08T22:36:18","guid":{"rendered":"https:\/\/acsi.com.br\/lojavirtual\/?post_type=product&#038;p=493"},"modified":"2026-04-16T20:59:07","modified_gmt":"2026-04-16T23:59:07","slug":"mountain-madness","status":"publish","type":"product","link":"https:\/\/acsi.com.br\/lojavirtual\/produto\/mountain-madness\/","title":{"rendered":"Mountain Madness"},"content":{"rendered":"<p>IS THAT AN EGG? What would you do if you saw an egg rolling down a mountain? What if the egg came along with potatoes, tomatoes, beets, and onions? This thrilling story is full of adventure and fantasy. It will take you on a journey through the world of imagination.<\/p>\n<p>ISSO \u00c9 UM OVO? O que voc\u00ea faria se visse um ovo rolando montanha abaixo? E se o ovo viesse junto com batatas, tomates, beterrabas e cebolas? Esta hist\u00f3ria emocionante \u00e9 cheia de aventura e fantasia. Ele o levar\u00e1 a uma jornada pelo mundo da imagina\u00e7\u00e3o.<\/p>\n","protected":false},"excerpt":{"rendered":"<p>IS THAT AN EGG? What would you do if you saw an egg rolling down a mountain? What if the egg came along with potatoes, tomatoes, beets, and onions? This thrilling story is full of adventure and fantasy. It will take you on a journey through the world of imagination.<\/p>\n<p>ISSO \u00c9 UM OVO? O que voc\u00ea faria se visse um ovo rolando montanha abaixo? E se o ovo viesse junto com batatas, tomates, beterrabas e cebolas? Esta hist\u00f3ria emocionante \u00e9 cheia de aventura e fantasia. Ele o levar\u00e1 a uma jornada pelo mundo da imagina\u00e7\u00e3o.<\/p>\n<p>&nbsp;<\/p>\n","protected":false},"featured_media":494,"comment_status":"closed","ping_status":"closed","template":"","meta":[],"product_brand":[],"product_cat":[28],"product_tag":[138,152],"class_list":{"0":"post-493","1":"product","2":"type-product","3":"status-publish","4":"has-post-thumbnail","6":"product_cat-ciranda-cultural","7":"product_tag-ate-4o-ano","8":"product_tag-fund-1","10":"first","11":"outofstock","12":"shipping-taxable","13":"purchasable","14":"product-type-simple"},"_links":{"self":[{"href":"https:\/\/acsi.com.br\/lojavirtual\/wp-json\/wp\/v2\/product\/493","targetHints":{"allow":["GET"]}}],"collection":[{"href":"https:\/\/acsi.com.br\/lojavirtual\/wp-json\/wp\/v2\/product"}],"about":[{"href":"https:\/\/acsi.com.br\/lojavirtual\/wp-json\/wp\/v2\/types\/product"}],"replies":[{"embeddable":true,"href":"https:\/\/acsi.com.br\/lojavirtual\/wp-json\/wp\/v2\/comments?post=493"}],"version-history":[{"count":1,"href":"https:\/\/acsi.com.br\/lojavirtual\/wp-json\/wp\/v2\/product\/493\/revisions"}],"predecessor-version":[{"id":495,"href":"https:\/\/acsi.com.br\/lojavirtual\/wp-json\/wp\/v2\/product\/493\/revisions\/495"}],"wp:featuredmedia":[{"embeddable":true,"href":"https:\/\/acsi.com.br\/lojavirtual\/wp-json\/wp\/v2\/media\/494"}],"wp:attachment":[{"href":"https:\/\/acsi.com.br\/lojavirtual\/wp-json\/wp\/v2\/media?parent=493"}],"wp:term":[{"taxonomy":"product_brand","embeddable":true,"href":"https:\/\/acsi.com.br\/lojavirtual\/wp-json\/wp\/v2\/product_brand?post=493"},{"taxonomy":"product_cat","embeddable":true,"href":"https:\/\/acsi.com.br\/lojavirtual\/wp-json\/wp\/v2\/product_cat?post=493"},{"taxonomy":"product_tag","embeddable":true,"href":"https:\/\/acsi.com.br\/lojavirtual\/wp-json\/wp\/v2\/product_tag?post=493"}],"curies":[{"name":"wp","href":"https:\/\/api.w.org\/{rel}","templated":true}]}}