{"id":48,"date":"2023-06-21T12:23:06","date_gmt":"2023-06-21T12:23:06","guid":{"rendered":"https:\/\/acsi.com.br\/lojavirtual\/?post_type=product&#038;p=48"},"modified":"2026-05-04T06:07:15","modified_gmt":"2026-05-04T09:07:15","slug":"o-diario-de-um-dia-da-mosca-sofia","status":"publish","type":"product","link":"https:\/\/acsi.com.br\/lojavirtual\/produto\/o-diario-de-um-dia-da-mosca-sofia\/","title":{"rendered":"O Di\u00e1rio de um dia da mosca Sofia"},"content":{"rendered":"<p>Sofia \u00e9 uma mosquinha diferente. Ao inv\u00e9s de fazer o que as outras moscas costumam fazer, ela decidiu viver o seu pouco tempo de vida de forma \u00fanica. Em cada minuto ela encara uma experi\u00eancia nova, tornando a vida uma aventura incr\u00edvel. Quando chega a hora de partir, deixa uma boa saudade por onde passou. Uma hist\u00f3ria que trata sobre a brevidade da vida, tempo, boas a\u00e7\u00f5es, autocontrole, compaix\u00e3o e muita divers\u00e3o. Sofia vai encantar e ensinar um pouco sobre o sentido da vida.<\/p>\n","protected":false},"excerpt":{"rendered":"<p>Sofia \u00e9 uma mosquinha diferente. Ao inv\u00e9s de fazer o que as outras moscas costumam fazer, ela decidiu viver o seu pouco tempo de vida de forma \u00fanica. Em cada minuto ela encara uma experi\u00eancia nova, tornando a vida uma aventura incr\u00edvel. Quando chega a hora de partir, deixa uma boa saudade por onde passou. Uma hist\u00f3ria que trata sobre a brevidade da vida, tempo, boas a\u00e7\u00f5es, autocontrole, compaix\u00e3o e muita divers\u00e3o. Sofia vai encantar e ensinar um pouco sobre o sentido da vida.<\/p>\n","protected":false},"featured_media":745,"comment_status":"closed","ping_status":"closed","template":"","meta":[],"product_brand":[],"product_cat":[18],"product_tag":[134,152],"class_list":{"0":"post-48","1":"product","2":"type-product","3":"status-publish","4":"has-post-thumbnail","6":"product_cat-debs-editora","7":"product_tag-ate-1o-ano","8":"product_tag-fund-1","10":"first","11":"instock","12":"shipping-taxable","13":"purchasable","14":"product-type-simple"},"_links":{"self":[{"href":"https:\/\/acsi.com.br\/lojavirtual\/wp-json\/wp\/v2\/product\/48","targetHints":{"allow":["GET"]}}],"collection":[{"href":"https:\/\/acsi.com.br\/lojavirtual\/wp-json\/wp\/v2\/product"}],"about":[{"href":"https:\/\/acsi.com.br\/lojavirtual\/wp-json\/wp\/v2\/types\/product"}],"replies":[{"embeddable":true,"href":"https:\/\/acsi.com.br\/lojavirtual\/wp-json\/wp\/v2\/comments?post=48"}],"version-history":[{"count":3,"href":"https:\/\/acsi.com.br\/lojavirtual\/wp-json\/wp\/v2\/product\/48\/revisions"}],"predecessor-version":[{"id":3330,"href":"https:\/\/acsi.com.br\/lojavirtual\/wp-json\/wp\/v2\/product\/48\/revisions\/3330"}],"wp:featuredmedia":[{"embeddable":true,"href":"https:\/\/acsi.com.br\/lojavirtual\/wp-json\/wp\/v2\/media\/745"}],"wp:attachment":[{"href":"https:\/\/acsi.com.br\/lojavirtual\/wp-json\/wp\/v2\/media?parent=48"}],"wp:term":[{"taxonomy":"product_brand","embeddable":true,"href":"https:\/\/acsi.com.br\/lojavirtual\/wp-json\/wp\/v2\/product_brand?post=48"},{"taxonomy":"product_cat","embeddable":true,"href":"https:\/\/acsi.com.br\/lojavirtual\/wp-json\/wp\/v2\/product_cat?post=48"},{"taxonomy":"product_tag","embeddable":true,"href":"https:\/\/acsi.com.br\/lojavirtual\/wp-json\/wp\/v2\/product_tag?post=48"}],"curies":[{"name":"wp","href":"https:\/\/api.w.org\/{rel}","templated":true}]}}