{"id":473,"date":"2023-08-08T22:20:49","date_gmt":"2023-08-08T22:20:49","guid":{"rendered":"https:\/\/acsi.com.br\/lojavirtual\/?post_type=product&#038;p=473"},"modified":"2026-04-16T20:59:07","modified_gmt":"2026-04-16T23:59:07","slug":"o-nabo-gigante","status":"publish","type":"product","link":"https:\/\/acsi.com.br\/lojavirtual\/produto\/o-nabo-gigante\/","title":{"rendered":"O nabo gigante"},"content":{"rendered":"<p>Um nabo gigante nasceu na fazenda do vov\u00f4. Ele tentou colher o nabo, mas n\u00e3o conseguiu. Ent\u00e3o, ele<br \/>\nchamou a vov\u00f3, que chamou a neta, que chamou&#8230; Ser\u00e1 que todos juntos conseguir\u00e3o colher esse nabo fresquinho? Divirta-se com esse conto cl\u00e1ssico cumulativo, escrito por Aleksei Tolst\u00f3i e traduzido diretamente do russo por Yuri Martins.<\/p>\n","protected":false},"excerpt":{"rendered":"<p>Um nabo gigante nasceu na fazenda do vov\u00f4. Ele tentou colher o nabo, mas n\u00e3o conseguiu. Ent\u00e3o, ele<br \/>\nchamou a vov\u00f3, que chamou a neta, que chamou&#8230; Ser\u00e1 que todos juntos conseguir\u00e3o colher esse nabo fresquinho? Divirta-se com esse conto cl\u00e1ssico cumulativo, escrito por Aleksei Tolst\u00f3i e traduzido diretamente do russo por Yuri Martins.<\/p>\n","protected":false},"featured_media":476,"comment_status":"closed","ping_status":"closed","template":"","meta":[],"product_brand":[],"product_cat":[28],"product_tag":[134,152],"class_list":{"0":"post-473","1":"product","2":"type-product","3":"status-publish","4":"has-post-thumbnail","6":"product_cat-ciranda-cultural","7":"product_tag-ate-1o-ano","8":"product_tag-fund-1","10":"first","11":"instock","12":"shipping-taxable","13":"purchasable","14":"product-type-simple"},"_links":{"self":[{"href":"https:\/\/acsi.com.br\/lojavirtual\/wp-json\/wp\/v2\/product\/473","targetHints":{"allow":["GET"]}}],"collection":[{"href":"https:\/\/acsi.com.br\/lojavirtual\/wp-json\/wp\/v2\/product"}],"about":[{"href":"https:\/\/acsi.com.br\/lojavirtual\/wp-json\/wp\/v2\/types\/product"}],"replies":[{"embeddable":true,"href":"https:\/\/acsi.com.br\/lojavirtual\/wp-json\/wp\/v2\/comments?post=473"}],"version-history":[{"count":1,"href":"https:\/\/acsi.com.br\/lojavirtual\/wp-json\/wp\/v2\/product\/473\/revisions"}],"predecessor-version":[{"id":477,"href":"https:\/\/acsi.com.br\/lojavirtual\/wp-json\/wp\/v2\/product\/473\/revisions\/477"}],"wp:featuredmedia":[{"embeddable":true,"href":"https:\/\/acsi.com.br\/lojavirtual\/wp-json\/wp\/v2\/media\/476"}],"wp:attachment":[{"href":"https:\/\/acsi.com.br\/lojavirtual\/wp-json\/wp\/v2\/media?parent=473"}],"wp:term":[{"taxonomy":"product_brand","embeddable":true,"href":"https:\/\/acsi.com.br\/lojavirtual\/wp-json\/wp\/v2\/product_brand?post=473"},{"taxonomy":"product_cat","embeddable":true,"href":"https:\/\/acsi.com.br\/lojavirtual\/wp-json\/wp\/v2\/product_cat?post=473"},{"taxonomy":"product_tag","embeddable":true,"href":"https:\/\/acsi.com.br\/lojavirtual\/wp-json\/wp\/v2\/product_tag?post=473"}],"curies":[{"name":"wp","href":"https:\/\/api.w.org\/{rel}","templated":true}]}}