{"id":472,"date":"2023-08-08T22:20:33","date_gmt":"2023-08-08T22:20:33","guid":{"rendered":"https:\/\/acsi.com.br\/lojavirtual\/?post_type=product&#038;p=472"},"modified":"2026-04-16T20:59:07","modified_gmt":"2026-04-16T23:59:07","slug":"o-cachorro-que-nao-latia","status":"publish","type":"product","link":"https:\/\/acsi.com.br\/lojavirtual\/produto\/o-cachorro-que-nao-latia\/","title":{"rendered":"O cachorro que n\u00e3o latia"},"content":{"rendered":"<p>Bob era um cachorro diferente dos outros. Ele n\u00e3o latia. Quando Lucas, seu dono, passeava com ele, ouvia muitos tipos de latido de outros c\u00e3es, menos de Bob. O menino logo percebeu que alguma coisa estava errada. Por que s\u00f3 Bob n\u00e3o latia? Neste livro de rara sensibilidade, os autores pretendem mostrar \u00e0s crian\u00e7as (e aos adultos) que \u00e9 preciso dizer o que acontece com elas, o que sentem, o que as incomoda. De maneira l\u00fadica, estimulam as crian\u00e7as a n\u00e3o se calar em nenhum tipo de situa\u00e7\u00e3o.<\/p>\n","protected":false},"excerpt":{"rendered":"<p>Bob era um cachorro diferente dos outros. Ele n\u00e3o latia. Quando Lucas, seu dono, passeava com ele, ouvia muitos tipos de latido de outros c\u00e3es, menos de Bob. O menino logo percebeu que alguma coisa estava errada. Por que s\u00f3 Bob n\u00e3o latia? Neste livro de rara sensibilidade, os autores pretendem mostrar \u00e0s crian\u00e7as (e aos adultos) que \u00e9 preciso dizer o que acontece com elas, o que sentem, o que as incomoda. De maneira l\u00fadica, estimulam as crian\u00e7as a n\u00e3o se calar em nenhum tipo de situa\u00e7\u00e3o.<\/p>\n","protected":false},"featured_media":474,"comment_status":"closed","ping_status":"closed","template":"","meta":[],"product_brand":[],"product_cat":[28],"product_tag":[134,136,152],"class_list":{"0":"post-472","1":"product","2":"type-product","3":"status-publish","4":"has-post-thumbnail","6":"product_cat-ciranda-cultural","7":"product_tag-ate-1o-ano","8":"product_tag-ate-2o-ano","9":"product_tag-fund-1","11":"first","12":"instock","13":"shipping-taxable","14":"purchasable","15":"product-type-simple"},"_links":{"self":[{"href":"https:\/\/acsi.com.br\/lojavirtual\/wp-json\/wp\/v2\/product\/472","targetHints":{"allow":["GET"]}}],"collection":[{"href":"https:\/\/acsi.com.br\/lojavirtual\/wp-json\/wp\/v2\/product"}],"about":[{"href":"https:\/\/acsi.com.br\/lojavirtual\/wp-json\/wp\/v2\/types\/product"}],"replies":[{"embeddable":true,"href":"https:\/\/acsi.com.br\/lojavirtual\/wp-json\/wp\/v2\/comments?post=472"}],"version-history":[{"count":1,"href":"https:\/\/acsi.com.br\/lojavirtual\/wp-json\/wp\/v2\/product\/472\/revisions"}],"predecessor-version":[{"id":475,"href":"https:\/\/acsi.com.br\/lojavirtual\/wp-json\/wp\/v2\/product\/472\/revisions\/475"}],"wp:featuredmedia":[{"embeddable":true,"href":"https:\/\/acsi.com.br\/lojavirtual\/wp-json\/wp\/v2\/media\/474"}],"wp:attachment":[{"href":"https:\/\/acsi.com.br\/lojavirtual\/wp-json\/wp\/v2\/media?parent=472"}],"wp:term":[{"taxonomy":"product_brand","embeddable":true,"href":"https:\/\/acsi.com.br\/lojavirtual\/wp-json\/wp\/v2\/product_brand?post=472"},{"taxonomy":"product_cat","embeddable":true,"href":"https:\/\/acsi.com.br\/lojavirtual\/wp-json\/wp\/v2\/product_cat?post=472"},{"taxonomy":"product_tag","embeddable":true,"href":"https:\/\/acsi.com.br\/lojavirtual\/wp-json\/wp\/v2\/product_tag?post=472"}],"curies":[{"name":"wp","href":"https:\/\/api.w.org\/{rel}","templated":true}]}}