{"id":463,"date":"2023-08-08T22:14:08","date_gmt":"2023-08-08T22:14:08","guid":{"rendered":"https:\/\/acsi.com.br\/lojavirtual\/?post_type=product&#038;p=463"},"modified":"2026-05-04T06:07:15","modified_gmt":"2026-05-04T09:07:15","slug":"academia-dos-abracos","status":"publish","type":"product","link":"https:\/\/acsi.com.br\/lojavirtual\/produto\/academia-dos-abracos\/","title":{"rendered":"Academia dos abra\u00e7os"},"content":{"rendered":"<p>Conhe\u00e7a os ursos da Academia dos Abra\u00e7os. A turma que est\u00e1 aqui para alegrar, Aprendendo todos os tipos de abra\u00e7os. Para encontrar aquele que voc\u00ea mais vai gostar!<\/p>\n","protected":false},"excerpt":{"rendered":"<p>Conhe\u00e7a os ursos da Academia dos Abra\u00e7os. A turma que est\u00e1 aqui para alegrar, Aprendendo todos os tipos de abra\u00e7os. Para encontrar aquele que voc\u00ea mais vai gostar!<\/p>\n","protected":false},"featured_media":464,"comment_status":"closed","ping_status":"closed","template":"","meta":[],"product_brand":[],"product_cat":[28],"product_tag":[153],"class_list":{"0":"post-463","1":"product","2":"type-product","3":"status-publish","4":"has-post-thumbnail","6":"product_cat-ciranda-cultural","7":"product_tag-ed-infantil","9":"first","10":"instock","11":"shipping-taxable","12":"purchasable","13":"product-type-simple"},"_links":{"self":[{"href":"https:\/\/acsi.com.br\/lojavirtual\/wp-json\/wp\/v2\/product\/463","targetHints":{"allow":["GET"]}}],"collection":[{"href":"https:\/\/acsi.com.br\/lojavirtual\/wp-json\/wp\/v2\/product"}],"about":[{"href":"https:\/\/acsi.com.br\/lojavirtual\/wp-json\/wp\/v2\/types\/product"}],"replies":[{"embeddable":true,"href":"https:\/\/acsi.com.br\/lojavirtual\/wp-json\/wp\/v2\/comments?post=463"}],"version-history":[{"count":1,"href":"https:\/\/acsi.com.br\/lojavirtual\/wp-json\/wp\/v2\/product\/463\/revisions"}],"predecessor-version":[{"id":465,"href":"https:\/\/acsi.com.br\/lojavirtual\/wp-json\/wp\/v2\/product\/463\/revisions\/465"}],"wp:featuredmedia":[{"embeddable":true,"href":"https:\/\/acsi.com.br\/lojavirtual\/wp-json\/wp\/v2\/media\/464"}],"wp:attachment":[{"href":"https:\/\/acsi.com.br\/lojavirtual\/wp-json\/wp\/v2\/media?parent=463"}],"wp:term":[{"taxonomy":"product_brand","embeddable":true,"href":"https:\/\/acsi.com.br\/lojavirtual\/wp-json\/wp\/v2\/product_brand?post=463"},{"taxonomy":"product_cat","embeddable":true,"href":"https:\/\/acsi.com.br\/lojavirtual\/wp-json\/wp\/v2\/product_cat?post=463"},{"taxonomy":"product_tag","embeddable":true,"href":"https:\/\/acsi.com.br\/lojavirtual\/wp-json\/wp\/v2\/product_tag?post=463"}],"curies":[{"name":"wp","href":"https:\/\/api.w.org\/{rel}","templated":true}]}}