{"id":46,"date":"2023-06-21T12:20:24","date_gmt":"2023-06-21T12:20:24","guid":{"rendered":"https:\/\/acsi.com.br\/lojavirtual\/?post_type=product&#038;p=46"},"modified":"2026-04-16T20:59:35","modified_gmt":"2026-04-16T23:59:35","slug":"fabulas-para-a-vida","status":"publish","type":"product","link":"https:\/\/acsi.com.br\/lojavirtual\/produto\/fabulas-para-a-vida\/","title":{"rendered":"F\u00e1bulas para a Vida"},"content":{"rendered":"<p>A busca da sabedoria \u00e9 como o desejo de querer encontrar um tesouro. Quando a possu\u00edmos, somos mais equilibrados e convictos nas decis\u00f5es cotidianas de nossas vidas. F\u00e1bulas para a Vida \u00e9 um pequeno guia, composto por algumas pequenas hist\u00f3rias, que busca sinalizar o caminho a esse precioso tesouro. Quinze f\u00e1bulas onde os exemplos narrados s\u00e3o envoltos em ensinamentos pr\u00e1ticos, propostos ao leitor. Nessa vers\u00e3o bil\u00edngue, tanto as crian\u00e7as como os adultos poder\u00e3o iniciar ou praticar o conhecimento do idioma Ingl\u00eas, sendo um incentivo ao seu aprimoramento. Um livro tanto para ser usado no aprendizado da L\u00edngua Portuguesa como da Inglesa.<\/p>\n","protected":false},"excerpt":{"rendered":"<p>A busca da sabedoria \u00e9 como o desejo de querer encontrar um tesouro. Quando a possu\u00edmos, somos mais equilibrados e convictos nas decis\u00f5es cotidianas de nossas vidas. F\u00e1bulas para a Vida \u00e9 um pequeno guia, composto por algumas pequenas hist\u00f3rias, que busca sinalizar o caminho a esse precioso tesouro. Quinze f\u00e1bulas onde os exemplos narrados s\u00e3o envoltos em ensinamentos pr\u00e1ticos, propostos ao leitor. Nessa vers\u00e3o bil\u00edngue, tanto as crian\u00e7as como os adultos poder\u00e3o iniciar ou praticar o conhecimento do idioma Ingl\u00eas, sendo um incentivo ao seu aprimoramento. Um livro tanto para ser usado no aprendizado da L\u00edngua Portuguesa como da Inglesa.<\/p>\n","protected":false},"featured_media":744,"comment_status":"closed","ping_status":"closed","template":"","meta":[],"product_brand":[],"product_cat":[18],"product_tag":[137,152],"class_list":{"0":"post-46","1":"product","2":"type-product","3":"status-publish","4":"has-post-thumbnail","6":"product_cat-debs-editora","7":"product_tag-ate-3o-ano","8":"product_tag-fund-1","10":"first","11":"instock","12":"shipping-taxable","13":"purchasable","14":"product-type-simple"},"_links":{"self":[{"href":"https:\/\/acsi.com.br\/lojavirtual\/wp-json\/wp\/v2\/product\/46","targetHints":{"allow":["GET"]}}],"collection":[{"href":"https:\/\/acsi.com.br\/lojavirtual\/wp-json\/wp\/v2\/product"}],"about":[{"href":"https:\/\/acsi.com.br\/lojavirtual\/wp-json\/wp\/v2\/types\/product"}],"replies":[{"embeddable":true,"href":"https:\/\/acsi.com.br\/lojavirtual\/wp-json\/wp\/v2\/comments?post=46"}],"version-history":[{"count":1,"href":"https:\/\/acsi.com.br\/lojavirtual\/wp-json\/wp\/v2\/product\/46\/revisions"}],"predecessor-version":[{"id":47,"href":"https:\/\/acsi.com.br\/lojavirtual\/wp-json\/wp\/v2\/product\/46\/revisions\/47"}],"wp:featuredmedia":[{"embeddable":true,"href":"https:\/\/acsi.com.br\/lojavirtual\/wp-json\/wp\/v2\/media\/744"}],"wp:attachment":[{"href":"https:\/\/acsi.com.br\/lojavirtual\/wp-json\/wp\/v2\/media?parent=46"}],"wp:term":[{"taxonomy":"product_brand","embeddable":true,"href":"https:\/\/acsi.com.br\/lojavirtual\/wp-json\/wp\/v2\/product_brand?post=46"},{"taxonomy":"product_cat","embeddable":true,"href":"https:\/\/acsi.com.br\/lojavirtual\/wp-json\/wp\/v2\/product_cat?post=46"},{"taxonomy":"product_tag","embeddable":true,"href":"https:\/\/acsi.com.br\/lojavirtual\/wp-json\/wp\/v2\/product_tag?post=46"}],"curies":[{"name":"wp","href":"https:\/\/api.w.org\/{rel}","templated":true}]}}