{"id":457,"date":"2023-08-08T22:03:38","date_gmt":"2023-08-08T22:03:38","guid":{"rendered":"https:\/\/acsi.com.br\/lojavirtual\/?post_type=product&#038;p=457"},"modified":"2026-04-16T20:59:07","modified_gmt":"2026-04-16T23:59:07","slug":"um-dia-muito-mal-humorado","status":"publish","type":"product","link":"https:\/\/acsi.com.br\/lojavirtual\/produto\/um-dia-muito-mal-humorado\/","title":{"rendered":"Um dia muito mal-humorado"},"content":{"rendered":"<p>Uma grande onde de mau humor est\u00e1 se espalhando pela floresta! Come\u00e7a com o urso, aborrece a toupeira&#8230; que se exalta com o ouri\u00e7o, que \u00e9 espinhoso com a raposa. Logo o mau humor do urso deixou todo mundo mal-humorado! ser\u00e1 que um pouquinho de amor pode deixar todos felizes de novo?<\/p>\n","protected":false},"excerpt":{"rendered":"<p>Uma grande onde de mau humor est\u00e1 se espalhando pela floresta! Come\u00e7a com o urso, aborrece a toupeira&#8230; que se exalta com o ouri\u00e7o, que \u00e9 espinhoso com a raposa. Logo o mau humor do urso deixou todo mundo mal-humorado! ser\u00e1 que um pouquinho de amor pode deixar todos felizes de novo?<\/p>\n","protected":false},"featured_media":458,"comment_status":"closed","ping_status":"closed","template":"","meta":[],"product_brand":[],"product_cat":[28],"product_tag":[134,152],"class_list":{"0":"post-457","1":"product","2":"type-product","3":"status-publish","4":"has-post-thumbnail","6":"product_cat-ciranda-cultural","7":"product_tag-ate-1o-ano","8":"product_tag-fund-1","10":"first","11":"instock","12":"shipping-taxable","13":"purchasable","14":"product-type-simple"},"_links":{"self":[{"href":"https:\/\/acsi.com.br\/lojavirtual\/wp-json\/wp\/v2\/product\/457","targetHints":{"allow":["GET"]}}],"collection":[{"href":"https:\/\/acsi.com.br\/lojavirtual\/wp-json\/wp\/v2\/product"}],"about":[{"href":"https:\/\/acsi.com.br\/lojavirtual\/wp-json\/wp\/v2\/types\/product"}],"replies":[{"embeddable":true,"href":"https:\/\/acsi.com.br\/lojavirtual\/wp-json\/wp\/v2\/comments?post=457"}],"version-history":[{"count":1,"href":"https:\/\/acsi.com.br\/lojavirtual\/wp-json\/wp\/v2\/product\/457\/revisions"}],"predecessor-version":[{"id":459,"href":"https:\/\/acsi.com.br\/lojavirtual\/wp-json\/wp\/v2\/product\/457\/revisions\/459"}],"wp:featuredmedia":[{"embeddable":true,"href":"https:\/\/acsi.com.br\/lojavirtual\/wp-json\/wp\/v2\/media\/458"}],"wp:attachment":[{"href":"https:\/\/acsi.com.br\/lojavirtual\/wp-json\/wp\/v2\/media?parent=457"}],"wp:term":[{"taxonomy":"product_brand","embeddable":true,"href":"https:\/\/acsi.com.br\/lojavirtual\/wp-json\/wp\/v2\/product_brand?post=457"},{"taxonomy":"product_cat","embeddable":true,"href":"https:\/\/acsi.com.br\/lojavirtual\/wp-json\/wp\/v2\/product_cat?post=457"},{"taxonomy":"product_tag","embeddable":true,"href":"https:\/\/acsi.com.br\/lojavirtual\/wp-json\/wp\/v2\/product_tag?post=457"}],"curies":[{"name":"wp","href":"https:\/\/api.w.org\/{rel}","templated":true}]}}