{"id":454,"date":"2023-08-08T22:00:46","date_gmt":"2023-08-08T22:00:46","guid":{"rendered":"https:\/\/acsi.com.br\/lojavirtual\/?post_type=product&#038;p=454"},"modified":"2026-05-04T06:07:15","modified_gmt":"2026-05-04T09:07:15","slug":"posso-entrar-no-seu-clube","status":"publish","type":"product","link":"https:\/\/acsi.com.br\/lojavirtual\/produto\/posso-entrar-no-seu-clube\/","title":{"rendered":"Posso entrar no seu clube?"},"content":{"rendered":"<p>O pato quer entrar para um clube. Mas ele n\u00e3o sabe RUGIR como o le\u00e3o, ou BRAMIR como o elefante. O que o pato vai fazer? Voc\u00ea quer entrar para um clube onde todos s\u00e3o bem-vindos? Este livro \u00e9 para voc\u00ea!<\/p>\n","protected":false},"excerpt":{"rendered":"<p>O pato quer entrar para um clube. Mas ele n\u00e3o sabe RUGIR como o le\u00e3o, ou BRAMIR como o elefante. O que o pato vai fazer? Voc\u00ea quer entrar para um clube onde todos s\u00e3o bem-vindos? Este livro \u00e9 para voc\u00ea!<\/p>\n","protected":false},"featured_media":455,"comment_status":"closed","ping_status":"closed","template":"","meta":[],"product_brand":[],"product_cat":[28],"product_tag":[134,152],"class_list":{"0":"post-454","1":"product","2":"type-product","3":"status-publish","4":"has-post-thumbnail","6":"product_cat-ciranda-cultural","7":"product_tag-ate-1o-ano","8":"product_tag-fund-1","10":"first","11":"instock","12":"shipping-taxable","13":"purchasable","14":"product-type-simple"},"_links":{"self":[{"href":"https:\/\/acsi.com.br\/lojavirtual\/wp-json\/wp\/v2\/product\/454","targetHints":{"allow":["GET"]}}],"collection":[{"href":"https:\/\/acsi.com.br\/lojavirtual\/wp-json\/wp\/v2\/product"}],"about":[{"href":"https:\/\/acsi.com.br\/lojavirtual\/wp-json\/wp\/v2\/types\/product"}],"replies":[{"embeddable":true,"href":"https:\/\/acsi.com.br\/lojavirtual\/wp-json\/wp\/v2\/comments?post=454"}],"version-history":[{"count":1,"href":"https:\/\/acsi.com.br\/lojavirtual\/wp-json\/wp\/v2\/product\/454\/revisions"}],"predecessor-version":[{"id":456,"href":"https:\/\/acsi.com.br\/lojavirtual\/wp-json\/wp\/v2\/product\/454\/revisions\/456"}],"wp:featuredmedia":[{"embeddable":true,"href":"https:\/\/acsi.com.br\/lojavirtual\/wp-json\/wp\/v2\/media\/455"}],"wp:attachment":[{"href":"https:\/\/acsi.com.br\/lojavirtual\/wp-json\/wp\/v2\/media?parent=454"}],"wp:term":[{"taxonomy":"product_brand","embeddable":true,"href":"https:\/\/acsi.com.br\/lojavirtual\/wp-json\/wp\/v2\/product_brand?post=454"},{"taxonomy":"product_cat","embeddable":true,"href":"https:\/\/acsi.com.br\/lojavirtual\/wp-json\/wp\/v2\/product_cat?post=454"},{"taxonomy":"product_tag","embeddable":true,"href":"https:\/\/acsi.com.br\/lojavirtual\/wp-json\/wp\/v2\/product_tag?post=454"}],"curies":[{"name":"wp","href":"https:\/\/api.w.org\/{rel}","templated":true}]}}