{"id":448,"date":"2023-08-08T21:39:31","date_gmt":"2023-08-08T21:39:31","guid":{"rendered":"https:\/\/acsi.com.br\/lojavirtual\/?post_type=product&#038;p=448"},"modified":"2026-04-16T20:59:07","modified_gmt":"2026-04-16T23:59:07","slug":"geraldao-o-gigante-gigantao","status":"publish","type":"product","link":"https:\/\/acsi.com.br\/lojavirtual\/produto\/geraldao-o-gigante-gigantao\/","title":{"rendered":"Gerald\u00e3o, o gigante gigant\u00e3o"},"content":{"rendered":"<p>Gerald\u00e3o era t\u00e3o grande, mas t\u00e3o grande, que quando nasceu j\u00e1 recebeu o nome de Gerald\u00e3o. Quando foi para a escola, ele era o maior de todos, o \u00fanico diferente. L\u00e1, ele aprendeu muitas coisas&#8230; mas principalmente a import\u00e2ncia da amizade, e mostrou a todos que seu cora\u00e7\u00e3o era t\u00e3o grande quanto ele!<\/p>\n","protected":false},"excerpt":{"rendered":"<p>Gerald\u00e3o era t\u00e3o grande, mas t\u00e3o grande, que quando nasceu j\u00e1 recebeu o nome de Gerald\u00e3o. Quando foi para a escola, ele era o maior de todos, o \u00fanico diferente. L\u00e1, ele aprendeu muitas coisas&#8230; mas principalmente a import\u00e2ncia da amizade, e mostrou a todos que seu cora\u00e7\u00e3o era t\u00e3o grande quanto ele!<\/p>\n","protected":false},"featured_media":449,"comment_status":"closed","ping_status":"closed","template":"","meta":[],"product_brand":[],"product_cat":[28],"product_tag":[136,152],"class_list":{"0":"post-448","1":"product","2":"type-product","3":"status-publish","4":"has-post-thumbnail","6":"product_cat-ciranda-cultural","7":"product_tag-ate-2o-ano","8":"product_tag-fund-1","10":"first","11":"instock","12":"shipping-taxable","13":"purchasable","14":"product-type-simple"},"_links":{"self":[{"href":"https:\/\/acsi.com.br\/lojavirtual\/wp-json\/wp\/v2\/product\/448","targetHints":{"allow":["GET"]}}],"collection":[{"href":"https:\/\/acsi.com.br\/lojavirtual\/wp-json\/wp\/v2\/product"}],"about":[{"href":"https:\/\/acsi.com.br\/lojavirtual\/wp-json\/wp\/v2\/types\/product"}],"replies":[{"embeddable":true,"href":"https:\/\/acsi.com.br\/lojavirtual\/wp-json\/wp\/v2\/comments?post=448"}],"version-history":[{"count":1,"href":"https:\/\/acsi.com.br\/lojavirtual\/wp-json\/wp\/v2\/product\/448\/revisions"}],"predecessor-version":[{"id":450,"href":"https:\/\/acsi.com.br\/lojavirtual\/wp-json\/wp\/v2\/product\/448\/revisions\/450"}],"wp:featuredmedia":[{"embeddable":true,"href":"https:\/\/acsi.com.br\/lojavirtual\/wp-json\/wp\/v2\/media\/449"}],"wp:attachment":[{"href":"https:\/\/acsi.com.br\/lojavirtual\/wp-json\/wp\/v2\/media?parent=448"}],"wp:term":[{"taxonomy":"product_brand","embeddable":true,"href":"https:\/\/acsi.com.br\/lojavirtual\/wp-json\/wp\/v2\/product_brand?post=448"},{"taxonomy":"product_cat","embeddable":true,"href":"https:\/\/acsi.com.br\/lojavirtual\/wp-json\/wp\/v2\/product_cat?post=448"},{"taxonomy":"product_tag","embeddable":true,"href":"https:\/\/acsi.com.br\/lojavirtual\/wp-json\/wp\/v2\/product_tag?post=448"}],"curies":[{"name":"wp","href":"https:\/\/api.w.org\/{rel}","templated":true}]}}