{"id":445,"date":"2023-08-08T21:16:44","date_gmt":"2023-08-08T21:16:44","guid":{"rendered":"https:\/\/acsi.com.br\/lojavirtual\/?post_type=product&#038;p=445"},"modified":"2026-04-16T20:59:07","modified_gmt":"2026-04-16T23:59:07","slug":"dado-e-ranzinza-e-tem-sua-propria-nuvem-cinza","status":"publish","type":"product","link":"https:\/\/acsi.com.br\/lojavirtual\/produto\/dado-e-ranzinza-e-tem-sua-propria-nuvem-cinza\/","title":{"rendered":"Dad\u00f3 \u00e9 ranzinza e tem sua pr\u00f3pria nuvem cinza"},"content":{"rendered":"<p>Quando Eduardo de n\u00e3o sei do qu\u00ea, de n\u00e3o sei das quantas nasceu, ganhou uma nuvem branquinha de presente. Mas, de tanto Dado reclamar, sua nuvem foi ficando cinza&#8230; Dado passou a ser chamado de Dad\u00f3, de t\u00e3o ranzinza! Mas sempre tem um dia em que tudo pode mudar, quer descobrir? Ent\u00e3o, embarque nessa deliciosa hist\u00f3ria que Faf\u00e1 Conta e Rampazo ilustra.<\/p>\n","protected":false},"excerpt":{"rendered":"<p>Quando Eduardo de n\u00e3o sei do qu\u00ea, de n\u00e3o sei das quantas nasceu, ganhou uma nuvem branquinha de presente. Mas, de tanto Dado reclamar, sua nuvem foi ficando cinza&#8230; Dado passou a ser chamado de Dad\u00f3, de t\u00e3o ranzinza! Mas sempre tem um dia em que tudo pode mudar, quer descobrir? Ent\u00e3o, embarque nessa deliciosa hist\u00f3ria que Faf\u00e1 Conta e Rampazo ilustra.<\/p>\n","protected":false},"featured_media":446,"comment_status":"closed","ping_status":"closed","template":"","meta":[],"product_brand":[],"product_cat":[28],"product_tag":[137,152],"class_list":{"0":"post-445","1":"product","2":"type-product","3":"status-publish","4":"has-post-thumbnail","6":"product_cat-ciranda-cultural","7":"product_tag-ate-3o-ano","8":"product_tag-fund-1","10":"first","11":"instock","12":"shipping-taxable","13":"purchasable","14":"product-type-simple"},"_links":{"self":[{"href":"https:\/\/acsi.com.br\/lojavirtual\/wp-json\/wp\/v2\/product\/445","targetHints":{"allow":["GET"]}}],"collection":[{"href":"https:\/\/acsi.com.br\/lojavirtual\/wp-json\/wp\/v2\/product"}],"about":[{"href":"https:\/\/acsi.com.br\/lojavirtual\/wp-json\/wp\/v2\/types\/product"}],"replies":[{"embeddable":true,"href":"https:\/\/acsi.com.br\/lojavirtual\/wp-json\/wp\/v2\/comments?post=445"}],"version-history":[{"count":1,"href":"https:\/\/acsi.com.br\/lojavirtual\/wp-json\/wp\/v2\/product\/445\/revisions"}],"predecessor-version":[{"id":447,"href":"https:\/\/acsi.com.br\/lojavirtual\/wp-json\/wp\/v2\/product\/445\/revisions\/447"}],"wp:featuredmedia":[{"embeddable":true,"href":"https:\/\/acsi.com.br\/lojavirtual\/wp-json\/wp\/v2\/media\/446"}],"wp:attachment":[{"href":"https:\/\/acsi.com.br\/lojavirtual\/wp-json\/wp\/v2\/media?parent=445"}],"wp:term":[{"taxonomy":"product_brand","embeddable":true,"href":"https:\/\/acsi.com.br\/lojavirtual\/wp-json\/wp\/v2\/product_brand?post=445"},{"taxonomy":"product_cat","embeddable":true,"href":"https:\/\/acsi.com.br\/lojavirtual\/wp-json\/wp\/v2\/product_cat?post=445"},{"taxonomy":"product_tag","embeddable":true,"href":"https:\/\/acsi.com.br\/lojavirtual\/wp-json\/wp\/v2\/product_tag?post=445"}],"curies":[{"name":"wp","href":"https:\/\/api.w.org\/{rel}","templated":true}]}}