{"id":435,"date":"2023-08-08T18:47:10","date_gmt":"2023-08-08T18:47:10","guid":{"rendered":"https:\/\/acsi.com.br\/lojavirtual\/?post_type=product&#038;p=435"},"modified":"2026-04-27T13:26:56","modified_gmt":"2026-04-27T16:26:56","slug":"joao-procura-uma-profissao","status":"publish","type":"product","link":"https:\/\/acsi.com.br\/lojavirtual\/produto\/joao-procura-uma-profissao\/","title":{"rendered":"Jo\u00e3o procura uma profiss\u00e3o"},"content":{"rendered":"<p>Por que as pessoas tanto querem saber o que o Jo\u00e3o vai ser quando crescer?Por que as pessoas n\u00e3o fazem ao Jo\u00e3o perguntas que ele saber\u00e1 responder? De qual sabor de sorvete voc\u00ea gosta mais? Voc\u00ea teria coragem de acampar no meio de uma floresta? Voc\u00ea gosta mais de praia ou piscina? Ah, essas perguntas Jo\u00e3o saberia responder, mas saber o que ele ser\u00e1 quando crescer \u00c9 DIF\u00cdCIL DEMAIS RESPONDER!<\/p>\n","protected":false},"excerpt":{"rendered":"<p>Por que as pessoas tanto querem saber o que o Jo\u00e3o vai ser quando crescer?Por que as pessoas n\u00e3o fazem ao Jo\u00e3o perguntas que ele saber\u00e1 responder? De qual sabor de sorvete voc\u00ea gosta mais? Voc\u00ea teria coragem de acampar no meio de uma floresta? Voc\u00ea gosta mais de praia ou piscina? Ah, essas perguntas Jo\u00e3o saberia responder, mas saber o que ele ser\u00e1 quando crescer \u00c9 DIF\u00cdCIL DEMAIS RESPONDER!<\/p>\n","protected":false},"featured_media":436,"comment_status":"closed","ping_status":"closed","template":"","meta":[],"product_brand":[],"product_cat":[28],"product_tag":[137,152],"class_list":{"0":"post-435","1":"product","2":"type-product","3":"status-publish","4":"has-post-thumbnail","6":"product_cat-ciranda-cultural","7":"product_tag-ate-3o-ano","8":"product_tag-fund-1","10":"first","11":"instock","12":"shipping-taxable","13":"purchasable","14":"product-type-simple"},"_links":{"self":[{"href":"https:\/\/acsi.com.br\/lojavirtual\/wp-json\/wp\/v2\/product\/435","targetHints":{"allow":["GET"]}}],"collection":[{"href":"https:\/\/acsi.com.br\/lojavirtual\/wp-json\/wp\/v2\/product"}],"about":[{"href":"https:\/\/acsi.com.br\/lojavirtual\/wp-json\/wp\/v2\/types\/product"}],"replies":[{"embeddable":true,"href":"https:\/\/acsi.com.br\/lojavirtual\/wp-json\/wp\/v2\/comments?post=435"}],"version-history":[{"count":1,"href":"https:\/\/acsi.com.br\/lojavirtual\/wp-json\/wp\/v2\/product\/435\/revisions"}],"predecessor-version":[{"id":437,"href":"https:\/\/acsi.com.br\/lojavirtual\/wp-json\/wp\/v2\/product\/435\/revisions\/437"}],"wp:featuredmedia":[{"embeddable":true,"href":"https:\/\/acsi.com.br\/lojavirtual\/wp-json\/wp\/v2\/media\/436"}],"wp:attachment":[{"href":"https:\/\/acsi.com.br\/lojavirtual\/wp-json\/wp\/v2\/media?parent=435"}],"wp:term":[{"taxonomy":"product_brand","embeddable":true,"href":"https:\/\/acsi.com.br\/lojavirtual\/wp-json\/wp\/v2\/product_brand?post=435"},{"taxonomy":"product_cat","embeddable":true,"href":"https:\/\/acsi.com.br\/lojavirtual\/wp-json\/wp\/v2\/product_cat?post=435"},{"taxonomy":"product_tag","embeddable":true,"href":"https:\/\/acsi.com.br\/lojavirtual\/wp-json\/wp\/v2\/product_tag?post=435"}],"curies":[{"name":"wp","href":"https:\/\/api.w.org\/{rel}","templated":true}]}}