{"id":421,"date":"2023-08-04T20:32:34","date_gmt":"2023-08-04T20:32:34","guid":{"rendered":"https:\/\/acsi.com.br\/lojavirtual\/?post_type=product&#038;p=421"},"modified":"2026-04-16T20:59:07","modified_gmt":"2026-04-16T23:59:07","slug":"palavra-sagrada-poesia-encantada","status":"publish","type":"product","link":"https:\/\/acsi.com.br\/lojavirtual\/produto\/palavra-sagrada-poesia-encantada\/","title":{"rendered":"Palavra Sagrada Poesia Encantada"},"content":{"rendered":"<p>Em Palavra sagrada Poesia encantada, as crian\u00e7as v\u00e3o ler, em forma de poema, as hist\u00f3rias b\u00edblicas de todos os tempos. O prazer de revisitar lugares e personagens vai marcar a vida das crian\u00e7as e dos adultos nas 30 composi\u00e7\u00f5es do Texto Sagrado apresentadas neste livro. O autor, Paulo Debs, j\u00e1 escreveu e ilustrou diversos livros infantis. Gosta de viver contando hist\u00f3rias, levando os pequeninos ao universo da fantasia a cada conto, canto e poema. Ele acredita que, fazendo isso, a crian\u00e7a vai se tornar uma pessoa melhor, e o mundo, um lugar mais gostoso de viver.<\/p>\n","protected":false},"excerpt":{"rendered":"<p>Em Palavra sagrada Poesia encantada, as crian\u00e7as v\u00e3o ler, em forma de poema, as hist\u00f3rias b\u00edblicas de todos os tempos. O prazer de revisitar lugares e personagens vai marcar a vida das crian\u00e7as e dos adultos nas 30 composi\u00e7\u00f5es do Texto Sagrado apresentadas neste livro. O autor, Paulo Debs, j\u00e1 escreveu e ilustrou diversos livros infantis. Gosta de viver contando hist\u00f3rias, levando os pequeninos ao universo da fantasia a cada conto, canto e poema. Ele acredita que, fazendo isso, a crian\u00e7a vai se tornar uma pessoa melhor, e o mundo, um lugar mais gostoso de viver.<\/p>\n","protected":false},"featured_media":422,"comment_status":"closed","ping_status":"closed","template":"","meta":[],"product_brand":[],"product_cat":[27],"product_tag":[138,152],"class_list":{"0":"post-421","1":"product","2":"type-product","3":"status-publish","4":"has-post-thumbnail","6":"product_cat-editora-vida","7":"product_tag-ate-4o-ano","8":"product_tag-fund-1","10":"first","11":"instock","12":"shipping-taxable","13":"purchasable","14":"product-type-simple"},"_links":{"self":[{"href":"https:\/\/acsi.com.br\/lojavirtual\/wp-json\/wp\/v2\/product\/421","targetHints":{"allow":["GET"]}}],"collection":[{"href":"https:\/\/acsi.com.br\/lojavirtual\/wp-json\/wp\/v2\/product"}],"about":[{"href":"https:\/\/acsi.com.br\/lojavirtual\/wp-json\/wp\/v2\/types\/product"}],"replies":[{"embeddable":true,"href":"https:\/\/acsi.com.br\/lojavirtual\/wp-json\/wp\/v2\/comments?post=421"}],"version-history":[{"count":1,"href":"https:\/\/acsi.com.br\/lojavirtual\/wp-json\/wp\/v2\/product\/421\/revisions"}],"predecessor-version":[{"id":423,"href":"https:\/\/acsi.com.br\/lojavirtual\/wp-json\/wp\/v2\/product\/421\/revisions\/423"}],"wp:featuredmedia":[{"embeddable":true,"href":"https:\/\/acsi.com.br\/lojavirtual\/wp-json\/wp\/v2\/media\/422"}],"wp:attachment":[{"href":"https:\/\/acsi.com.br\/lojavirtual\/wp-json\/wp\/v2\/media?parent=421"}],"wp:term":[{"taxonomy":"product_brand","embeddable":true,"href":"https:\/\/acsi.com.br\/lojavirtual\/wp-json\/wp\/v2\/product_brand?post=421"},{"taxonomy":"product_cat","embeddable":true,"href":"https:\/\/acsi.com.br\/lojavirtual\/wp-json\/wp\/v2\/product_cat?post=421"},{"taxonomy":"product_tag","embeddable":true,"href":"https:\/\/acsi.com.br\/lojavirtual\/wp-json\/wp\/v2\/product_tag?post=421"}],"curies":[{"name":"wp","href":"https:\/\/api.w.org\/{rel}","templated":true}]}}