{"id":415,"date":"2023-08-04T20:28:03","date_gmt":"2023-08-04T20:28:03","guid":{"rendered":"https:\/\/acsi.com.br\/lojavirtual\/?post_type=product&#038;p=415"},"modified":"2026-04-16T20:59:08","modified_gmt":"2026-04-16T23:59:08","slug":"biblia-arte-sacrificio","status":"publish","type":"product","link":"https:\/\/acsi.com.br\/lojavirtual\/produto\/biblia-arte-sacrificio\/","title":{"rendered":"B\u00edblia Arte &#8211; Sacrif\u00edcio"},"content":{"rendered":"<p>Um projeto especial e \u00fanico, a B\u00edblia Arte auxiliar\u00e1 todos os leitores que desejam compreender mais a respeito dos conceitos de Cultura e Arte, bem como a sua rela\u00e7\u00e3o com a F\u00e9 crist\u00e3 e as Sagradas Escrituras. A ideia surgiu da reflex\u00e3o sobre a beleza dos textos sagrados. Poesia, prosa, hist\u00f3rias envolventes e constru\u00e7\u00f5es narrativas inspiradas diretamente por Deus para ensinar a verdade ao mundo. A B\u00edblia Arte surgiu, antes de tudo, de uma contempla\u00e7\u00e3o amorosa das Escrituras. Para complementar esse olhar sobre a arte e a Palavra, o autor e te\u00f3logo Eduardo Medeiros traz um conte\u00fado de apoio que explana sobre a Cultura, a Arte e o Cristianismo de forma peculiar, aprofundando ainda mais a experi\u00eancia de leitura da B\u00edblia Arte &#8211; e a import\u00e2ncia de um olhar cr\u00edtico e evangel\u00edstico sobre esses conceitos. Al\u00e9m disso, cada capa \u00e9 exclusiva e foi criada com uma t\u00e9cnica diferente, representando trechos das escrituras na vis\u00e3o de jovens artistas crist\u00e3os. A B\u00edblia Arte \u00e9 a somat\u00f3ria de manifesta\u00e7\u00f5es art\u00edsticas que exaltam a criatividade de Deus! Uma coedi\u00e7\u00e3o entre a SBB e a Editora 100% Crist\u00e3o, a publica\u00e7\u00e3o vem com texto b\u00edblico na Nova Almeida Atualizada, uma tradu\u00e7\u00e3o cl\u00e1ssica com linguagem atual e em capa dura ilustrada.<\/p>\n","protected":false},"excerpt":{"rendered":"<p>Um projeto especial e \u00fanico, a B\u00edblia Arte auxiliar\u00e1 todos os leitores que desejam compreender mais a respeito dos conceitos de Cultura e Arte, bem como a sua rela\u00e7\u00e3o com a F\u00e9 crist\u00e3 e as Sagradas Escrituras. A ideia surgiu da reflex\u00e3o sobre a beleza dos textos sagrados. Poesia, prosa, hist\u00f3rias envolventes e constru\u00e7\u00f5es narrativas inspiradas diretamente por Deus para ensinar a verdade ao mundo. A B\u00edblia Arte surgiu, antes de tudo, de uma contempla\u00e7\u00e3o amorosa das Escrituras. Para complementar esse olhar sobre a arte e a Palavra, o autor e te\u00f3logo Eduardo Medeiros traz um conte\u00fado de apoio que explana sobre a Cultura, a Arte e o Cristianismo de forma peculiar, aprofundando ainda mais a experi\u00eancia de leitura da B\u00edblia Arte &#8211; e a import\u00e2ncia de um olhar cr\u00edtico e evangel\u00edstico sobre esses conceitos. Al\u00e9m disso, cada capa \u00e9 exclusiva e foi criada com uma t\u00e9cnica diferente, representando trechos das escrituras na vis\u00e3o de jovens artistas crist\u00e3os. A B\u00edblia Arte \u00e9 a somat\u00f3ria de manifesta\u00e7\u00f5es art\u00edsticas que exaltam a criatividade de Deus! Uma coedi\u00e7\u00e3o entre a SBB e a Editora 100% Crist\u00e3o, a publica\u00e7\u00e3o vem com texto b\u00edblico na Nova Almeida Atualizada, uma tradu\u00e7\u00e3o cl\u00e1ssica com linguagem atual e em capa dura ilustrada.<\/p>\n","protected":false},"featured_media":416,"comment_status":"closed","ping_status":"closed","template":"","meta":[],"product_brand":[],"product_cat":[26],"product_tag":[142,140,141],"class_list":{"0":"post-415","1":"product","2":"type-product","3":"status-publish","4":"has-post-thumbnail","6":"product_cat-lion-editora","7":"product_tag-ensino-medio","8":"product_tag-fund-2","9":"product_tag-fund-2-e-medio","11":"first","12":"outofstock","13":"shipping-taxable","14":"purchasable","15":"product-type-simple"},"_links":{"self":[{"href":"https:\/\/acsi.com.br\/lojavirtual\/wp-json\/wp\/v2\/product\/415","targetHints":{"allow":["GET"]}}],"collection":[{"href":"https:\/\/acsi.com.br\/lojavirtual\/wp-json\/wp\/v2\/product"}],"about":[{"href":"https:\/\/acsi.com.br\/lojavirtual\/wp-json\/wp\/v2\/types\/product"}],"replies":[{"embeddable":true,"href":"https:\/\/acsi.com.br\/lojavirtual\/wp-json\/wp\/v2\/comments?post=415"}],"version-history":[{"count":1,"href":"https:\/\/acsi.com.br\/lojavirtual\/wp-json\/wp\/v2\/product\/415\/revisions"}],"predecessor-version":[{"id":417,"href":"https:\/\/acsi.com.br\/lojavirtual\/wp-json\/wp\/v2\/product\/415\/revisions\/417"}],"wp:featuredmedia":[{"embeddable":true,"href":"https:\/\/acsi.com.br\/lojavirtual\/wp-json\/wp\/v2\/media\/416"}],"wp:attachment":[{"href":"https:\/\/acsi.com.br\/lojavirtual\/wp-json\/wp\/v2\/media?parent=415"}],"wp:term":[{"taxonomy":"product_brand","embeddable":true,"href":"https:\/\/acsi.com.br\/lojavirtual\/wp-json\/wp\/v2\/product_brand?post=415"},{"taxonomy":"product_cat","embeddable":true,"href":"https:\/\/acsi.com.br\/lojavirtual\/wp-json\/wp\/v2\/product_cat?post=415"},{"taxonomy":"product_tag","embeddable":true,"href":"https:\/\/acsi.com.br\/lojavirtual\/wp-json\/wp\/v2\/product_tag?post=415"}],"curies":[{"name":"wp","href":"https:\/\/api.w.org\/{rel}","templated":true}]}}