{"id":409,"date":"2023-08-04T20:21:24","date_gmt":"2023-08-04T20:21:24","guid":{"rendered":"https:\/\/acsi.com.br\/lojavirtual\/?post_type=product&#038;p=409"},"modified":"2026-04-16T20:59:08","modified_gmt":"2026-04-16T23:59:08","slug":"licoes-de-poder-o-cristianismo-em-senhor-dos-aneis","status":"publish","type":"product","link":"https:\/\/acsi.com.br\/lojavirtual\/produto\/licoes-de-poder-o-cristianismo-em-senhor-dos-aneis\/","title":{"rendered":"Li\u00e7\u00f5es de poder &#8211; O Cristianismo em Senhor dos An\u00e9is"},"content":{"rendered":"<p>Li\u00e7\u00f5es de Poder \u2013 Cristianismo em O Senhor dos An\u00e9is \u00e9 uma obra que responde uma das grandes d\u00favidas de muitos crist\u00e3os a respeito dos livros de fantasia: \u00e9 poss\u00edvel aprender princ\u00edpios b\u00edblicos por meio deles? O que muitos leitores n\u00e3o sabem \u00e9 a intensa rela\u00e7\u00e3o do autor de O Senhor dos An\u00e9is, J.R.R Tolkien (1892-1973), com a f\u00e9 crist\u00e3 e, por consequ\u00eancia, o uso de v\u00e1rios s\u00edmbolos e elementos do cristianismo no incr\u00edvel universo criado por ele, que \u00e9 um dos mais influentes autores de todos os tempos. Os autores Vinicius A. Miranda e Rafael Soares, este um dos maiores especialistas em Tolkien no Brasil, percorrem essa trilha a partir de sua obra mais conhecida, que originou a trilogia mais premiada da hist\u00f3ria do cinema, O Senhor dos An\u00e9is. Escrito para uma leitura envolvente, abrangente e cheia de surpresas para os f\u00e3s das hist\u00f3rias de Tolkien, os leitores ser\u00e3o contextualizados de como a f\u00e9 crist\u00e3 moldou a sua trajet\u00f3ria, bem como os livros que ele escreveu. Dessa forma, ser\u00e1 poss\u00edvel aprender como os valores crist\u00e3os, mas tamb\u00e9m o pecado e o mal s\u00e3o retratados na obra de Tolkien, e as principais inspira\u00e7\u00f5es b\u00edblicas que aparecem em O Senhor dos An\u00e9is.<\/p>\n","protected":false},"excerpt":{"rendered":"<p>Li\u00e7\u00f5es de Poder \u2013 Cristianismo em O Senhor dos An\u00e9is \u00e9 uma obra que responde uma das grandes d\u00favidas de muitos crist\u00e3os a respeito dos livros de fantasia: \u00e9 poss\u00edvel aprender princ\u00edpios b\u00edblicos por meio deles? O que muitos leitores n\u00e3o sabem \u00e9 a intensa rela\u00e7\u00e3o do autor de O Senhor dos An\u00e9is, J.R.R Tolkien (1892-1973), com a f\u00e9 crist\u00e3 e, por consequ\u00eancia, o uso de v\u00e1rios s\u00edmbolos e elementos do cristianismo no incr\u00edvel universo criado por ele, que \u00e9 um dos mais influentes autores de todos os tempos. Os autores Vinicius A. Miranda e Rafael Soares, este um dos maiores especialistas em Tolkien no Brasil, percorrem essa trilha a partir de sua obra mais conhecida, que originou a trilogia mais premiada da hist\u00f3ria do cinema, O Senhor dos An\u00e9is. Escrito para uma leitura envolvente, abrangente e cheia de surpresas para os f\u00e3s das hist\u00f3rias de Tolkien, os leitores ser\u00e3o contextualizados de como a f\u00e9 crist\u00e3 moldou a sua trajet\u00f3ria, bem como os livros que ele escreveu. Dessa forma, ser\u00e1 poss\u00edvel aprender como os valores crist\u00e3os, mas tamb\u00e9m o pecado e o mal s\u00e3o retratados na obra de Tolkien, e as principais inspira\u00e7\u00f5es b\u00edblicas que aparecem em O Senhor dos An\u00e9is.<\/p>\n<p>&nbsp;<\/p>\n","protected":false},"featured_media":410,"comment_status":"closed","ping_status":"closed","template":"","meta":[],"product_brand":[],"product_cat":[26],"product_tag":[142,140,141],"class_list":{"0":"post-409","1":"product","2":"type-product","3":"status-publish","4":"has-post-thumbnail","6":"product_cat-lion-editora","7":"product_tag-ensino-medio","8":"product_tag-fund-2","9":"product_tag-fund-2-e-medio","11":"first","12":"instock","13":"shipping-taxable","14":"purchasable","15":"product-type-simple"},"_links":{"self":[{"href":"https:\/\/acsi.com.br\/lojavirtual\/wp-json\/wp\/v2\/product\/409","targetHints":{"allow":["GET"]}}],"collection":[{"href":"https:\/\/acsi.com.br\/lojavirtual\/wp-json\/wp\/v2\/product"}],"about":[{"href":"https:\/\/acsi.com.br\/lojavirtual\/wp-json\/wp\/v2\/types\/product"}],"replies":[{"embeddable":true,"href":"https:\/\/acsi.com.br\/lojavirtual\/wp-json\/wp\/v2\/comments?post=409"}],"version-history":[{"count":2,"href":"https:\/\/acsi.com.br\/lojavirtual\/wp-json\/wp\/v2\/product\/409\/revisions"}],"predecessor-version":[{"id":3369,"href":"https:\/\/acsi.com.br\/lojavirtual\/wp-json\/wp\/v2\/product\/409\/revisions\/3369"}],"wp:featuredmedia":[{"embeddable":true,"href":"https:\/\/acsi.com.br\/lojavirtual\/wp-json\/wp\/v2\/media\/410"}],"wp:attachment":[{"href":"https:\/\/acsi.com.br\/lojavirtual\/wp-json\/wp\/v2\/media?parent=409"}],"wp:term":[{"taxonomy":"product_brand","embeddable":true,"href":"https:\/\/acsi.com.br\/lojavirtual\/wp-json\/wp\/v2\/product_brand?post=409"},{"taxonomy":"product_cat","embeddable":true,"href":"https:\/\/acsi.com.br\/lojavirtual\/wp-json\/wp\/v2\/product_cat?post=409"},{"taxonomy":"product_tag","embeddable":true,"href":"https:\/\/acsi.com.br\/lojavirtual\/wp-json\/wp\/v2\/product_tag?post=409"}],"curies":[{"name":"wp","href":"https:\/\/api.w.org\/{rel}","templated":true}]}}