{"id":406,"date":"2023-08-04T20:19:15","date_gmt":"2023-08-04T20:19:15","guid":{"rendered":"https:\/\/acsi.com.br\/lojavirtual\/?post_type=product&#038;p=406"},"modified":"2026-04-24T15:22:58","modified_gmt":"2026-04-24T18:22:58","slug":"o-outro-nome-de-aslam","status":"publish","type":"product","link":"https:\/\/acsi.com.br\/lojavirtual\/produto\/o-outro-nome-de-aslam\/","title":{"rendered":"O outro nome de Aslam"},"content":{"rendered":"<p>&#8220;As Cr\u00f4nicas de N\u00e1rnia&#8221; \u00e9 uma s\u00e9rie de sete romances escrita pelo autor irland\u00eas C. S. Lewis, um dos autores mais influentes do cristianismo contempor\u00e2neo. Desde &#8220;O Peregrino&#8221;, o universo de N\u00e1rnia tornou-se a s\u00e9rie de fic\u00e7\u00e3o crist\u00e3 mais conhecida para os fi\u00e9is, e definitivamente a mais reconhecida pelos n\u00e3o crist\u00e3os. A sua rica simbologia b\u00edblica traz muitas oportunidades de edifica\u00e7\u00e3o pessoal e evangelismo. Conhe\u00e7a tudo a respeito de N\u00e1rnia e C.S. Lewis, nessa obra incr\u00edvel e ilustrada, na linguagem da cultura pop!<\/p>\n","protected":false},"excerpt":{"rendered":"<p>&#8220;As Cr\u00f4nicas de N\u00e1rnia&#8221; \u00e9 uma s\u00e9rie de sete romances escrita pelo autor irland\u00eas C. S. Lewis, um dos autores mais influentes do cristianismo contempor\u00e2neo. Desde &#8220;O Peregrino&#8221;, o universo de N\u00e1rnia tornou-se a s\u00e9rie de fic\u00e7\u00e3o crist\u00e3 mais conhecida para os fi\u00e9is, e definitivamente a mais reconhecida pelos n\u00e3o crist\u00e3os. A sua rica simbologia b\u00edblica traz muitas oportunidades de edifica\u00e7\u00e3o pessoal e evangelismo. Conhe\u00e7a tudo a respeito de N\u00e1rnia e C.S. Lewis, nessa obra incr\u00edvel e ilustrada, na linguagem da cultura pop!<\/p>\n<p>&nbsp;<\/p>\n","protected":false},"featured_media":407,"comment_status":"closed","ping_status":"closed","template":"","meta":[],"product_brand":[],"product_cat":[26],"product_tag":[142,140,141],"class_list":{"0":"post-406","1":"product","2":"type-product","3":"status-publish","4":"has-post-thumbnail","6":"product_cat-lion-editora","7":"product_tag-ensino-medio","8":"product_tag-fund-2","9":"product_tag-fund-2-e-medio","11":"first","12":"instock","13":"shipping-taxable","14":"purchasable","15":"product-type-simple"},"_links":{"self":[{"href":"https:\/\/acsi.com.br\/lojavirtual\/wp-json\/wp\/v2\/product\/406","targetHints":{"allow":["GET"]}}],"collection":[{"href":"https:\/\/acsi.com.br\/lojavirtual\/wp-json\/wp\/v2\/product"}],"about":[{"href":"https:\/\/acsi.com.br\/lojavirtual\/wp-json\/wp\/v2\/types\/product"}],"replies":[{"embeddable":true,"href":"https:\/\/acsi.com.br\/lojavirtual\/wp-json\/wp\/v2\/comments?post=406"}],"version-history":[{"count":1,"href":"https:\/\/acsi.com.br\/lojavirtual\/wp-json\/wp\/v2\/product\/406\/revisions"}],"predecessor-version":[{"id":408,"href":"https:\/\/acsi.com.br\/lojavirtual\/wp-json\/wp\/v2\/product\/406\/revisions\/408"}],"wp:featuredmedia":[{"embeddable":true,"href":"https:\/\/acsi.com.br\/lojavirtual\/wp-json\/wp\/v2\/media\/407"}],"wp:attachment":[{"href":"https:\/\/acsi.com.br\/lojavirtual\/wp-json\/wp\/v2\/media?parent=406"}],"wp:term":[{"taxonomy":"product_brand","embeddable":true,"href":"https:\/\/acsi.com.br\/lojavirtual\/wp-json\/wp\/v2\/product_brand?post=406"},{"taxonomy":"product_cat","embeddable":true,"href":"https:\/\/acsi.com.br\/lojavirtual\/wp-json\/wp\/v2\/product_cat?post=406"},{"taxonomy":"product_tag","embeddable":true,"href":"https:\/\/acsi.com.br\/lojavirtual\/wp-json\/wp\/v2\/product_tag?post=406"}],"curies":[{"name":"wp","href":"https:\/\/api.w.org\/{rel}","templated":true}]}}