{"id":401,"date":"2023-08-04T20:13:56","date_gmt":"2023-08-04T20:13:56","guid":{"rendered":"https:\/\/acsi.com.br\/lojavirtual\/?post_type=product&#038;p=401"},"modified":"2026-04-16T20:59:08","modified_gmt":"2026-04-16T23:59:08","slug":"devocional-40-dias-com-vingadores","status":"publish","type":"product","link":"https:\/\/acsi.com.br\/lojavirtual\/produto\/devocional-40-dias-com-vingadores\/","title":{"rendered":"Devocional 40 dias com Vingadores"},"content":{"rendered":"<p>Eles foram chamados em seu lan\u00e7amento de \u201cOs Her\u00f3is mais poderosos da Terra\u201d. A equipe criada por Stan Lee e Jack Kirby nasceu de uma grande crise, que exigiu um esfor\u00e7o conjunto de unidade e estrat\u00e9gia. Ainda hoje, ap\u00f3s v\u00e1rias d\u00e9cadas e forma\u00e7\u00f5es diferentes, os Vingadores s\u00e3o parte do imagin\u00e1rio de v\u00e1rias gera\u00e7\u00f5es. \u00c9 ineg\u00e1vel o potencial que essa mitologia moderna tem de nos inspirar e refletir sobre as verdades da Palavra de Deus. Escrita por Eduardo Medeiros, autor do best seller \u201cDevocional Pop\u201d, esta obra vai te proporcionar a oportunidade de experimentar as verdades eternas aliadas aos seus her\u00f3is favoritos da casa das ideias. A partir de suas qualidades e defeitos, vamos aprender o que a B\u00edblia fala a respeito de cada um deles, para cada um de n\u00f3s, durante quarenta dias de aventuras e descobertas. Assemble!<\/p>\n","protected":false},"excerpt":{"rendered":"<p>Eles foram chamados em seu lan\u00e7amento de \u201cOs Her\u00f3is mais poderosos da Terra\u201d. A equipe criada por Stan Lee e Jack Kirby nasceu de uma grande crise, que exigiu um esfor\u00e7o conjunto de unidade e estrat\u00e9gia. Ainda hoje, ap\u00f3s v\u00e1rias d\u00e9cadas e forma\u00e7\u00f5es diferentes, os Vingadores s\u00e3o parte do imagin\u00e1rio de v\u00e1rias gera\u00e7\u00f5es. \u00c9 ineg\u00e1vel o potencial que essa mitologia moderna tem de nos inspirar e refletir sobre as verdades da Palavra de Deus. Escrita por Eduardo Medeiros, autor do best seller \u201cDevocional Pop\u201d, esta obra vai te proporcionar a oportunidade de experimentar as verdades eternas aliadas aos seus her\u00f3is favoritos da casa das ideias. A partir de suas qualidades e defeitos, vamos aprender o que a B\u00edblia fala a respeito de cada um deles, para cada um de n\u00f3s, durante quarenta dias de aventuras e descobertas. Assemble!<\/p>\n<p>&nbsp;<\/p>\n","protected":false},"featured_media":402,"comment_status":"closed","ping_status":"closed","template":"","meta":[],"product_brand":[],"product_cat":[26],"product_tag":[142,140,141],"class_list":{"0":"post-401","1":"product","2":"type-product","3":"status-publish","4":"has-post-thumbnail","6":"product_cat-lion-editora","7":"product_tag-ensino-medio","8":"product_tag-fund-2","9":"product_tag-fund-2-e-medio","11":"first","12":"instock","13":"shipping-taxable","14":"purchasable","15":"product-type-simple"},"_links":{"self":[{"href":"https:\/\/acsi.com.br\/lojavirtual\/wp-json\/wp\/v2\/product\/401","targetHints":{"allow":["GET"]}}],"collection":[{"href":"https:\/\/acsi.com.br\/lojavirtual\/wp-json\/wp\/v2\/product"}],"about":[{"href":"https:\/\/acsi.com.br\/lojavirtual\/wp-json\/wp\/v2\/types\/product"}],"replies":[{"embeddable":true,"href":"https:\/\/acsi.com.br\/lojavirtual\/wp-json\/wp\/v2\/comments?post=401"}],"version-history":[{"count":1,"href":"https:\/\/acsi.com.br\/lojavirtual\/wp-json\/wp\/v2\/product\/401\/revisions"}],"predecessor-version":[{"id":403,"href":"https:\/\/acsi.com.br\/lojavirtual\/wp-json\/wp\/v2\/product\/401\/revisions\/403"}],"wp:featuredmedia":[{"embeddable":true,"href":"https:\/\/acsi.com.br\/lojavirtual\/wp-json\/wp\/v2\/media\/402"}],"wp:attachment":[{"href":"https:\/\/acsi.com.br\/lojavirtual\/wp-json\/wp\/v2\/media?parent=401"}],"wp:term":[{"taxonomy":"product_brand","embeddable":true,"href":"https:\/\/acsi.com.br\/lojavirtual\/wp-json\/wp\/v2\/product_brand?post=401"},{"taxonomy":"product_cat","embeddable":true,"href":"https:\/\/acsi.com.br\/lojavirtual\/wp-json\/wp\/v2\/product_cat?post=401"},{"taxonomy":"product_tag","embeddable":true,"href":"https:\/\/acsi.com.br\/lojavirtual\/wp-json\/wp\/v2\/product_tag?post=401"}],"curies":[{"name":"wp","href":"https:\/\/api.w.org\/{rel}","templated":true}]}}