{"id":40,"date":"2023-06-21T01:48:54","date_gmt":"2023-06-21T01:48:54","guid":{"rendered":"https:\/\/acsi.com.br\/lojavirtual\/?post_type=product&#038;p=40"},"modified":"2026-04-16T20:59:35","modified_gmt":"2026-04-16T23:59:35","slug":"pequenas-criancas-grandes-cidades","status":"publish","type":"product","link":"https:\/\/acsi.com.br\/lojavirtual\/produto\/pequenas-criancas-grandes-cidades\/","title":{"rendered":"Pequenas Crian\u00e7as Grandes Cidades"},"content":{"rendered":"<p>Dezesseis poesias inspiradas no cotidiano das crian\u00e7as em meio \u00e0 realidade das grandes cidades. As poesias abordam de forma l\u00fadica e criativa assuntos atuais e de complexidade, como: perseveran\u00e7a, f\u00e9, sa\u00fade, consumismo, luto,\u00a0<em>bullying<\/em>, lixo e outros&#8230; As ilustra\u00e7\u00f5es, com seus diversos detalhes, prop\u00f5em ao leitor o exerc\u00edcio da paci\u00eancia em color\u00ed-las, e dar um toque pessoal ao livro. Acompanham perguntas no rodap\u00e9, propostas a fomentar bate-papo com a crian\u00e7a a respeito dos assuntos contidos nos textos.<\/p>\n","protected":false},"excerpt":{"rendered":"<p>Dezesseis poesias inspiradas no cotidiano das crian\u00e7as em meio \u00e0 realidade das grandes cidades. As poesias abordam de forma l\u00fadica e criativa assuntos atuais e de complexidade, como: perseveran\u00e7a, f\u00e9, sa\u00fade, consumismo, luto,\u00a0<em>bullying<\/em>, lixo e outros&#8230; As ilustra\u00e7\u00f5es, com seus diversos detalhes, prop\u00f5em ao leitor o exerc\u00edcio da paci\u00eancia em color\u00ed-las, e dar um toque pessoal ao livro. Acompanham perguntas no rodap\u00e9, propostas a fomentar bate-papo com a crian\u00e7a a respeito dos assuntos contidos nos textos.<\/p>\n","protected":false},"featured_media":742,"comment_status":"closed","ping_status":"closed","template":"","meta":[],"product_brand":[],"product_cat":[18],"product_tag":[139,152],"class_list":{"0":"post-40","1":"product","2":"type-product","3":"status-publish","4":"has-post-thumbnail","6":"product_cat-debs-editora","7":"product_tag-ate-5o-ano","8":"product_tag-fund-1","10":"first","11":"instock","12":"shipping-taxable","13":"purchasable","14":"product-type-simple"},"_links":{"self":[{"href":"https:\/\/acsi.com.br\/lojavirtual\/wp-json\/wp\/v2\/product\/40","targetHints":{"allow":["GET"]}}],"collection":[{"href":"https:\/\/acsi.com.br\/lojavirtual\/wp-json\/wp\/v2\/product"}],"about":[{"href":"https:\/\/acsi.com.br\/lojavirtual\/wp-json\/wp\/v2\/types\/product"}],"replies":[{"embeddable":true,"href":"https:\/\/acsi.com.br\/lojavirtual\/wp-json\/wp\/v2\/comments?post=40"}],"version-history":[{"count":4,"href":"https:\/\/acsi.com.br\/lojavirtual\/wp-json\/wp\/v2\/product\/40\/revisions"}],"predecessor-version":[{"id":7216,"href":"https:\/\/acsi.com.br\/lojavirtual\/wp-json\/wp\/v2\/product\/40\/revisions\/7216"}],"wp:featuredmedia":[{"embeddable":true,"href":"https:\/\/acsi.com.br\/lojavirtual\/wp-json\/wp\/v2\/media\/742"}],"wp:attachment":[{"href":"https:\/\/acsi.com.br\/lojavirtual\/wp-json\/wp\/v2\/media?parent=40"}],"wp:term":[{"taxonomy":"product_brand","embeddable":true,"href":"https:\/\/acsi.com.br\/lojavirtual\/wp-json\/wp\/v2\/product_brand?post=40"},{"taxonomy":"product_cat","embeddable":true,"href":"https:\/\/acsi.com.br\/lojavirtual\/wp-json\/wp\/v2\/product_cat?post=40"},{"taxonomy":"product_tag","embeddable":true,"href":"https:\/\/acsi.com.br\/lojavirtual\/wp-json\/wp\/v2\/product_tag?post=40"}],"curies":[{"name":"wp","href":"https:\/\/api.w.org\/{rel}","templated":true}]}}