{"id":397,"date":"2023-08-04T20:11:47","date_gmt":"2023-08-04T20:11:47","guid":{"rendered":"https:\/\/acsi.com.br\/lojavirtual\/?post_type=product&#038;p=397"},"modified":"2026-04-16T20:59:08","modified_gmt":"2026-04-16T23:59:08","slug":"devocional-40-dias-no-mundo-dos-games","status":"publish","type":"product","link":"https:\/\/acsi.com.br\/lojavirtual\/produto\/devocional-40-dias-no-mundo-dos-games\/","title":{"rendered":"Devocional 40 Dias no Mundo dos Games"},"content":{"rendered":"<p>Por meio do conceito de gamifica\u00e7\u00e3o, oferecemos um processo inovador de ensino e aprendizagem da Palavra de Deus. \u00c9 poss\u00edvel ler a obra de forma tradicional ou sequencial, mas tamb\u00e9m numa leitura totalmente diferenciada, decifrando c\u00f3digos secretos com diferentes n\u00edveis de dificuldade. Al\u00e9m disso, voc\u00ea encontrar\u00e1 nesse devocional os seus games favoritos de todos os tempos! Os leitores de v\u00e1rias gera\u00e7\u00f5es poder\u00e3o encontrar o Pac-Man, Super Mario ou Sonic. Mas tamb\u00e9m v\u00e3o se deparar com Enduro, Final Fantasy, Street Fighter e muitos outros at\u00e9 Minecraft e Fortnite! Ser\u00e1 que voc\u00ea, caro leitor ou leitora, est\u00e1 preparado para zerar esse jogo?<\/p>\n","protected":false},"excerpt":{"rendered":"<p>Por meio do conceito de gamifica\u00e7\u00e3o, oferecemos um processo inovador de ensino e aprendizagem da Palavra de Deus. \u00c9 poss\u00edvel ler a obra de forma tradicional ou sequencial, mas tamb\u00e9m numa leitura totalmente diferenciada, decifrando c\u00f3digos secretos com diferentes n\u00edveis de dificuldade. Al\u00e9m disso, voc\u00ea encontrar\u00e1 nesse devocional os seus games favoritos de todos os tempos! Os leitores de v\u00e1rias gera\u00e7\u00f5es poder\u00e3o encontrar o Pac-Man, Super Mario ou Sonic. Mas tamb\u00e9m v\u00e3o se deparar com Enduro, Final Fantasy, Street Fighter e muitos outros at\u00e9 Minecraft e Fortnite! Ser\u00e1 que voc\u00ea, caro leitor ou leitora, est\u00e1 preparado para zerar esse jogo?<\/p>\n<p>&nbsp;<\/p>\n","protected":false},"featured_media":398,"comment_status":"closed","ping_status":"closed","template":"","meta":[],"product_brand":[],"product_cat":[26],"product_tag":[142,140,141],"class_list":{"0":"post-397","1":"product","2":"type-product","3":"status-publish","4":"has-post-thumbnail","6":"product_cat-lion-editora","7":"product_tag-ensino-medio","8":"product_tag-fund-2","9":"product_tag-fund-2-e-medio","11":"first","12":"instock","13":"shipping-taxable","14":"purchasable","15":"product-type-simple"},"_links":{"self":[{"href":"https:\/\/acsi.com.br\/lojavirtual\/wp-json\/wp\/v2\/product\/397","targetHints":{"allow":["GET"]}}],"collection":[{"href":"https:\/\/acsi.com.br\/lojavirtual\/wp-json\/wp\/v2\/product"}],"about":[{"href":"https:\/\/acsi.com.br\/lojavirtual\/wp-json\/wp\/v2\/types\/product"}],"replies":[{"embeddable":true,"href":"https:\/\/acsi.com.br\/lojavirtual\/wp-json\/wp\/v2\/comments?post=397"}],"version-history":[{"count":1,"href":"https:\/\/acsi.com.br\/lojavirtual\/wp-json\/wp\/v2\/product\/397\/revisions"}],"predecessor-version":[{"id":399,"href":"https:\/\/acsi.com.br\/lojavirtual\/wp-json\/wp\/v2\/product\/397\/revisions\/399"}],"wp:featuredmedia":[{"embeddable":true,"href":"https:\/\/acsi.com.br\/lojavirtual\/wp-json\/wp\/v2\/media\/398"}],"wp:attachment":[{"href":"https:\/\/acsi.com.br\/lojavirtual\/wp-json\/wp\/v2\/media?parent=397"}],"wp:term":[{"taxonomy":"product_brand","embeddable":true,"href":"https:\/\/acsi.com.br\/lojavirtual\/wp-json\/wp\/v2\/product_brand?post=397"},{"taxonomy":"product_cat","embeddable":true,"href":"https:\/\/acsi.com.br\/lojavirtual\/wp-json\/wp\/v2\/product_cat?post=397"},{"taxonomy":"product_tag","embeddable":true,"href":"https:\/\/acsi.com.br\/lojavirtual\/wp-json\/wp\/v2\/product_tag?post=397"}],"curies":[{"name":"wp","href":"https:\/\/api.w.org\/{rel}","templated":true}]}}