{"id":394,"date":"2023-08-04T20:10:09","date_gmt":"2023-08-04T20:10:09","guid":{"rendered":"https:\/\/acsi.com.br\/lojavirtual\/?post_type=product&#038;p=394"},"modified":"2026-04-16T20:59:08","modified_gmt":"2026-04-16T23:59:08","slug":"devocional-40-dias-com-liga-da-justica","status":"publish","type":"product","link":"https:\/\/acsi.com.br\/lojavirtual\/produto\/devocional-40-dias-com-liga-da-justica\/","title":{"rendered":"Devocional 40 Dias com Liga da Justi\u00e7a"},"content":{"rendered":"<p>A Liga da Justi\u00e7a \u00e9 o primeiro grande grupo de super-her\u00f3is a se popularizar, ainda na d\u00e9cada de 60 nos quadrinhos. A sua forma\u00e7\u00e3o mais conhecida re\u00fane os mais incr\u00edveis e poderosos seres jamais criados, como o Superman, Mulher Maravilha, Batman, Aquaman, Lanterna Verde e Flash. Mas tamb\u00e9m j\u00e1 fizeram parte da equipe infinitos her\u00f3is menos conhecidos, e t\u00e3o igualmente fascinantes. A Liga da Justi\u00e7a conseguiu se estabelecer no imagin\u00e1rio popular por meio do cinema, desenhos animados e muitas outras m\u00eddias.<\/p>\n","protected":false},"excerpt":{"rendered":"<p>A Liga da Justi\u00e7a \u00e9 o primeiro grande grupo de super-her\u00f3is a se popularizar, ainda na d\u00e9cada de 60 nos quadrinhos. A sua forma\u00e7\u00e3o mais conhecida re\u00fane os mais incr\u00edveis e poderosos seres jamais criados, como o Superman, Mulher Maravilha, Batman, Aquaman, Lanterna Verde e Flash. Mas tamb\u00e9m j\u00e1 fizeram parte da equipe infinitos her\u00f3is menos conhecidos, e t\u00e3o igualmente fascinantes. A Liga da Justi\u00e7a conseguiu se estabelecer no imagin\u00e1rio popular por meio do cinema, desenhos animados e muitas outras m\u00eddias.<\/p>\n<p>&nbsp;<\/p>\n","protected":false},"featured_media":395,"comment_status":"closed","ping_status":"closed","template":"","meta":[],"product_brand":[],"product_cat":[26],"product_tag":[142,140,141],"class_list":{"0":"post-394","1":"product","2":"type-product","3":"status-publish","4":"has-post-thumbnail","6":"product_cat-lion-editora","7":"product_tag-ensino-medio","8":"product_tag-fund-2","9":"product_tag-fund-2-e-medio","11":"first","12":"instock","13":"shipping-taxable","14":"purchasable","15":"product-type-simple"},"_links":{"self":[{"href":"https:\/\/acsi.com.br\/lojavirtual\/wp-json\/wp\/v2\/product\/394","targetHints":{"allow":["GET"]}}],"collection":[{"href":"https:\/\/acsi.com.br\/lojavirtual\/wp-json\/wp\/v2\/product"}],"about":[{"href":"https:\/\/acsi.com.br\/lojavirtual\/wp-json\/wp\/v2\/types\/product"}],"replies":[{"embeddable":true,"href":"https:\/\/acsi.com.br\/lojavirtual\/wp-json\/wp\/v2\/comments?post=394"}],"version-history":[{"count":1,"href":"https:\/\/acsi.com.br\/lojavirtual\/wp-json\/wp\/v2\/product\/394\/revisions"}],"predecessor-version":[{"id":396,"href":"https:\/\/acsi.com.br\/lojavirtual\/wp-json\/wp\/v2\/product\/394\/revisions\/396"}],"wp:featuredmedia":[{"embeddable":true,"href":"https:\/\/acsi.com.br\/lojavirtual\/wp-json\/wp\/v2\/media\/395"}],"wp:attachment":[{"href":"https:\/\/acsi.com.br\/lojavirtual\/wp-json\/wp\/v2\/media?parent=394"}],"wp:term":[{"taxonomy":"product_brand","embeddable":true,"href":"https:\/\/acsi.com.br\/lojavirtual\/wp-json\/wp\/v2\/product_brand?post=394"},{"taxonomy":"product_cat","embeddable":true,"href":"https:\/\/acsi.com.br\/lojavirtual\/wp-json\/wp\/v2\/product_cat?post=394"},{"taxonomy":"product_tag","embeddable":true,"href":"https:\/\/acsi.com.br\/lojavirtual\/wp-json\/wp\/v2\/product_tag?post=394"}],"curies":[{"name":"wp","href":"https:\/\/api.w.org\/{rel}","templated":true}]}}