{"id":390,"date":"2023-08-04T20:05:11","date_gmt":"2023-08-04T20:05:11","guid":{"rendered":"https:\/\/acsi.com.br\/lojavirtual\/?post_type=product&#038;p=390"},"modified":"2026-04-16T20:59:08","modified_gmt":"2026-04-16T23:59:08","slug":"devocional-40-dias-com-star-wars","status":"publish","type":"product","link":"https:\/\/acsi.com.br\/lojavirtual\/produto\/devocional-40-dias-com-star-wars\/","title":{"rendered":"Devocional 40 Dias com Star Wars"},"content":{"rendered":"<p>Os filmes da trilogia original de \u201cStar Wars\u201d, que se iniciaram a partir de 1977, inauguraram um novo tempo na ind\u00fastria do cinema mundial. A partir dele, nascia o termo \u201cblockbuster\u201d e as diversas franquias cinematogr\u00e1ficas de \u00eaxito. Mais do que isso, \u201cStar Wars\u201d se estabeleceu como um paradigma da fantasia que se passa numa gal\u00e1xia distante, mas que se comunica por diversas gera\u00e7\u00f5es, de forma universal. Os seus personagens fascinantes e ao mesmo tempo estranhos tamb\u00e9m enfrentam dilemas e problemas como qualquer um de n\u00f3s. Nesse livro, voc\u00ea aprender\u00e1 os princ\u00edpios eternos da palavra de Deus a partir dos personagens mais ic\u00f4nicos da saga em 40 Devocionais que refletem na pessoa de Jesus Cristo. Al\u00e9m disso, um Guia Exclusivo para compreender todas as ramifica\u00e7\u00f5es desse universo incr\u00edvel!<\/p>\n","protected":false},"excerpt":{"rendered":"<p>Os filmes da trilogia original de \u201cStar Wars\u201d, que se iniciaram a partir de 1977, inauguraram um novo tempo na ind\u00fastria do cinema mundial. A partir dele, nascia o termo \u201cblockbuster\u201d e as diversas franquias cinematogr\u00e1ficas de \u00eaxito. Mais do que isso, \u201cStar Wars\u201d se estabeleceu como um paradigma da fantasia que se passa numa gal\u00e1xia distante, mas que se comunica por diversas gera\u00e7\u00f5es, de forma universal. Os seus personagens fascinantes e ao mesmo tempo estranhos tamb\u00e9m enfrentam dilemas e problemas como qualquer um de n\u00f3s. Nesse livro, voc\u00ea aprender\u00e1 os princ\u00edpios eternos da palavra de Deus a partir dos personagens mais ic\u00f4nicos da saga em 40 Devocionais que refletem na pessoa de Jesus Cristo. Al\u00e9m disso, um Guia Exclusivo para compreender todas as ramifica\u00e7\u00f5es desse universo incr\u00edvel!<\/p>\n<p>&nbsp;<\/p>\n","protected":false},"featured_media":392,"comment_status":"closed","ping_status":"closed","template":"","meta":[],"product_brand":[],"product_cat":[26],"product_tag":[142,140,141],"class_list":{"0":"post-390","1":"product","2":"type-product","3":"status-publish","4":"has-post-thumbnail","6":"product_cat-lion-editora","7":"product_tag-ensino-medio","8":"product_tag-fund-2","9":"product_tag-fund-2-e-medio","11":"first","12":"instock","13":"shipping-taxable","14":"purchasable","15":"product-type-simple"},"_links":{"self":[{"href":"https:\/\/acsi.com.br\/lojavirtual\/wp-json\/wp\/v2\/product\/390","targetHints":{"allow":["GET"]}}],"collection":[{"href":"https:\/\/acsi.com.br\/lojavirtual\/wp-json\/wp\/v2\/product"}],"about":[{"href":"https:\/\/acsi.com.br\/lojavirtual\/wp-json\/wp\/v2\/types\/product"}],"replies":[{"embeddable":true,"href":"https:\/\/acsi.com.br\/lojavirtual\/wp-json\/wp\/v2\/comments?post=390"}],"version-history":[{"count":2,"href":"https:\/\/acsi.com.br\/lojavirtual\/wp-json\/wp\/v2\/product\/390\/revisions"}],"predecessor-version":[{"id":2117,"href":"https:\/\/acsi.com.br\/lojavirtual\/wp-json\/wp\/v2\/product\/390\/revisions\/2117"}],"wp:featuredmedia":[{"embeddable":true,"href":"https:\/\/acsi.com.br\/lojavirtual\/wp-json\/wp\/v2\/media\/392"}],"wp:attachment":[{"href":"https:\/\/acsi.com.br\/lojavirtual\/wp-json\/wp\/v2\/media?parent=390"}],"wp:term":[{"taxonomy":"product_brand","embeddable":true,"href":"https:\/\/acsi.com.br\/lojavirtual\/wp-json\/wp\/v2\/product_brand?post=390"},{"taxonomy":"product_cat","embeddable":true,"href":"https:\/\/acsi.com.br\/lojavirtual\/wp-json\/wp\/v2\/product_cat?post=390"},{"taxonomy":"product_tag","embeddable":true,"href":"https:\/\/acsi.com.br\/lojavirtual\/wp-json\/wp\/v2\/product_tag?post=390"}],"curies":[{"name":"wp","href":"https:\/\/api.w.org\/{rel}","templated":true}]}}