{"id":387,"date":"2023-08-04T20:03:25","date_gmt":"2023-08-04T20:03:25","guid":{"rendered":"https:\/\/acsi.com.br\/lojavirtual\/?post_type=product&#038;p=387"},"modified":"2026-04-16T20:59:08","modified_gmt":"2026-04-16T23:59:08","slug":"visao-crista-sobre-educacao-escolar","status":"publish","type":"product","link":"https:\/\/acsi.com.br\/lojavirtual\/produto\/visao-crista-sobre-educacao-escolar\/","title":{"rendered":"Vis\u00e3o Crist\u00e3 Sobre Educa\u00e7\u00e3o Escolar"},"content":{"rendered":"<p>Este \u00e9 um dos livros da nova s\u00e9rie \u201cVis\u00e3o Crist\u00e3 sobre\u2026\u201d, que abordar\u00e1 temas importantes para a f\u00e9 crist\u00e3. Aqui, o tema \u00e9 educa\u00e7\u00e3o de acordo com os padr\u00f5es crist\u00e3os. Solano Portela, com anos de experi\u00eancia no assunto \u2013 gra\u00e7as ao seu trabalho na Universidade Presbiteriana Mackenzie e no Centro de P\u00f3s-Gradua\u00e7\u00e3o Andrew Jumper -, trata dos principais problemas da grade curricular da nossa \u00e9poca, apresentando alternativas coerentes e b\u00edblicas para o ensino.<\/p>\n","protected":false},"excerpt":{"rendered":"<p>Este \u00e9 um dos livros da nova s\u00e9rie \u201cVis\u00e3o Crist\u00e3 sobre\u2026\u201d, que abordar\u00e1 temas importantes para a f\u00e9 crist\u00e3. Aqui, o tema \u00e9 educa\u00e7\u00e3o de acordo com os padr\u00f5es crist\u00e3os. Solano Portela, com anos de experi\u00eancia no assunto \u2013 gra\u00e7as ao seu trabalho na Universidade Presbiteriana Mackenzie e no Centro de P\u00f3s-Gradua\u00e7\u00e3o Andrew Jumper -, trata dos principais problemas da grade curricular da nossa \u00e9poca, apresentando alternativas coerentes e b\u00edblicas para o ensino.<\/p>\n","protected":false},"featured_media":388,"comment_status":"closed","ping_status":"closed","template":"","meta":[],"product_brand":[],"product_cat":[154,24],"product_tag":[],"class_list":{"0":"post-387","1":"product","2":"type-product","3":"status-publish","4":"has-post-thumbnail","6":"product_cat-formacao-profissional","7":"product_cat-visao-crista","9":"first","10":"outofstock","11":"shipping-taxable","12":"purchasable","13":"product-type-simple"},"_links":{"self":[{"href":"https:\/\/acsi.com.br\/lojavirtual\/wp-json\/wp\/v2\/product\/387","targetHints":{"allow":["GET"]}}],"collection":[{"href":"https:\/\/acsi.com.br\/lojavirtual\/wp-json\/wp\/v2\/product"}],"about":[{"href":"https:\/\/acsi.com.br\/lojavirtual\/wp-json\/wp\/v2\/types\/product"}],"replies":[{"embeddable":true,"href":"https:\/\/acsi.com.br\/lojavirtual\/wp-json\/wp\/v2\/comments?post=387"}],"version-history":[{"count":1,"href":"https:\/\/acsi.com.br\/lojavirtual\/wp-json\/wp\/v2\/product\/387\/revisions"}],"predecessor-version":[{"id":389,"href":"https:\/\/acsi.com.br\/lojavirtual\/wp-json\/wp\/v2\/product\/387\/revisions\/389"}],"wp:featuredmedia":[{"embeddable":true,"href":"https:\/\/acsi.com.br\/lojavirtual\/wp-json\/wp\/v2\/media\/388"}],"wp:attachment":[{"href":"https:\/\/acsi.com.br\/lojavirtual\/wp-json\/wp\/v2\/media?parent=387"}],"wp:term":[{"taxonomy":"product_brand","embeddable":true,"href":"https:\/\/acsi.com.br\/lojavirtual\/wp-json\/wp\/v2\/product_brand?post=387"},{"taxonomy":"product_cat","embeddable":true,"href":"https:\/\/acsi.com.br\/lojavirtual\/wp-json\/wp\/v2\/product_cat?post=387"},{"taxonomy":"product_tag","embeddable":true,"href":"https:\/\/acsi.com.br\/lojavirtual\/wp-json\/wp\/v2\/product_tag?post=387"}],"curies":[{"name":"wp","href":"https:\/\/api.w.org\/{rel}","templated":true}]}}