{"id":384,"date":"2023-08-04T20:02:01","date_gmt":"2023-08-04T20:02:01","guid":{"rendered":"https:\/\/acsi.com.br\/lojavirtual\/?post_type=product&#038;p=384"},"modified":"2026-04-28T14:16:24","modified_gmt":"2026-04-28T17:16:24","slug":"a-viatura-do-amor","status":"publish","type":"product","link":"https:\/\/acsi.com.br\/lojavirtual\/produto\/a-viatura-do-amor\/","title":{"rendered":"A Viatura do Amor"},"content":{"rendered":"<p>Neste livro vamos aprender que para hist\u00f3rias improv\u00e1veis Deus tem planos insond\u00e1veis! A hist\u00f3ria desta fam\u00edlia nos ensinar\u00e1 que com ora\u00e7\u00e3o e amor tudo podemos transformar. N\u00e3o importa o que voc\u00ea tem: se Deus lhe confiou uma miss\u00e3o, de bicicleta ou de avi\u00e3o, siga em frente na dire\u00e7\u00e3o, pois o amor Dele sempre ser\u00e1 a solu\u00e7\u00e3o.<\/p>\n","protected":false},"excerpt":{"rendered":"<p>Neste livro vamos aprender que para hist\u00f3rias improv\u00e1veis Deus tem planos insond\u00e1veis! A hist\u00f3ria desta fam\u00edlia nos ensinar\u00e1 que com ora\u00e7\u00e3o e amor tudo podemos transformar. N\u00e3o importa o que voc\u00ea tem: se Deus lhe confiou uma miss\u00e3o, de bicicleta ou de avi\u00e3o, siga em frente na dire\u00e7\u00e3o, pois o amor Dele sempre ser\u00e1 a solu\u00e7\u00e3o.<\/p>\n","protected":false},"featured_media":385,"comment_status":"closed","ping_status":"closed","template":"","meta":[],"product_brand":[],"product_cat":[23],"product_tag":[137,152],"class_list":{"0":"post-384","1":"product","2":"type-product","3":"status-publish","4":"has-post-thumbnail","6":"product_cat-diversao-em-letras","7":"product_tag-ate-3o-ano","8":"product_tag-fund-1","10":"first","11":"instock","12":"shipping-taxable","13":"purchasable","14":"product-type-simple"},"_links":{"self":[{"href":"https:\/\/acsi.com.br\/lojavirtual\/wp-json\/wp\/v2\/product\/384","targetHints":{"allow":["GET"]}}],"collection":[{"href":"https:\/\/acsi.com.br\/lojavirtual\/wp-json\/wp\/v2\/product"}],"about":[{"href":"https:\/\/acsi.com.br\/lojavirtual\/wp-json\/wp\/v2\/types\/product"}],"replies":[{"embeddable":true,"href":"https:\/\/acsi.com.br\/lojavirtual\/wp-json\/wp\/v2\/comments?post=384"}],"version-history":[{"count":1,"href":"https:\/\/acsi.com.br\/lojavirtual\/wp-json\/wp\/v2\/product\/384\/revisions"}],"predecessor-version":[{"id":386,"href":"https:\/\/acsi.com.br\/lojavirtual\/wp-json\/wp\/v2\/product\/384\/revisions\/386"}],"wp:featuredmedia":[{"embeddable":true,"href":"https:\/\/acsi.com.br\/lojavirtual\/wp-json\/wp\/v2\/media\/385"}],"wp:attachment":[{"href":"https:\/\/acsi.com.br\/lojavirtual\/wp-json\/wp\/v2\/media?parent=384"}],"wp:term":[{"taxonomy":"product_brand","embeddable":true,"href":"https:\/\/acsi.com.br\/lojavirtual\/wp-json\/wp\/v2\/product_brand?post=384"},{"taxonomy":"product_cat","embeddable":true,"href":"https:\/\/acsi.com.br\/lojavirtual\/wp-json\/wp\/v2\/product_cat?post=384"},{"taxonomy":"product_tag","embeddable":true,"href":"https:\/\/acsi.com.br\/lojavirtual\/wp-json\/wp\/v2\/product_tag?post=384"}],"curies":[{"name":"wp","href":"https:\/\/api.w.org\/{rel}","templated":true}]}}