{"id":3776,"date":"2024-12-03T15:39:57","date_gmt":"2024-12-03T18:39:57","guid":{"rendered":"https:\/\/acsi.com.br\/lojavirtual\/?post_type=product&#038;p=3776"},"modified":"2026-04-16T20:57:29","modified_gmt":"2026-04-16T23:57:29","slug":"projeto-de-leitura-7o-ano","status":"publish","type":"product","link":"https:\/\/acsi.com.br\/lojavirtual\/produto\/projeto-de-leitura-7o-ano\/","title":{"rendered":"Projeto de Leitura &#8211; 7\u00ba ano"},"content":{"rendered":"<p>O Projeto de Leitura do 6\u00ba ao 9\u00ba ano consiste em fichas de leitura que visam diversificar os g\u00eaneros liter\u00e1rios lidos, estimulando o h\u00e1bito da leitura e melhorando a forma\u00e7\u00e3o intelectual dos estudantes. Cada ficha \u00e9 \u00fanica e aborda diferentes aspectos do texto, personagens, enredo e foco narrativo, e ao final do projeto, o estudante ter\u00e1 lido 20 t\u00edtulos diferentes.<\/p>\n","protected":false},"excerpt":{"rendered":"<p>O Projeto de Leitura do 6\u00ba ao 9\u00ba ano consiste em fichas de leitura que visam diversificar os g\u00eaneros liter\u00e1rios lidos, estimulando o h\u00e1bito da leitura e melhorando a forma\u00e7\u00e3o intelectual dos estudantes. Cada ficha \u00e9 \u00fanica e aborda diferentes aspectos do texto, personagens, enredo e foco narrativo, e ao final do projeto, o estudante ter\u00e1 lido 20 t\u00edtulos diferentes.<\/p>\n","protected":false},"featured_media":3777,"comment_status":"closed","ping_status":"closed","template":"","meta":[],"product_brand":[],"product_cat":[143,19],"product_tag":[255],"class_list":{"0":"post-3776","1":"product","2":"type-product","3":"status-publish","4":"has-post-thumbnail","6":"product_cat-didaticos","7":"product_cat-pack-educacional","8":"product_tag-7o-ano","10":"first","11":"onbackorder","12":"shipping-taxable","13":"product-type-simple"},"_links":{"self":[{"href":"https:\/\/acsi.com.br\/lojavirtual\/wp-json\/wp\/v2\/product\/3776","targetHints":{"allow":["GET"]}}],"collection":[{"href":"https:\/\/acsi.com.br\/lojavirtual\/wp-json\/wp\/v2\/product"}],"about":[{"href":"https:\/\/acsi.com.br\/lojavirtual\/wp-json\/wp\/v2\/types\/product"}],"replies":[{"embeddable":true,"href":"https:\/\/acsi.com.br\/lojavirtual\/wp-json\/wp\/v2\/comments?post=3776"}],"version-history":[{"count":1,"href":"https:\/\/acsi.com.br\/lojavirtual\/wp-json\/wp\/v2\/product\/3776\/revisions"}],"predecessor-version":[{"id":3778,"href":"https:\/\/acsi.com.br\/lojavirtual\/wp-json\/wp\/v2\/product\/3776\/revisions\/3778"}],"wp:featuredmedia":[{"embeddable":true,"href":"https:\/\/acsi.com.br\/lojavirtual\/wp-json\/wp\/v2\/media\/3777"}],"wp:attachment":[{"href":"https:\/\/acsi.com.br\/lojavirtual\/wp-json\/wp\/v2\/media?parent=3776"}],"wp:term":[{"taxonomy":"product_brand","embeddable":true,"href":"https:\/\/acsi.com.br\/lojavirtual\/wp-json\/wp\/v2\/product_brand?post=3776"},{"taxonomy":"product_cat","embeddable":true,"href":"https:\/\/acsi.com.br\/lojavirtual\/wp-json\/wp\/v2\/product_cat?post=3776"},{"taxonomy":"product_tag","embeddable":true,"href":"https:\/\/acsi.com.br\/lojavirtual\/wp-json\/wp\/v2\/product_tag?post=3776"}],"curies":[{"name":"wp","href":"https:\/\/api.w.org\/{rel}","templated":true}]}}