{"id":3770,"date":"2024-12-03T15:31:23","date_gmt":"2024-12-03T18:31:23","guid":{"rendered":"https:\/\/acsi.com.br\/lojavirtual\/?post_type=product&#038;p=3770"},"modified":"2026-04-16T20:57:30","modified_gmt":"2026-04-16T23:57:30","slug":"jogo-biblico-blaze","status":"publish","type":"product","link":"https:\/\/acsi.com.br\/lojavirtual\/produto\/jogo-biblico-blaze\/","title":{"rendered":"Jogo B\u00edblico: Blaze"},"content":{"rendered":"<p>Blaze \u00e9 um jogo de observa\u00e7\u00e3o r\u00e1pida e reflexos \u00e1geis onde os jogadores competem para encontrar s\u00edmbolos com conex\u00f5es b\u00edblicas. Que ven\u00e7a o mais r\u00e1pido!<\/p>\n","protected":false},"excerpt":{"rendered":"<p>Blaze \u00e9 um jogo de observa\u00e7\u00e3o r\u00e1pida e reflexos \u00e1geis onde os jogadores competem para encontrar s\u00edmbolos com conex\u00f5es b\u00edblicas. Que ven\u00e7a o mais r\u00e1pido!<\/p>\n","protected":false},"featured_media":3771,"comment_status":"closed","ping_status":"closed","template":"","meta":[],"product_brand":[],"product_cat":[251,19],"product_tag":[152,247],"class_list":{"0":"post-3770","1":"product","2":"type-product","3":"status-publish","4":"has-post-thumbnail","6":"product_cat-jogos","7":"product_cat-pack-educacional","8":"product_tag-fund-1","9":"product_tag-fund-2-e-adultos","11":"first","12":"outofstock","13":"shipping-taxable","14":"purchasable","15":"product-type-simple"},"_links":{"self":[{"href":"https:\/\/acsi.com.br\/lojavirtual\/wp-json\/wp\/v2\/product\/3770","targetHints":{"allow":["GET"]}}],"collection":[{"href":"https:\/\/acsi.com.br\/lojavirtual\/wp-json\/wp\/v2\/product"}],"about":[{"href":"https:\/\/acsi.com.br\/lojavirtual\/wp-json\/wp\/v2\/types\/product"}],"replies":[{"embeddable":true,"href":"https:\/\/acsi.com.br\/lojavirtual\/wp-json\/wp\/v2\/comments?post=3770"}],"version-history":[{"count":1,"href":"https:\/\/acsi.com.br\/lojavirtual\/wp-json\/wp\/v2\/product\/3770\/revisions"}],"predecessor-version":[{"id":3772,"href":"https:\/\/acsi.com.br\/lojavirtual\/wp-json\/wp\/v2\/product\/3770\/revisions\/3772"}],"wp:featuredmedia":[{"embeddable":true,"href":"https:\/\/acsi.com.br\/lojavirtual\/wp-json\/wp\/v2\/media\/3771"}],"wp:attachment":[{"href":"https:\/\/acsi.com.br\/lojavirtual\/wp-json\/wp\/v2\/media?parent=3770"}],"wp:term":[{"taxonomy":"product_brand","embeddable":true,"href":"https:\/\/acsi.com.br\/lojavirtual\/wp-json\/wp\/v2\/product_brand?post=3770"},{"taxonomy":"product_cat","embeddable":true,"href":"https:\/\/acsi.com.br\/lojavirtual\/wp-json\/wp\/v2\/product_cat?post=3770"},{"taxonomy":"product_tag","embeddable":true,"href":"https:\/\/acsi.com.br\/lojavirtual\/wp-json\/wp\/v2\/product_tag?post=3770"}],"curies":[{"name":"wp","href":"https:\/\/api.w.org\/{rel}","templated":true}]}}