{"id":375,"date":"2023-08-04T19:57:15","date_gmt":"2023-08-04T19:57:15","guid":{"rendered":"https:\/\/acsi.com.br\/lojavirtual\/?post_type=product&#038;p=375"},"modified":"2026-04-16T20:59:08","modified_gmt":"2026-04-16T23:59:08","slug":"as-aventuras-de-joca-e-charquito","status":"publish","type":"product","link":"https:\/\/acsi.com.br\/lojavirtual\/produto\/as-aventuras-de-joca-e-charquito\/","title":{"rendered":"As aventuras de Joca e Charquito"},"content":{"rendered":"<p>Este livro conta a hist\u00f3ria real de um mission\u00e1rio que, com a mochila sempre pronta, espalhava generosidade por onde andava. Com seu gato Charquito, grandes aventuras pelo mundo encontrou e assim nos ensinou que n\u00e3o existe idade certa para o chamado de Deus realizar. N\u00e3o importa a idade que voc\u00ea tem, Deus quer us\u00e1-lo como mission\u00e1rio a proclamar o grande amor que s\u00f3 ele pode dar. Acredite: a hist\u00f3ria de Joca vai emocion\u00e1-lo!<\/p>\n","protected":false},"excerpt":{"rendered":"<p>Este livro conta a hist\u00f3ria real de um mission\u00e1rio que, com a mochila sempre pronta, espalhava generosidade por onde andava. Com seu gato Charquito, grandes aventuras pelo mundo encontrou e assim nos ensinou que n\u00e3o existe idade certa para o chamado de Deus realizar. N\u00e3o importa a idade que voc\u00ea tem, Deus quer us\u00e1-lo como mission\u00e1rio a proclamar o grande amor que s\u00f3 ele pode dar. Acredite: a hist\u00f3ria de Joca vai emocion\u00e1-lo!<\/p>\n","protected":false},"featured_media":376,"comment_status":"closed","ping_status":"closed","template":"","meta":[],"product_brand":[],"product_cat":[23],"product_tag":[137,152],"class_list":{"0":"post-375","1":"product","2":"type-product","3":"status-publish","4":"has-post-thumbnail","6":"product_cat-diversao-em-letras","7":"product_tag-ate-3o-ano","8":"product_tag-fund-1","10":"first","11":"instock","12":"shipping-taxable","13":"purchasable","14":"product-type-simple"},"_links":{"self":[{"href":"https:\/\/acsi.com.br\/lojavirtual\/wp-json\/wp\/v2\/product\/375","targetHints":{"allow":["GET"]}}],"collection":[{"href":"https:\/\/acsi.com.br\/lojavirtual\/wp-json\/wp\/v2\/product"}],"about":[{"href":"https:\/\/acsi.com.br\/lojavirtual\/wp-json\/wp\/v2\/types\/product"}],"replies":[{"embeddable":true,"href":"https:\/\/acsi.com.br\/lojavirtual\/wp-json\/wp\/v2\/comments?post=375"}],"version-history":[{"count":2,"href":"https:\/\/acsi.com.br\/lojavirtual\/wp-json\/wp\/v2\/product\/375\/revisions"}],"predecessor-version":[{"id":7351,"href":"https:\/\/acsi.com.br\/lojavirtual\/wp-json\/wp\/v2\/product\/375\/revisions\/7351"}],"wp:featuredmedia":[{"embeddable":true,"href":"https:\/\/acsi.com.br\/lojavirtual\/wp-json\/wp\/v2\/media\/376"}],"wp:attachment":[{"href":"https:\/\/acsi.com.br\/lojavirtual\/wp-json\/wp\/v2\/media?parent=375"}],"wp:term":[{"taxonomy":"product_brand","embeddable":true,"href":"https:\/\/acsi.com.br\/lojavirtual\/wp-json\/wp\/v2\/product_brand?post=375"},{"taxonomy":"product_cat","embeddable":true,"href":"https:\/\/acsi.com.br\/lojavirtual\/wp-json\/wp\/v2\/product_cat?post=375"},{"taxonomy":"product_tag","embeddable":true,"href":"https:\/\/acsi.com.br\/lojavirtual\/wp-json\/wp\/v2\/product_tag?post=375"}],"curies":[{"name":"wp","href":"https:\/\/api.w.org\/{rel}","templated":true}]}}