{"id":3693,"date":"2024-11-14T15:40:31","date_gmt":"2024-11-14T18:40:31","guid":{"rendered":"https:\/\/acsi.com.br\/lojavirtual\/?post_type=product&#038;p=3693"},"modified":"2026-04-24T16:45:33","modified_gmt":"2026-04-24T19:45:33","slug":"os-descolados","status":"publish","type":"product","link":"https:\/\/acsi.com.br\/lojavirtual\/produto\/os-descolados\/","title":{"rendered":"Os Descolados"},"content":{"rendered":"<p>Th\u00e9o foi considerado o aluno destaque nos esportes, e Rafa percebeu que os alunos estavam se aproximando dele e a deixando de lado. E para n\u00e3o perder o seu reinado, o seu t\u00edtulo de lideran\u00e7a do grupo, teve uma brilhante ideia para mostrar que ela \u00e9 a mais importante de toda a turma. Adesivos descolados era o nome da nova modinha que Rafa criou, e n\u00e3o demorou muito para o movimento crescer dentro da escola. Muitos alunos entraram na modinha.<br \/>\nTh\u00e9o fol conversar com a Rafa pois queria muito entrar para o grupo dos descolados, mas Rafa acabou impondo outras regras a ele. O esportista n\u00e3o gostou muito das ordens dadas por Rafa, pois ele teria que perder em todos os jogos durante as aulas de Educa\u00e7\u00e3o F\u00edsica. Cheio de d\u00favidas em sua cabe\u00e7a, ele saiu triste pensando se estaria disposto a obedecer \u00e0s ordens de Rafa.<\/p>\n","protected":false},"excerpt":{"rendered":"<p>Th\u00e9o foi considerado o aluno destaque nos esportes, e Rafa percebeu que os alunos estavam se aproximando dele e a deixando de lado. E para n\u00e3o perder o seu reinado, o seu t\u00edtulo de lideran\u00e7a do grupo, teve uma brilhante ideia para mostrar que ela \u00e9 a mais importante de toda a turma. Adesivos descolados era o nome da nova modinha que Rafa criou, e n\u00e3o demorou muito para o movimento crescer dentro da escola. Muitos alunos entraram na modinha.<br \/>\nTh\u00e9o fol conversar com a Rafa pois queria muito entrar para o grupo dos descolados, mas Rafa acabou impondo outras regras a ele. O esportista n\u00e3o gostou muito das ordens dadas por Rafa, pois ele teria que perder em todos os jogos durante as aulas de Educa\u00e7\u00e3o F\u00edsica. Cheio de d\u00favidas em sua cabe\u00e7a, ele saiu triste pensando se estaria disposto a obedecer \u00e0s ordens de Rafa.<\/p>\n","protected":false},"featured_media":3679,"comment_status":"closed","ping_status":"closed","template":"","meta":[],"product_brand":[],"product_cat":[239],"product_tag":[176],"class_list":{"0":"post-3693","1":"product","2":"type-product","3":"status-publish","4":"has-post-thumbnail","6":"product_cat-editora-publicacoes-f","7":"product_tag-2o-ao-4o-ano","9":"first","10":"instock","11":"featured","12":"shipping-taxable","13":"purchasable","14":"product-type-simple"},"_links":{"self":[{"href":"https:\/\/acsi.com.br\/lojavirtual\/wp-json\/wp\/v2\/product\/3693","targetHints":{"allow":["GET"]}}],"collection":[{"href":"https:\/\/acsi.com.br\/lojavirtual\/wp-json\/wp\/v2\/product"}],"about":[{"href":"https:\/\/acsi.com.br\/lojavirtual\/wp-json\/wp\/v2\/types\/product"}],"replies":[{"embeddable":true,"href":"https:\/\/acsi.com.br\/lojavirtual\/wp-json\/wp\/v2\/comments?post=3693"}],"version-history":[{"count":1,"href":"https:\/\/acsi.com.br\/lojavirtual\/wp-json\/wp\/v2\/product\/3693\/revisions"}],"predecessor-version":[{"id":3695,"href":"https:\/\/acsi.com.br\/lojavirtual\/wp-json\/wp\/v2\/product\/3693\/revisions\/3695"}],"wp:featuredmedia":[{"embeddable":true,"href":"https:\/\/acsi.com.br\/lojavirtual\/wp-json\/wp\/v2\/media\/3679"}],"wp:attachment":[{"href":"https:\/\/acsi.com.br\/lojavirtual\/wp-json\/wp\/v2\/media?parent=3693"}],"wp:term":[{"taxonomy":"product_brand","embeddable":true,"href":"https:\/\/acsi.com.br\/lojavirtual\/wp-json\/wp\/v2\/product_brand?post=3693"},{"taxonomy":"product_cat","embeddable":true,"href":"https:\/\/acsi.com.br\/lojavirtual\/wp-json\/wp\/v2\/product_cat?post=3693"},{"taxonomy":"product_tag","embeddable":true,"href":"https:\/\/acsi.com.br\/lojavirtual\/wp-json\/wp\/v2\/product_tag?post=3693"}],"curies":[{"name":"wp","href":"https:\/\/api.w.org\/{rel}","templated":true}]}}