{"id":3692,"date":"2024-11-14T15:39:56","date_gmt":"2024-11-14T18:39:56","guid":{"rendered":"https:\/\/acsi.com.br\/lojavirtual\/?post_type=product&#038;p=3692"},"modified":"2026-04-27T00:31:53","modified_gmt":"2026-04-27T03:31:53","slug":"os-tinos-em-diario-das-emocoes","status":"publish","type":"product","link":"https:\/\/acsi.com.br\/lojavirtual\/produto\/os-tinos-em-diario-das-emocoes\/","title":{"rendered":"Os Tinos em: Di\u00e1rio das Emo\u00e7\u00f5es"},"content":{"rendered":"<p>Foi surgindo um novo amanhecer e, com ele, muitas oportunidades de se aventurar pela floresta. E Guga, como sempre, queria aproveitar ao m\u00e1ximo seu dia, mas teve pregui\u00e7a para levantar-se da cama. Durante o dia, Guga p\u00f4de observar diversos sentimentos em seu cora\u00e7\u00e3o. Em alguns momentos at\u00e9 sentiu um mix de emo\u00e7\u00f5es. E o que ele fez com cada uma delas? Ser\u00e1 que ele soube se controlar ou foi dominado por elas? Por\u00e9m, no final do dia, Guga decidiu visitar o Sr. Salom\u00e3o e aprendeu a se conhecer melhor, usando o IR3.<\/p>\n","protected":false},"excerpt":{"rendered":"<p>Foi surgindo um novo amanhecer e, com ele, muitas oportunidades de se aventurar pela floresta. E Guga, como sempre, queria aproveitar ao m\u00e1ximo seu dia, mas teve pregui\u00e7a para levantar-se da cama. Durante o dia, Guga p\u00f4de observar diversos sentimentos em seu cora\u00e7\u00e3o. Em alguns momentos at\u00e9 sentiu um mix de emo\u00e7\u00f5es. E o que ele fez com cada uma delas? Ser\u00e1 que ele soube se controlar ou foi dominado por elas? Por\u00e9m, no final do dia, Guga decidiu visitar o Sr. Salom\u00e3o e aprendeu a se conhecer melhor, usando o IR3.<\/p>\n","protected":false},"featured_media":3682,"comment_status":"closed","ping_status":"closed","template":"","meta":[],"product_brand":[],"product_cat":[239],"product_tag":[182],"class_list":{"0":"post-3692","1":"product","2":"type-product","3":"status-publish","4":"has-post-thumbnail","6":"product_cat-editora-publicacoes-f","7":"product_tag-2o-e-3o-ano","9":"first","10":"instock","11":"featured","12":"shipping-taxable","13":"purchasable","14":"product-type-simple"},"_links":{"self":[{"href":"https:\/\/acsi.com.br\/lojavirtual\/wp-json\/wp\/v2\/product\/3692","targetHints":{"allow":["GET"]}}],"collection":[{"href":"https:\/\/acsi.com.br\/lojavirtual\/wp-json\/wp\/v2\/product"}],"about":[{"href":"https:\/\/acsi.com.br\/lojavirtual\/wp-json\/wp\/v2\/types\/product"}],"replies":[{"embeddable":true,"href":"https:\/\/acsi.com.br\/lojavirtual\/wp-json\/wp\/v2\/comments?post=3692"}],"version-history":[{"count":1,"href":"https:\/\/acsi.com.br\/lojavirtual\/wp-json\/wp\/v2\/product\/3692\/revisions"}],"predecessor-version":[{"id":3694,"href":"https:\/\/acsi.com.br\/lojavirtual\/wp-json\/wp\/v2\/product\/3692\/revisions\/3694"}],"wp:featuredmedia":[{"embeddable":true,"href":"https:\/\/acsi.com.br\/lojavirtual\/wp-json\/wp\/v2\/media\/3682"}],"wp:attachment":[{"href":"https:\/\/acsi.com.br\/lojavirtual\/wp-json\/wp\/v2\/media?parent=3692"}],"wp:term":[{"taxonomy":"product_brand","embeddable":true,"href":"https:\/\/acsi.com.br\/lojavirtual\/wp-json\/wp\/v2\/product_brand?post=3692"},{"taxonomy":"product_cat","embeddable":true,"href":"https:\/\/acsi.com.br\/lojavirtual\/wp-json\/wp\/v2\/product_cat?post=3692"},{"taxonomy":"product_tag","embeddable":true,"href":"https:\/\/acsi.com.br\/lojavirtual\/wp-json\/wp\/v2\/product_tag?post=3692"}],"curies":[{"name":"wp","href":"https:\/\/api.w.org\/{rel}","templated":true}]}}