{"id":3690,"date":"2024-11-14T15:38:15","date_gmt":"2024-11-14T18:38:15","guid":{"rendered":"https:\/\/acsi.com.br\/lojavirtual\/?post_type=product&#038;p=3690"},"modified":"2026-04-01T10:36:58","modified_gmt":"2026-04-01T13:36:58","slug":"o-proposito-de-benicio","status":"publish","type":"product","link":"https:\/\/acsi.com.br\/lojavirtual\/produto\/o-proposito-de-benicio\/","title":{"rendered":"O Prop\u00f3sito de Ben\u00edcio"},"content":{"rendered":"<p>Ben\u00edcio foi criado pelo senhor Ant\u00f4nio com um prop\u00f3sito espec\u00edfico: propagar o lindo som que ouvia todas as manh\u00e3s, mas algo inesperado aconteceu, ele foi transformado em um vaso com listras amarelas e azuis. Descubra agora o que vai acontecer para que Ben\u00edcio consiga cumprir seu prop\u00f3sito.<\/p>\n","protected":false},"excerpt":{"rendered":"<p>Ben\u00edcio foi criado pelo senhor Ant\u00f4nio com um prop\u00f3sito espec\u00edfico: propagar o lindo som que ouvia todas as manh\u00e3s, mas algo inesperado aconteceu, ele foi transformado em um vaso com listras amarelas e azuis. Descubra agora o que vai acontecer para que Ben\u00edcio consiga cumprir seu prop\u00f3sito.<\/p>\n","protected":false},"featured_media":3683,"comment_status":"open","ping_status":"closed","template":"","meta":[],"product_brand":[],"product_cat":[239],"product_tag":[182],"class_list":{"0":"post-3690","1":"product","2":"type-product","3":"status-publish","4":"has-post-thumbnail","6":"product_cat-editora-publicacoes-f","7":"product_tag-2o-e-3o-ano","9":"first","10":"instock","11":"featured","12":"shipping-taxable","13":"purchasable","14":"product-type-simple"},"_links":{"self":[{"href":"https:\/\/acsi.com.br\/lojavirtual\/wp-json\/wp\/v2\/product\/3690","targetHints":{"allow":["GET"]}}],"collection":[{"href":"https:\/\/acsi.com.br\/lojavirtual\/wp-json\/wp\/v2\/product"}],"about":[{"href":"https:\/\/acsi.com.br\/lojavirtual\/wp-json\/wp\/v2\/types\/product"}],"replies":[{"embeddable":true,"href":"https:\/\/acsi.com.br\/lojavirtual\/wp-json\/wp\/v2\/comments?post=3690"}],"version-history":[{"count":1,"href":"https:\/\/acsi.com.br\/lojavirtual\/wp-json\/wp\/v2\/product\/3690\/revisions"}],"predecessor-version":[{"id":3691,"href":"https:\/\/acsi.com.br\/lojavirtual\/wp-json\/wp\/v2\/product\/3690\/revisions\/3691"}],"wp:featuredmedia":[{"embeddable":true,"href":"https:\/\/acsi.com.br\/lojavirtual\/wp-json\/wp\/v2\/media\/3683"}],"wp:attachment":[{"href":"https:\/\/acsi.com.br\/lojavirtual\/wp-json\/wp\/v2\/media?parent=3690"}],"wp:term":[{"taxonomy":"product_brand","embeddable":true,"href":"https:\/\/acsi.com.br\/lojavirtual\/wp-json\/wp\/v2\/product_brand?post=3690"},{"taxonomy":"product_cat","embeddable":true,"href":"https:\/\/acsi.com.br\/lojavirtual\/wp-json\/wp\/v2\/product_cat?post=3690"},{"taxonomy":"product_tag","embeddable":true,"href":"https:\/\/acsi.com.br\/lojavirtual\/wp-json\/wp\/v2\/product_tag?post=3690"}],"curies":[{"name":"wp","href":"https:\/\/api.w.org\/{rel}","templated":true}]}}