{"id":369,"date":"2023-08-04T19:53:35","date_gmt":"2023-08-04T19:53:35","guid":{"rendered":"https:\/\/acsi.com.br\/lojavirtual\/?post_type=product&#038;p=369"},"modified":"2026-04-16T20:59:08","modified_gmt":"2026-04-16T23:59:08","slug":"a-grande-colheita","status":"publish","type":"product","link":"https:\/\/acsi.com.br\/lojavirtual\/produto\/a-grande-colheita\/","title":{"rendered":"A grande colheita"},"content":{"rendered":"<p>A hist\u00f3ria real dessa garotinha nos surpreender\u00e1: de engenheira a mission\u00e1ria ela se tornar\u00e1. L\u00edvia decidiu sua vida dedicar para anunciar a jovens sobre o Rei que logo vir\u00e1. Seja por palavras ou atitudes, independente da ocasi\u00e3o, tudo muda quando voc\u00ea muda e coloca Deus na situa\u00e7\u00e3o. Em casa ou na escola, pare para pensar: sempre podemos semear na escola da vida e a grande colheita esperar com muita alegria.<\/p>\n","protected":false},"excerpt":{"rendered":"<p>A hist\u00f3ria real dessa garotinha nos surpreender\u00e1: de engenheira a mission\u00e1ria ela se tornar\u00e1. L\u00edvia decidiu sua vida dedicar para anunciar a jovens sobre o Rei que logo vir\u00e1. Seja por palavras ou atitudes, independente da ocasi\u00e3o, tudo muda quando voc\u00ea muda e coloca Deus na situa\u00e7\u00e3o. Em casa ou na escola, pare para pensar: sempre podemos semear na escola da vida e a grande colheita esperar com muita alegria.<\/p>\n","protected":false},"featured_media":370,"comment_status":"closed","ping_status":"closed","template":"","meta":[],"product_brand":[],"product_cat":[23],"product_tag":[137,152],"class_list":{"0":"post-369","1":"product","2":"type-product","3":"status-publish","4":"has-post-thumbnail","6":"product_cat-diversao-em-letras","7":"product_tag-ate-3o-ano","8":"product_tag-fund-1","10":"first","11":"instock","12":"shipping-taxable","13":"purchasable","14":"product-type-simple"},"_links":{"self":[{"href":"https:\/\/acsi.com.br\/lojavirtual\/wp-json\/wp\/v2\/product\/369","targetHints":{"allow":["GET"]}}],"collection":[{"href":"https:\/\/acsi.com.br\/lojavirtual\/wp-json\/wp\/v2\/product"}],"about":[{"href":"https:\/\/acsi.com.br\/lojavirtual\/wp-json\/wp\/v2\/types\/product"}],"replies":[{"embeddable":true,"href":"https:\/\/acsi.com.br\/lojavirtual\/wp-json\/wp\/v2\/comments?post=369"}],"version-history":[{"count":1,"href":"https:\/\/acsi.com.br\/lojavirtual\/wp-json\/wp\/v2\/product\/369\/revisions"}],"predecessor-version":[{"id":371,"href":"https:\/\/acsi.com.br\/lojavirtual\/wp-json\/wp\/v2\/product\/369\/revisions\/371"}],"wp:featuredmedia":[{"embeddable":true,"href":"https:\/\/acsi.com.br\/lojavirtual\/wp-json\/wp\/v2\/media\/370"}],"wp:attachment":[{"href":"https:\/\/acsi.com.br\/lojavirtual\/wp-json\/wp\/v2\/media?parent=369"}],"wp:term":[{"taxonomy":"product_brand","embeddable":true,"href":"https:\/\/acsi.com.br\/lojavirtual\/wp-json\/wp\/v2\/product_brand?post=369"},{"taxonomy":"product_cat","embeddable":true,"href":"https:\/\/acsi.com.br\/lojavirtual\/wp-json\/wp\/v2\/product_cat?post=369"},{"taxonomy":"product_tag","embeddable":true,"href":"https:\/\/acsi.com.br\/lojavirtual\/wp-json\/wp\/v2\/product_tag?post=369"}],"curies":[{"name":"wp","href":"https:\/\/api.w.org\/{rel}","templated":true}]}}