{"id":3688,"date":"2024-11-14T15:36:27","date_gmt":"2024-11-14T18:36:27","guid":{"rendered":"https:\/\/acsi.com.br\/lojavirtual\/?post_type=product&#038;p=3688"},"modified":"2026-04-01T10:36:58","modified_gmt":"2026-04-01T13:36:58","slug":"o-gato-grato-e-o-gato-ingrato","status":"publish","type":"product","link":"https:\/\/acsi.com.br\/lojavirtual\/produto\/o-gato-grato-e-o-gato-ingrato\/","title":{"rendered":"O Gato Grato e o Gato Ingrato"},"content":{"rendered":"<p>O gato ingrato era mal-humorado. Ningu\u00e9m queria ficar parado muito tempo ao seu lado. J\u00e1 o gato grato, sempre rindo e da vida se divertindo.<\/p>\n<p>Ambos foram passear, o gato grato tudo queria contemplar. J\u00e1 o gato ingrato, n\u00e3o parava de reclamar. E o que vai acontecer no final desta aventura? Os dois gatos gratos v\u00e3o ser? Ou continuar\u00e1 existindo amargura?<\/p>\n","protected":false},"excerpt":{"rendered":"<p>O gato ingrato era mal-humorado. Ningu\u00e9m queria ficar parado muito tempo ao seu lado. J\u00e1 o gato grato, sempre rindo e da vida se divertindo.<\/p>\n<p>Ambos foram passear, o gato grato tudo queria contemplar. J\u00e1 o gato ingrato, n\u00e3o parava de reclamar. E o que vai acontecer no final desta aventura? Os dois gatos gratos v\u00e3o ser? Ou continuar\u00e1 existindo amargura?<\/p>\n","protected":false},"featured_media":3680,"comment_status":"open","ping_status":"closed","template":"","meta":[],"product_brand":[],"product_cat":[239],"product_tag":[182],"class_list":{"0":"post-3688","1":"product","2":"type-product","3":"status-publish","4":"has-post-thumbnail","6":"product_cat-editora-publicacoes-f","7":"product_tag-2o-e-3o-ano","9":"first","10":"instock","11":"featured","12":"shipping-taxable","13":"purchasable","14":"product-type-simple"},"_links":{"self":[{"href":"https:\/\/acsi.com.br\/lojavirtual\/wp-json\/wp\/v2\/product\/3688","targetHints":{"allow":["GET"]}}],"collection":[{"href":"https:\/\/acsi.com.br\/lojavirtual\/wp-json\/wp\/v2\/product"}],"about":[{"href":"https:\/\/acsi.com.br\/lojavirtual\/wp-json\/wp\/v2\/types\/product"}],"replies":[{"embeddable":true,"href":"https:\/\/acsi.com.br\/lojavirtual\/wp-json\/wp\/v2\/comments?post=3688"}],"version-history":[{"count":1,"href":"https:\/\/acsi.com.br\/lojavirtual\/wp-json\/wp\/v2\/product\/3688\/revisions"}],"predecessor-version":[{"id":3689,"href":"https:\/\/acsi.com.br\/lojavirtual\/wp-json\/wp\/v2\/product\/3688\/revisions\/3689"}],"wp:featuredmedia":[{"embeddable":true,"href":"https:\/\/acsi.com.br\/lojavirtual\/wp-json\/wp\/v2\/media\/3680"}],"wp:attachment":[{"href":"https:\/\/acsi.com.br\/lojavirtual\/wp-json\/wp\/v2\/media?parent=3688"}],"wp:term":[{"taxonomy":"product_brand","embeddable":true,"href":"https:\/\/acsi.com.br\/lojavirtual\/wp-json\/wp\/v2\/product_brand?post=3688"},{"taxonomy":"product_cat","embeddable":true,"href":"https:\/\/acsi.com.br\/lojavirtual\/wp-json\/wp\/v2\/product_cat?post=3688"},{"taxonomy":"product_tag","embeddable":true,"href":"https:\/\/acsi.com.br\/lojavirtual\/wp-json\/wp\/v2\/product_tag?post=3688"}],"curies":[{"name":"wp","href":"https:\/\/api.w.org\/{rel}","templated":true}]}}