{"id":3670,"date":"2024-11-14T12:12:18","date_gmt":"2024-11-14T15:12:18","guid":{"rendered":"https:\/\/acsi.com.br\/lojavirtual\/?post_type=product&#038;p=3670"},"modified":"2025-11-18T10:22:58","modified_gmt":"2025-11-18T13:22:58","slug":"papai-me-ensinou-a-poupar-e-mamae-me-ensinou-a-sonhar-o-aniversario-de-edu","status":"publish","type":"product","link":"https:\/\/acsi.com.br\/lojavirtual\/produto\/papai-me-ensinou-a-poupar-e-mamae-me-ensinou-a-sonhar-o-aniversario-de-edu\/","title":{"rendered":"Papai me ensinou a poupar e Mam\u00e3e me ensinou a sonhar: o Anivers\u00e1rio de Edu"},"content":{"rendered":"<p>Edu \u00e9 uma raposinha sonhadora que quer muito ganhar uma nave espacial no seu anivers\u00e1rio de seis anos. Seus pais, infelizmente, n\u00e3o t\u00eam condi\u00e7\u00f5es de comprar este presente. Ent\u00e3o seu pai se lembra de uma tradi\u00e7\u00e3o da fam\u00edlia e surpreende o filho com um porquinho de presente. Ele ensina Edu a guardar seu dinheirinho para que ele mesmo consiga comprar a nave em seu pr\u00f3ximo anivers\u00e1rio. Edu vai crescendo e suas vontades crescem com ele. Sua m\u00e3e carinhosamente ensina seu filho a sonhar. Edu agora quer conhecer um parque de divers\u00f5es famoso em outro pa\u00eds. Ent\u00e3o ele dedica-se por mais tempo a poupar at\u00e9 finalmente conquistar seu sonho.<\/p>\n","protected":false},"excerpt":{"rendered":"<p>Edu \u00e9 uma raposinha sonhadora que quer muito ganhar uma nave espacial no seu anivers\u00e1rio de seis anos. Seus pais, infelizmente, n\u00e3o t\u00eam condi\u00e7\u00f5es de comprar este presente. Ent\u00e3o seu pai se lembra de uma tradi\u00e7\u00e3o da fam\u00edlia e surpreende o filho com um porquinho de presente. Ele ensina Edu a guardar seu dinheirinho para que ele mesmo consiga comprar a nave em seu pr\u00f3ximo anivers\u00e1rio. Edu vai crescendo e suas vontades crescem com ele. Sua m\u00e3e carinhosamente ensina seu filho a sonhar. Edu agora quer conhecer um parque de divers\u00f5es famoso em outro pa\u00eds. Ent\u00e3o ele dedica-se por mais tempo a poupar at\u00e9 finalmente conquistar seu sonho.<\/p>\n","protected":false},"featured_media":3653,"comment_status":"open","ping_status":"closed","template":"","meta":[],"product_brand":[],"product_cat":[236],"product_tag":[225],"class_list":{"0":"post-3670","1":"product","2":"type-product","3":"status-publish","4":"has-post-thumbnail","6":"product_cat-ases-da-literatura","7":"product_tag-ed-infantil-e-1o-ano","9":"first","10":"instock","11":"featured","12":"shipping-taxable","13":"purchasable","14":"product-type-simple"},"_links":{"self":[{"href":"https:\/\/acsi.com.br\/lojavirtual\/wp-json\/wp\/v2\/product\/3670","targetHints":{"allow":["GET"]}}],"collection":[{"href":"https:\/\/acsi.com.br\/lojavirtual\/wp-json\/wp\/v2\/product"}],"about":[{"href":"https:\/\/acsi.com.br\/lojavirtual\/wp-json\/wp\/v2\/types\/product"}],"replies":[{"embeddable":true,"href":"https:\/\/acsi.com.br\/lojavirtual\/wp-json\/wp\/v2\/comments?post=3670"}],"version-history":[{"count":1,"href":"https:\/\/acsi.com.br\/lojavirtual\/wp-json\/wp\/v2\/product\/3670\/revisions"}],"predecessor-version":[{"id":3671,"href":"https:\/\/acsi.com.br\/lojavirtual\/wp-json\/wp\/v2\/product\/3670\/revisions\/3671"}],"wp:featuredmedia":[{"embeddable":true,"href":"https:\/\/acsi.com.br\/lojavirtual\/wp-json\/wp\/v2\/media\/3653"}],"wp:attachment":[{"href":"https:\/\/acsi.com.br\/lojavirtual\/wp-json\/wp\/v2\/media?parent=3670"}],"wp:term":[{"taxonomy":"product_brand","embeddable":true,"href":"https:\/\/acsi.com.br\/lojavirtual\/wp-json\/wp\/v2\/product_brand?post=3670"},{"taxonomy":"product_cat","embeddable":true,"href":"https:\/\/acsi.com.br\/lojavirtual\/wp-json\/wp\/v2\/product_cat?post=3670"},{"taxonomy":"product_tag","embeddable":true,"href":"https:\/\/acsi.com.br\/lojavirtual\/wp-json\/wp\/v2\/product_tag?post=3670"}],"curies":[{"name":"wp","href":"https:\/\/api.w.org\/{rel}","templated":true}]}}