{"id":366,"date":"2023-08-04T19:50:55","date_gmt":"2023-08-04T19:50:55","guid":{"rendered":"https:\/\/acsi.com.br\/lojavirtual\/?post_type=product&#038;p=366"},"modified":"2026-04-16T20:59:08","modified_gmt":"2026-04-16T23:59:08","slug":"a-musica-nao-pode-parar","status":"publish","type":"product","link":"https:\/\/acsi.com.br\/lojavirtual\/produto\/a-musica-nao-pode-parar\/","title":{"rendered":"A m\u00fasica n\u00e3o pode parar"},"content":{"rendered":"<p>Este livro conta a hist\u00f3ria real de um garotinho muito especial: Filipe desde cedo aprendeu, entre versos e can\u00e7\u00f5es, que um s\u00f3 rebanho Deus queria formar e a unidade na igreja espalhar. Ele cresceu e, com o cora\u00e7\u00e3o disposto, decidiu obedecer a Deus. Hoje como mission\u00e1rio toca a m\u00fasica que n\u00e3o pode parar, divulgando o Reino que logo vir\u00e1. N\u00e3o fique de fora dessa aventura, preste aten\u00e7\u00e3o nas notas e nos tons, afinal o amor de Cristo \u00e9 uma doce can\u00e7\u00e3o que transmite vida ao seu cora\u00e7\u00e3o.<\/p>\n","protected":false},"excerpt":{"rendered":"<p>Este livro conta a hist\u00f3ria real de um garotinho muito especial: Filipe desde cedo aprendeu, entre versos e can\u00e7\u00f5es, que um s\u00f3 rebanho Deus queria formar e a unidade na igreja espalhar. Ele cresceu e, com o cora\u00e7\u00e3o disposto, decidiu obedecer a Deus. Hoje como mission\u00e1rio toca a m\u00fasica que n\u00e3o pode parar, divulgando o Reino que logo vir\u00e1. N\u00e3o fique de fora dessa aventura, preste aten\u00e7\u00e3o nas notas e nos tons, afinal o amor de Cristo \u00e9 uma doce can\u00e7\u00e3o que transmite vida ao seu cora\u00e7\u00e3o.<\/p>\n","protected":false},"featured_media":367,"comment_status":"closed","ping_status":"closed","template":"","meta":[],"product_brand":[],"product_cat":[23],"product_tag":[137,152],"class_list":{"0":"post-366","1":"product","2":"type-product","3":"status-publish","4":"has-post-thumbnail","6":"product_cat-diversao-em-letras","7":"product_tag-ate-3o-ano","8":"product_tag-fund-1","10":"first","11":"instock","12":"shipping-taxable","13":"purchasable","14":"product-type-simple"},"_links":{"self":[{"href":"https:\/\/acsi.com.br\/lojavirtual\/wp-json\/wp\/v2\/product\/366","targetHints":{"allow":["GET"]}}],"collection":[{"href":"https:\/\/acsi.com.br\/lojavirtual\/wp-json\/wp\/v2\/product"}],"about":[{"href":"https:\/\/acsi.com.br\/lojavirtual\/wp-json\/wp\/v2\/types\/product"}],"replies":[{"embeddable":true,"href":"https:\/\/acsi.com.br\/lojavirtual\/wp-json\/wp\/v2\/comments?post=366"}],"version-history":[{"count":1,"href":"https:\/\/acsi.com.br\/lojavirtual\/wp-json\/wp\/v2\/product\/366\/revisions"}],"predecessor-version":[{"id":368,"href":"https:\/\/acsi.com.br\/lojavirtual\/wp-json\/wp\/v2\/product\/366\/revisions\/368"}],"wp:featuredmedia":[{"embeddable":true,"href":"https:\/\/acsi.com.br\/lojavirtual\/wp-json\/wp\/v2\/media\/367"}],"wp:attachment":[{"href":"https:\/\/acsi.com.br\/lojavirtual\/wp-json\/wp\/v2\/media?parent=366"}],"wp:term":[{"taxonomy":"product_brand","embeddable":true,"href":"https:\/\/acsi.com.br\/lojavirtual\/wp-json\/wp\/v2\/product_brand?post=366"},{"taxonomy":"product_cat","embeddable":true,"href":"https:\/\/acsi.com.br\/lojavirtual\/wp-json\/wp\/v2\/product_cat?post=366"},{"taxonomy":"product_tag","embeddable":true,"href":"https:\/\/acsi.com.br\/lojavirtual\/wp-json\/wp\/v2\/product_tag?post=366"}],"curies":[{"name":"wp","href":"https:\/\/api.w.org\/{rel}","templated":true}]}}