{"id":3659,"date":"2024-11-14T12:01:31","date_gmt":"2024-11-14T15:01:31","guid":{"rendered":"https:\/\/acsi.com.br\/lojavirtual\/?post_type=product&#038;p=3659"},"modified":"2025-11-18T10:20:59","modified_gmt":"2025-11-18T13:20:59","slug":"a-historia-de-caio","status":"publish","type":"product","link":"https:\/\/acsi.com.br\/lojavirtual\/produto\/a-historia-de-caio\/","title":{"rendered":"A Hist\u00f3ria de Caio"},"content":{"rendered":"<p>Caio era um garotinho rico e ego\u00edsta, que possu\u00eda muitos brinquedos caros e sofisticados, por\u00e9m, n\u00e3o os dividia com ningu\u00e9m. Ele dava muito mais valor aos brinquedos do que aos amigos, e acreditava n\u00e3o precisar de amigos, uma vez que tinha os brinquedos mais legais que seu pai podia lhe dar. At\u00e9 que um dia, Caio adoece e aprende o valor e os benef\u00edcios que somente os amigos podem proporcionar.<\/p>\n","protected":false},"excerpt":{"rendered":"<p>Caio era um garotinho rico e ego\u00edsta, que possu\u00eda muitos brinquedos caros e sofisticados, por\u00e9m, n\u00e3o os dividia com ningu\u00e9m. Ele dava muito mais valor aos brinquedos do que aos amigos, e acreditava n\u00e3o precisar de amigos, uma vez que tinha os brinquedos mais legais que seu pai podia lhe dar. At\u00e9 que um dia, Caio adoece e aprende o valor e os benef\u00edcios que somente os amigos podem proporcionar.<\/p>\n","protected":false},"featured_media":3654,"comment_status":"open","ping_status":"closed","template":"","meta":[],"product_brand":[],"product_cat":[236],"product_tag":[225],"class_list":{"0":"post-3659","1":"product","2":"type-product","3":"status-publish","4":"has-post-thumbnail","6":"product_cat-ases-da-literatura","7":"product_tag-ed-infantil-e-1o-ano","9":"first","10":"instock","11":"featured","12":"shipping-taxable","13":"purchasable","14":"product-type-simple"},"_links":{"self":[{"href":"https:\/\/acsi.com.br\/lojavirtual\/wp-json\/wp\/v2\/product\/3659","targetHints":{"allow":["GET"]}}],"collection":[{"href":"https:\/\/acsi.com.br\/lojavirtual\/wp-json\/wp\/v2\/product"}],"about":[{"href":"https:\/\/acsi.com.br\/lojavirtual\/wp-json\/wp\/v2\/types\/product"}],"replies":[{"embeddable":true,"href":"https:\/\/acsi.com.br\/lojavirtual\/wp-json\/wp\/v2\/comments?post=3659"}],"version-history":[{"count":2,"href":"https:\/\/acsi.com.br\/lojavirtual\/wp-json\/wp\/v2\/product\/3659\/revisions"}],"predecessor-version":[{"id":3665,"href":"https:\/\/acsi.com.br\/lojavirtual\/wp-json\/wp\/v2\/product\/3659\/revisions\/3665"}],"wp:featuredmedia":[{"embeddable":true,"href":"https:\/\/acsi.com.br\/lojavirtual\/wp-json\/wp\/v2\/media\/3654"}],"wp:attachment":[{"href":"https:\/\/acsi.com.br\/lojavirtual\/wp-json\/wp\/v2\/media?parent=3659"}],"wp:term":[{"taxonomy":"product_brand","embeddable":true,"href":"https:\/\/acsi.com.br\/lojavirtual\/wp-json\/wp\/v2\/product_brand?post=3659"},{"taxonomy":"product_cat","embeddable":true,"href":"https:\/\/acsi.com.br\/lojavirtual\/wp-json\/wp\/v2\/product_cat?post=3659"},{"taxonomy":"product_tag","embeddable":true,"href":"https:\/\/acsi.com.br\/lojavirtual\/wp-json\/wp\/v2\/product_tag?post=3659"}],"curies":[{"name":"wp","href":"https:\/\/api.w.org\/{rel}","templated":true}]}}