{"id":3645,"date":"2024-11-14T11:42:46","date_gmt":"2024-11-14T14:42:46","guid":{"rendered":"https:\/\/acsi.com.br\/lojavirtual\/?post_type=product&#038;p=3645"},"modified":"2026-03-26T09:50:50","modified_gmt":"2026-03-26T12:50:50","slug":"o-mundo-de-otavio-todos-contra-o-bullying","status":"publish","type":"product","link":"https:\/\/acsi.com.br\/lojavirtual\/produto\/o-mundo-de-otavio-todos-contra-o-bullying\/","title":{"rendered":"O Mundo de Ot\u00e1vio: Todos contra o Bullying"},"content":{"rendered":"<p>Esta por\u00e7\u00e3o visa sensibilizar educadores, fam\u00edlias e a sociedade em geral para exist\u00eancia do Bullying, suas v\u00e1rias facetas e as consequ\u00eancias psicol\u00f3gicas, pedag\u00f3gicas e jur\u00eddicas, buscando despert\u00e1-los para o reconhecimento do direito de toda crian\u00e7a e adolescente de desfrutar de um ambiente seguro e solid\u00e1rio, exercitando a toler\u00e2ncia como via capaz de gerar cidad\u00e3os conscientes, de respeito \u00e0 pessoa humana e \u00e0s suas diferen\u00e7as.<\/p>\n","protected":false},"excerpt":{"rendered":"<p>Esta por\u00e7\u00e3o visa sensibilizar educadores, fam\u00edlias e a sociedade em geral para exist\u00eancia do Bullying, suas v\u00e1rias facetas e as consequ\u00eancias psicol\u00f3gicas, pedag\u00f3gicas e jur\u00eddicas, buscando despert\u00e1-los para o reconhecimento do direito de toda crian\u00e7a e adolescente de desfrutar de um ambiente seguro e solid\u00e1rio, exercitando a toler\u00e2ncia como via capaz de gerar cidad\u00e3os conscientes, de respeito \u00e0 pessoa humana e \u00e0s suas diferen\u00e7as.<\/p>\n","protected":false},"featured_media":3642,"comment_status":"open","ping_status":"closed","template":"","meta":[],"product_brand":[],"product_cat":[238],"product_tag":[225],"class_list":{"0":"post-3645","1":"product","2":"type-product","3":"status-publish","4":"has-post-thumbnail","6":"product_cat-editora-sociedade-biblica-do-brasil","7":"product_tag-ed-infantil-e-1o-ano","9":"first","10":"onbackorder","11":"featured","12":"shipping-taxable","13":"purchasable","14":"product-type-simple"},"_links":{"self":[{"href":"https:\/\/acsi.com.br\/lojavirtual\/wp-json\/wp\/v2\/product\/3645","targetHints":{"allow":["GET"]}}],"collection":[{"href":"https:\/\/acsi.com.br\/lojavirtual\/wp-json\/wp\/v2\/product"}],"about":[{"href":"https:\/\/acsi.com.br\/lojavirtual\/wp-json\/wp\/v2\/types\/product"}],"replies":[{"embeddable":true,"href":"https:\/\/acsi.com.br\/lojavirtual\/wp-json\/wp\/v2\/comments?post=3645"}],"version-history":[{"count":1,"href":"https:\/\/acsi.com.br\/lojavirtual\/wp-json\/wp\/v2\/product\/3645\/revisions"}],"predecessor-version":[{"id":3646,"href":"https:\/\/acsi.com.br\/lojavirtual\/wp-json\/wp\/v2\/product\/3645\/revisions\/3646"}],"wp:featuredmedia":[{"embeddable":true,"href":"https:\/\/acsi.com.br\/lojavirtual\/wp-json\/wp\/v2\/media\/3642"}],"wp:attachment":[{"href":"https:\/\/acsi.com.br\/lojavirtual\/wp-json\/wp\/v2\/media?parent=3645"}],"wp:term":[{"taxonomy":"product_brand","embeddable":true,"href":"https:\/\/acsi.com.br\/lojavirtual\/wp-json\/wp\/v2\/product_brand?post=3645"},{"taxonomy":"product_cat","embeddable":true,"href":"https:\/\/acsi.com.br\/lojavirtual\/wp-json\/wp\/v2\/product_cat?post=3645"},{"taxonomy":"product_tag","embeddable":true,"href":"https:\/\/acsi.com.br\/lojavirtual\/wp-json\/wp\/v2\/product_tag?post=3645"}],"curies":[{"name":"wp","href":"https:\/\/api.w.org\/{rel}","templated":true}]}}