{"id":3639,"date":"2024-11-14T11:37:12","date_gmt":"2024-11-14T14:37:12","guid":{"rendered":"https:\/\/acsi.com.br\/lojavirtual\/?post_type=product&#038;p=3639"},"modified":"2025-11-11T17:01:00","modified_gmt":"2025-11-11T20:01:00","slug":"biblia-mig-e-meg-meninos","status":"publish","type":"product","link":"https:\/\/acsi.com.br\/lojavirtual\/produto\/biblia-mig-e-meg-meninos\/","title":{"rendered":"B\u00edblia Mig e Meg &#8211; Meninos"},"content":{"rendered":"<p>Esta \u00e9 uma nova edi\u00e7\u00e3o da B\u00edblia Sagrada com a turma Mig &amp; Meg. Na Nova Tradu\u00e7\u00e3o na Linguagem de Hoje, a publica\u00e7\u00e3o vem com duas op\u00e7\u00f5es de capa dura com canto arredondado. Traz tamb\u00e9m encarte inicial com dedicat\u00f3ria, aux\u00edlio Fonte de B\u00ean\u00e7\u00e3os, um \u00edndice de passagens b\u00edblicas que aborda quatro aspectos da vida crist\u00e3: relacionamento com Deus, relacionamento com as pessoas, relacionamento com a Palavra de Deus e b\u00ean\u00e7\u00e3os da vida crist\u00e3. Os vers\u00edculos recebem destaque ao longo do texto b\u00edblico. Cont\u00e9m 40 p\u00e1ginas coloridas com os personagens Mig &amp; Meg e texto em destaque com refer\u00eancia b\u00edblica. A edi\u00e7\u00e3o vem, ainda, com uma cartela de adesivos, para a crian\u00e7a levar a mensagem de Deus sempre com ela.<\/p>\n","protected":false},"excerpt":{"rendered":"<p>Esta \u00e9 uma nova edi\u00e7\u00e3o da B\u00edblia Sagrada com a turma Mig &amp; Meg. Na Nova Tradu\u00e7\u00e3o na Linguagem de Hoje, a publica\u00e7\u00e3o vem com duas op\u00e7\u00f5es de capa dura com canto arredondado. Traz tamb\u00e9m encarte inicial com dedicat\u00f3ria, aux\u00edlio Fonte de B\u00ean\u00e7\u00e3os, um \u00edndice de passagens b\u00edblicas que aborda quatro aspectos da vida crist\u00e3: relacionamento com Deus, relacionamento com as pessoas, relacionamento com a Palavra de Deus e b\u00ean\u00e7\u00e3os da vida crist\u00e3. Os vers\u00edculos recebem destaque ao longo do texto b\u00edblico. Cont\u00e9m 40 p\u00e1ginas coloridas com os personagens Mig &amp; Meg e texto em destaque com refer\u00eancia b\u00edblica. A edi\u00e7\u00e3o vem, ainda, com uma cartela de adesivos, para a crian\u00e7a levar a mensagem de Deus sempre com ela.<\/p>\n","protected":false},"featured_media":3636,"comment_status":"open","ping_status":"closed","template":"","meta":[],"product_brand":[],"product_cat":[238],"product_tag":[241],"class_list":{"0":"post-3639","1":"product","2":"type-product","3":"status-publish","4":"has-post-thumbnail","6":"product_cat-editora-sociedade-biblica-do-brasil","7":"product_tag-2o-ao-5o-ano","9":"first","10":"instock","11":"featured","12":"shipping-taxable","13":"purchasable","14":"product-type-simple"},"_links":{"self":[{"href":"https:\/\/acsi.com.br\/lojavirtual\/wp-json\/wp\/v2\/product\/3639","targetHints":{"allow":["GET"]}}],"collection":[{"href":"https:\/\/acsi.com.br\/lojavirtual\/wp-json\/wp\/v2\/product"}],"about":[{"href":"https:\/\/acsi.com.br\/lojavirtual\/wp-json\/wp\/v2\/types\/product"}],"replies":[{"embeddable":true,"href":"https:\/\/acsi.com.br\/lojavirtual\/wp-json\/wp\/v2\/comments?post=3639"}],"version-history":[{"count":1,"href":"https:\/\/acsi.com.br\/lojavirtual\/wp-json\/wp\/v2\/product\/3639\/revisions"}],"predecessor-version":[{"id":3640,"href":"https:\/\/acsi.com.br\/lojavirtual\/wp-json\/wp\/v2\/product\/3639\/revisions\/3640"}],"wp:featuredmedia":[{"embeddable":true,"href":"https:\/\/acsi.com.br\/lojavirtual\/wp-json\/wp\/v2\/media\/3636"}],"wp:attachment":[{"href":"https:\/\/acsi.com.br\/lojavirtual\/wp-json\/wp\/v2\/media?parent=3639"}],"wp:term":[{"taxonomy":"product_brand","embeddable":true,"href":"https:\/\/acsi.com.br\/lojavirtual\/wp-json\/wp\/v2\/product_brand?post=3639"},{"taxonomy":"product_cat","embeddable":true,"href":"https:\/\/acsi.com.br\/lojavirtual\/wp-json\/wp\/v2\/product_cat?post=3639"},{"taxonomy":"product_tag","embeddable":true,"href":"https:\/\/acsi.com.br\/lojavirtual\/wp-json\/wp\/v2\/product_tag?post=3639"}],"curies":[{"name":"wp","href":"https:\/\/api.w.org\/{rel}","templated":true}]}}