{"id":3633,"date":"2024-11-14T11:30:52","date_gmt":"2024-11-14T14:30:52","guid":{"rendered":"https:\/\/acsi.com.br\/lojavirtual\/?post_type=product&#038;p=3633"},"modified":"2026-04-02T01:17:25","modified_gmt":"2026-04-02T04:17:25","slug":"dona-rima","status":"publish","type":"product","link":"https:\/\/acsi.com.br\/lojavirtual\/produto\/dona-rima\/","title":{"rendered":"Dona Rima"},"content":{"rendered":"<p>A primeira inf\u00e2ncia \u00e9 um momento fundamental na vida das crian\u00e7as, pois \u00e9 nessa fase que est\u00e3o em pleno desenvolvimento cognitivo, motor, social e socioemocional. Com isso, \u00e9 importante que as habilidades que constroem esse alicerce, ou seja, a base de ancoragem para a alfabetiza\u00e7\u00e3o, sejam estimuladas adequadamente, considerando a integralidade e a individualidade da crian\u00e7a.<\/p>\n","protected":false},"excerpt":{"rendered":"<p>A primeira inf\u00e2ncia \u00e9 um momento fundamental na vida das crian\u00e7as, pois \u00e9 nessa fase que est\u00e3o em pleno desenvolvimento cognitivo, motor, social e socioemocional. Com isso, \u00e9 importante que as habilidades que constroem esse alicerce, ou seja, a base de ancoragem para a alfabetiza\u00e7\u00e3o, sejam estimuladas adequadamente, considerando a integralidade e a individualidade da crian\u00e7a.<\/p>\n","protected":false},"featured_media":3630,"comment_status":"open","ping_status":"closed","template":"","meta":[],"product_brand":[],"product_cat":[232],"product_tag":[225],"class_list":{"0":"post-3633","1":"product","2":"type-product","3":"status-publish","4":"has-post-thumbnail","6":"product_cat-editora-brilho-coletivo","7":"product_tag-ed-infantil-e-1o-ano","9":"first","10":"instock","11":"featured","12":"shipping-taxable","13":"purchasable","14":"product-type-simple"},"_links":{"self":[{"href":"https:\/\/acsi.com.br\/lojavirtual\/wp-json\/wp\/v2\/product\/3633","targetHints":{"allow":["GET"]}}],"collection":[{"href":"https:\/\/acsi.com.br\/lojavirtual\/wp-json\/wp\/v2\/product"}],"about":[{"href":"https:\/\/acsi.com.br\/lojavirtual\/wp-json\/wp\/v2\/types\/product"}],"replies":[{"embeddable":true,"href":"https:\/\/acsi.com.br\/lojavirtual\/wp-json\/wp\/v2\/comments?post=3633"}],"version-history":[{"count":1,"href":"https:\/\/acsi.com.br\/lojavirtual\/wp-json\/wp\/v2\/product\/3633\/revisions"}],"predecessor-version":[{"id":3634,"href":"https:\/\/acsi.com.br\/lojavirtual\/wp-json\/wp\/v2\/product\/3633\/revisions\/3634"}],"wp:featuredmedia":[{"embeddable":true,"href":"https:\/\/acsi.com.br\/lojavirtual\/wp-json\/wp\/v2\/media\/3630"}],"wp:attachment":[{"href":"https:\/\/acsi.com.br\/lojavirtual\/wp-json\/wp\/v2\/media?parent=3633"}],"wp:term":[{"taxonomy":"product_brand","embeddable":true,"href":"https:\/\/acsi.com.br\/lojavirtual\/wp-json\/wp\/v2\/product_brand?post=3633"},{"taxonomy":"product_cat","embeddable":true,"href":"https:\/\/acsi.com.br\/lojavirtual\/wp-json\/wp\/v2\/product_cat?post=3633"},{"taxonomy":"product_tag","embeddable":true,"href":"https:\/\/acsi.com.br\/lojavirtual\/wp-json\/wp\/v2\/product_tag?post=3633"}],"curies":[{"name":"wp","href":"https:\/\/api.w.org\/{rel}","templated":true}]}}