{"id":363,"date":"2023-08-04T19:42:13","date_gmt":"2023-08-04T19:42:13","guid":{"rendered":"https:\/\/acsi.com.br\/lojavirtual\/?post_type=product&#038;p=363"},"modified":"2026-04-27T23:31:24","modified_gmt":"2026-04-28T02:31:24","slug":"daniel-e-o-amigo-fiel","status":"publish","type":"product","link":"https:\/\/acsi.com.br\/lojavirtual\/produto\/daniel-e-o-amigo-fiel\/","title":{"rendered":"Daniel e o amigo fiel"},"content":{"rendered":"<p>Esta hist\u00f3ria real mostrar\u00e1 que os conselhos de nossa m\u00e3e devemos escutar. Precisamos aprender o caminho certo a percorrer. A vida \u00e9 feita de escolhas; podem ser ruins ou boas, mas precisamos decidir o caminho a seguir. Daniel escolheu e um amigo fiel conheceu; uma nova dire\u00e7\u00e3o tomou e tudo em sua vida mudou. Esse amigo tamb\u00e9m quer te encontrar. Acredite: Ele jamais te abandonar\u00e1.<\/p>\n","protected":false},"excerpt":{"rendered":"<p>Este livro conta a hist\u00f3ria de uma grande fam\u00edlia da ro\u00e7a que aprendeu muito cedo um grande segredo: tudo o que plantamos certamente vamos colher. Por isso vamos com cuidado nossas sementes escolher? O que voc\u00ea tem nas m\u00e3os? Sementes de amor e uni\u00e3o? Ent\u00e3o, vamos aprender juntos com os fazendeiros de Deus sobre a boa planta\u00e7\u00e3o!<\/p>\n","protected":false},"featured_media":364,"comment_status":"closed","ping_status":"closed","template":"","meta":[],"product_brand":[],"product_cat":[23],"product_tag":[137,152],"class_list":{"0":"post-363","1":"product","2":"type-product","3":"status-publish","4":"has-post-thumbnail","6":"product_cat-diversao-em-letras","7":"product_tag-ate-3o-ano","8":"product_tag-fund-1","10":"first","11":"instock","12":"shipping-taxable","13":"purchasable","14":"product-type-simple"},"_links":{"self":[{"href":"https:\/\/acsi.com.br\/lojavirtual\/wp-json\/wp\/v2\/product\/363","targetHints":{"allow":["GET"]}}],"collection":[{"href":"https:\/\/acsi.com.br\/lojavirtual\/wp-json\/wp\/v2\/product"}],"about":[{"href":"https:\/\/acsi.com.br\/lojavirtual\/wp-json\/wp\/v2\/types\/product"}],"replies":[{"embeddable":true,"href":"https:\/\/acsi.com.br\/lojavirtual\/wp-json\/wp\/v2\/comments?post=363"}],"version-history":[{"count":1,"href":"https:\/\/acsi.com.br\/lojavirtual\/wp-json\/wp\/v2\/product\/363\/revisions"}],"predecessor-version":[{"id":365,"href":"https:\/\/acsi.com.br\/lojavirtual\/wp-json\/wp\/v2\/product\/363\/revisions\/365"}],"wp:featuredmedia":[{"embeddable":true,"href":"https:\/\/acsi.com.br\/lojavirtual\/wp-json\/wp\/v2\/media\/364"}],"wp:attachment":[{"href":"https:\/\/acsi.com.br\/lojavirtual\/wp-json\/wp\/v2\/media?parent=363"}],"wp:term":[{"taxonomy":"product_brand","embeddable":true,"href":"https:\/\/acsi.com.br\/lojavirtual\/wp-json\/wp\/v2\/product_brand?post=363"},{"taxonomy":"product_cat","embeddable":true,"href":"https:\/\/acsi.com.br\/lojavirtual\/wp-json\/wp\/v2\/product_cat?post=363"},{"taxonomy":"product_tag","embeddable":true,"href":"https:\/\/acsi.com.br\/lojavirtual\/wp-json\/wp\/v2\/product_tag?post=363"}],"curies":[{"name":"wp","href":"https:\/\/api.w.org\/{rel}","templated":true}]}}