{"id":3629,"date":"2024-11-14T10:51:51","date_gmt":"2024-11-14T13:51:51","guid":{"rendered":"https:\/\/acsi.com.br\/lojavirtual\/?post_type=product&#038;p=3629"},"modified":"2026-04-02T01:17:25","modified_gmt":"2026-04-02T04:17:25","slug":"a-janela-do-juca","status":"publish","type":"product","link":"https:\/\/acsi.com.br\/lojavirtual\/produto\/a-janela-do-juca\/","title":{"rendered":"A Janela do Juca"},"content":{"rendered":"<p>Este livro promove uma das habilidades mais importantes dos preditores para alfabetiza\u00e7\u00e3o consistente, a consci\u00eancia fonol\u00f3gica. Para os pais e professores \u00e9 poss\u00edvel tornar cada vez mais consciente os sons da fala, por meio da leitura, de maneira l\u00fadica e intencional!<\/p>\n","protected":false},"excerpt":{"rendered":"<p>Este livro promove uma das habilidades mais importantes dos preditores para alfabetiza\u00e7\u00e3o consistente, a consci\u00eancia fonol\u00f3gica. Para os pais e professores \u00e9 poss\u00edvel tornar cada vez mais consciente os sons da fala, por meio da leitura, de maneira l\u00fadica e intencional!<\/p>\n","protected":false},"featured_media":3631,"comment_status":"open","ping_status":"closed","template":"","meta":[],"product_brand":[],"product_cat":[232],"product_tag":[225],"class_list":{"0":"post-3629","1":"product","2":"type-product","3":"status-publish","4":"has-post-thumbnail","6":"product_cat-editora-brilho-coletivo","7":"product_tag-ed-infantil-e-1o-ano","9":"first","10":"instock","11":"featured","12":"shipping-taxable","13":"purchasable","14":"product-type-simple"},"_links":{"self":[{"href":"https:\/\/acsi.com.br\/lojavirtual\/wp-json\/wp\/v2\/product\/3629","targetHints":{"allow":["GET"]}}],"collection":[{"href":"https:\/\/acsi.com.br\/lojavirtual\/wp-json\/wp\/v2\/product"}],"about":[{"href":"https:\/\/acsi.com.br\/lojavirtual\/wp-json\/wp\/v2\/types\/product"}],"replies":[{"embeddable":true,"href":"https:\/\/acsi.com.br\/lojavirtual\/wp-json\/wp\/v2\/comments?post=3629"}],"version-history":[{"count":1,"href":"https:\/\/acsi.com.br\/lojavirtual\/wp-json\/wp\/v2\/product\/3629\/revisions"}],"predecessor-version":[{"id":3632,"href":"https:\/\/acsi.com.br\/lojavirtual\/wp-json\/wp\/v2\/product\/3629\/revisions\/3632"}],"wp:featuredmedia":[{"embeddable":true,"href":"https:\/\/acsi.com.br\/lojavirtual\/wp-json\/wp\/v2\/media\/3631"}],"wp:attachment":[{"href":"https:\/\/acsi.com.br\/lojavirtual\/wp-json\/wp\/v2\/media?parent=3629"}],"wp:term":[{"taxonomy":"product_brand","embeddable":true,"href":"https:\/\/acsi.com.br\/lojavirtual\/wp-json\/wp\/v2\/product_brand?post=3629"},{"taxonomy":"product_cat","embeddable":true,"href":"https:\/\/acsi.com.br\/lojavirtual\/wp-json\/wp\/v2\/product_cat?post=3629"},{"taxonomy":"product_tag","embeddable":true,"href":"https:\/\/acsi.com.br\/lojavirtual\/wp-json\/wp\/v2\/product_tag?post=3629"}],"curies":[{"name":"wp","href":"https:\/\/api.w.org\/{rel}","templated":true}]}}