{"id":3626,"date":"2024-11-13T17:46:03","date_gmt":"2024-11-13T20:46:03","guid":{"rendered":"https:\/\/acsi.com.br\/lojavirtual\/?post_type=product&#038;p=3626"},"modified":"2026-04-16T20:58:08","modified_gmt":"2026-04-16T23:58:08","slug":"revolucao-sexual-perspectiva-biblica-e-analise-medica","status":"publish","type":"product","link":"https:\/\/acsi.com.br\/lojavirtual\/produto\/revolucao-sexual-perspectiva-biblica-e-analise-medica\/","title":{"rendered":"Revolu\u00e7\u00e3o Sexual: Perspectiva B\u00edblica e An\u00e1lise M\u00e9dica"},"content":{"rendered":"<p>A revolu\u00e7\u00e3o sexual \u00e9 uma realidade no mundo. Nas \u00faltimas d\u00e9cadas a civiliza\u00e7\u00e3o ocidental experimentou profundas mudan\u00e7as nos valores e na \u00e9tica sexual. As balizas morais foram derrubadas em nome da liberdade individual e do direito de explorar novas formas de express\u00e3o sexual.<\/p>\n<p>Essa tal revolu\u00e7\u00e3o sexual come\u00e7ou a mostrar que esse homem, em vez de se libertar de seus tabus, est\u00e1 se tornando cada vez mais escravo de seus prazeres e sofre maiores \u00edndices de depress\u00e3o, ansiedade, falta de prop\u00f3 sito, crise de identidade e suic\u00eddio. Essa escravid\u00e3o a que nos referimos afeta o indiv\u00edduo e desestabiliza toda a sociedade.<\/p>\n<p>O que a B\u00edblia realmente diz sobre quest\u00f5es de g\u00eanero, pap\u00e9is e distin\u00e7\u00f5es? Como os crist\u00e3os devem se relacionar com a comunidade LGBTQIA+? E a ci\u00eancia? A ci\u00eancia est\u00e1 em desacordo com a B\u00edblia?<\/p>\n","protected":false},"excerpt":{"rendered":"<p>A revolu\u00e7\u00e3o sexual \u00e9 uma realidade no mundo. Nas \u00faltimas d\u00e9cadas a civiliza\u00e7\u00e3o ocidental experimentou profundas mudan\u00e7as nos valores e na \u00e9tica sexual. As balizas morais foram derrubadas em nome da liberdade individual e do direito de explorar novas formas de express\u00e3o sexual.<\/p>\n<p>Essa tal revolu\u00e7\u00e3o sexual come\u00e7ou a mostrar que esse homem, em vez de se libertar de seus tabus, est\u00e1 se tornando cada vez mais escravo de seus prazeres e sofre maiores \u00edndices de depress\u00e3o, ansiedade, falta de prop\u00f3 sito, crise de identidade e suic\u00eddio. Essa escravid\u00e3o a que nos referimos afeta o indiv\u00edduo e desestabiliza toda a sociedade.<\/p>\n<p>O que a B\u00edblia realmente diz sobre quest\u00f5es de g\u00eanero, pap\u00e9is e distin\u00e7\u00f5es? Como os crist\u00e3os devem se relacionar com a comunidade LGBTQIA+? E a ci\u00eancia? A ci\u00eancia est\u00e1 em desacordo com a B\u00edblia?<\/p>\n","protected":false},"featured_media":3624,"comment_status":"closed","ping_status":"closed","template":"","meta":[],"product_brand":[],"product_cat":[206,154],"product_tag":[],"class_list":{"0":"post-3626","1":"product","2":"type-product","3":"status-publish","4":"has-post-thumbnail","6":"product_cat-editora-peregrino","7":"product_cat-formacao-profissional","9":"first","10":"outofstock","11":"shipping-taxable","12":"purchasable","13":"product-type-simple"},"_links":{"self":[{"href":"https:\/\/acsi.com.br\/lojavirtual\/wp-json\/wp\/v2\/product\/3626","targetHints":{"allow":["GET"]}}],"collection":[{"href":"https:\/\/acsi.com.br\/lojavirtual\/wp-json\/wp\/v2\/product"}],"about":[{"href":"https:\/\/acsi.com.br\/lojavirtual\/wp-json\/wp\/v2\/types\/product"}],"replies":[{"embeddable":true,"href":"https:\/\/acsi.com.br\/lojavirtual\/wp-json\/wp\/v2\/comments?post=3626"}],"version-history":[{"count":1,"href":"https:\/\/acsi.com.br\/lojavirtual\/wp-json\/wp\/v2\/product\/3626\/revisions"}],"predecessor-version":[{"id":3627,"href":"https:\/\/acsi.com.br\/lojavirtual\/wp-json\/wp\/v2\/product\/3626\/revisions\/3627"}],"wp:featuredmedia":[{"embeddable":true,"href":"https:\/\/acsi.com.br\/lojavirtual\/wp-json\/wp\/v2\/media\/3624"}],"wp:attachment":[{"href":"https:\/\/acsi.com.br\/lojavirtual\/wp-json\/wp\/v2\/media?parent=3626"}],"wp:term":[{"taxonomy":"product_brand","embeddable":true,"href":"https:\/\/acsi.com.br\/lojavirtual\/wp-json\/wp\/v2\/product_brand?post=3626"},{"taxonomy":"product_cat","embeddable":true,"href":"https:\/\/acsi.com.br\/lojavirtual\/wp-json\/wp\/v2\/product_cat?post=3626"},{"taxonomy":"product_tag","embeddable":true,"href":"https:\/\/acsi.com.br\/lojavirtual\/wp-json\/wp\/v2\/product_tag?post=3626"}],"curies":[{"name":"wp","href":"https:\/\/api.w.org\/{rel}","templated":true}]}}