{"id":3622,"date":"2024-11-13T17:41:00","date_gmt":"2024-11-13T20:41:00","guid":{"rendered":"https:\/\/acsi.com.br\/lojavirtual\/?post_type=product&#038;p=3622"},"modified":"2026-04-24T23:07:31","modified_gmt":"2026-04-25T02:07:31","slug":"a-jornada-do-peregrino","status":"publish","type":"product","link":"https:\/\/acsi.com.br\/lojavirtual\/produto\/a-jornada-do-peregrino\/","title":{"rendered":"A Jornada do Peregrino"},"content":{"rendered":"<p>A JORNADA DO PEREGRINO n\u00e3o \u00e9 um simples resumo do cl\u00e1ssico de Bunyan, O Progresso do Peregrino, mas um verdadeiro retrato da ess\u00eancia da hist\u00f3ria, aqui transmitida para os pequeninos.<\/p>\n<p>Com ilustra\u00e7\u00f5es de arregalar os olhos de Aixa de L\u00f3pez, Giancarlo Montemayor d\u00e1 vers\u00e3o a Peregrino, que ent\u00e3o se torna Crist\u00e3o, numa linguagem simples e cativante, trazendo o cen\u00e1rio perfeito para leitura em voz alta de pais e m\u00e3es com seus filhos, ou de qualquer adulto com crian\u00e7as menores. Agora, se voc\u00ea pensa que s\u00f3 os mais novinhos desfrutar\u00e3o desta obra, ficamos felizes em dizer que, a partir de uns seis anos, muitas crian\u00e7as j\u00e1 conseguir\u00e3o l\u00ea-la sozinhas.<\/p>\n","protected":false},"excerpt":{"rendered":"<p>A JORNADA DO PEREGRINO n\u00e3o \u00e9 um simples resumo do cl\u00e1ssico de Bunyan, O Progresso do Peregrino, mas um verdadeiro retrato da ess\u00eancia da hist\u00f3ria, aqui transmitida para os pequeninos.<\/p>\n<p>Com ilustra\u00e7\u00f5es de arregalar os olhos de Aixa de L\u00f3pez, Giancarlo Montemayor d\u00e1 vers\u00e3o a Peregrino, que ent\u00e3o se torna Crist\u00e3o, numa linguagem simples e cativante, trazendo o cen\u00e1rio perfeito para leitura em voz alta de pais e m\u00e3es com seus filhos, ou de qualquer adulto com crian\u00e7as menores. Agora, se voc\u00ea pensa que s\u00f3 os mais novinhos desfrutar\u00e3o desta obra, ficamos felizes em dizer que, a partir de uns seis anos, muitas crian\u00e7as j\u00e1 conseguir\u00e3o l\u00ea-la sozinhas.<\/p>\n","protected":false},"featured_media":3623,"comment_status":"closed","ping_status":"closed","template":"","meta":[],"product_brand":[],"product_cat":[206],"product_tag":[203],"class_list":{"0":"post-3622","1":"product","2":"type-product","3":"status-publish","4":"has-post-thumbnail","6":"product_cat-editora-peregrino","7":"product_tag-3o-ao-5o-ano","9":"first","10":"instock","11":"shipping-taxable","12":"purchasable","13":"product-type-simple"},"_links":{"self":[{"href":"https:\/\/acsi.com.br\/lojavirtual\/wp-json\/wp\/v2\/product\/3622","targetHints":{"allow":["GET"]}}],"collection":[{"href":"https:\/\/acsi.com.br\/lojavirtual\/wp-json\/wp\/v2\/product"}],"about":[{"href":"https:\/\/acsi.com.br\/lojavirtual\/wp-json\/wp\/v2\/types\/product"}],"replies":[{"embeddable":true,"href":"https:\/\/acsi.com.br\/lojavirtual\/wp-json\/wp\/v2\/comments?post=3622"}],"version-history":[{"count":1,"href":"https:\/\/acsi.com.br\/lojavirtual\/wp-json\/wp\/v2\/product\/3622\/revisions"}],"predecessor-version":[{"id":3625,"href":"https:\/\/acsi.com.br\/lojavirtual\/wp-json\/wp\/v2\/product\/3622\/revisions\/3625"}],"wp:featuredmedia":[{"embeddable":true,"href":"https:\/\/acsi.com.br\/lojavirtual\/wp-json\/wp\/v2\/media\/3623"}],"wp:attachment":[{"href":"https:\/\/acsi.com.br\/lojavirtual\/wp-json\/wp\/v2\/media?parent=3622"}],"wp:term":[{"taxonomy":"product_brand","embeddable":true,"href":"https:\/\/acsi.com.br\/lojavirtual\/wp-json\/wp\/v2\/product_brand?post=3622"},{"taxonomy":"product_cat","embeddable":true,"href":"https:\/\/acsi.com.br\/lojavirtual\/wp-json\/wp\/v2\/product_cat?post=3622"},{"taxonomy":"product_tag","embeddable":true,"href":"https:\/\/acsi.com.br\/lojavirtual\/wp-json\/wp\/v2\/product_tag?post=3622"}],"curies":[{"name":"wp","href":"https:\/\/api.w.org\/{rel}","templated":true}]}}