{"id":3612,"date":"2024-11-07T19:32:47","date_gmt":"2024-11-07T22:32:47","guid":{"rendered":"https:\/\/acsi.com.br\/lojavirtual\/?post_type=product&#038;p=3612"},"modified":"2026-04-16T20:58:08","modified_gmt":"2026-04-16T23:58:08","slug":"o-peregrino-edicao-comentada-por-warren-wiersbe","status":"publish","type":"product","link":"https:\/\/acsi.com.br\/lojavirtual\/produto\/o-peregrino-edicao-comentada-por-warren-wiersbe\/","title":{"rendered":"O Peregrino &#8211; Edi\u00e7\u00e3o Comentada Por Warren Wiersbe"},"content":{"rendered":"<p>Descrevendo as aventuras da peregrina\u00e7\u00e3o pelas trilhas da f\u00e9 b\u00edblica, a obra \u00e9 rica em aplica\u00e7\u00f5es. \u00c9 uma inspira\u00e7\u00e3o atemporal para os crist\u00e3os. No decorrer da aventura, ele se encontra com personagens de carne e osso, mas que possuem nomes aleg\u00f3ricos, tais como Evangelista e Adula\u00e7\u00e3o. Passa por lugares sombrios e medonhos, como o Desfiladeiro do Desespero e o Rio da Morte. Surge em cada encruzilhada um novo desafio que amea\u00e7a sua chegada ao destino final.<\/p>\n","protected":false},"excerpt":{"rendered":"<p>Descrevendo as aventuras da peregrina\u00e7\u00e3o pelas trilhas da f\u00e9 b\u00edblica, a obra \u00e9 rica em aplica\u00e7\u00f5es. \u00c9 uma inspira\u00e7\u00e3o atemporal para os crist\u00e3os. No decorrer da aventura, ele se encontra com personagens de carne e osso, mas que possuem nomes aleg\u00f3ricos, tais como Evangelista e Adula\u00e7\u00e3o. Passa por lugares sombrios e medonhos, como o Desfiladeiro do Desespero e o Rio da Morte. Surge em cada encruzilhada um novo desafio que amea\u00e7a sua chegada ao destino final.<\/p>\n","protected":false},"featured_media":3614,"comment_status":"closed","ping_status":"closed","template":"","meta":[],"product_brand":[],"product_cat":[35],"product_tag":[228,142],"class_list":{"0":"post-3612","1":"product","2":"type-product","3":"status-publish","4":"has-post-thumbnail","6":"product_cat-publicacoes-pao-diario","7":"product_tag-8o-e-9o-ano","8":"product_tag-ensino-medio","10":"first","11":"instock","12":"shipping-taxable","13":"purchasable","14":"product-type-simple"},"_links":{"self":[{"href":"https:\/\/acsi.com.br\/lojavirtual\/wp-json\/wp\/v2\/product\/3612","targetHints":{"allow":["GET"]}}],"collection":[{"href":"https:\/\/acsi.com.br\/lojavirtual\/wp-json\/wp\/v2\/product"}],"about":[{"href":"https:\/\/acsi.com.br\/lojavirtual\/wp-json\/wp\/v2\/types\/product"}],"replies":[{"embeddable":true,"href":"https:\/\/acsi.com.br\/lojavirtual\/wp-json\/wp\/v2\/comments?post=3612"}],"version-history":[{"count":2,"href":"https:\/\/acsi.com.br\/lojavirtual\/wp-json\/wp\/v2\/product\/3612\/revisions"}],"predecessor-version":[{"id":6208,"href":"https:\/\/acsi.com.br\/lojavirtual\/wp-json\/wp\/v2\/product\/3612\/revisions\/6208"}],"wp:featuredmedia":[{"embeddable":true,"href":"https:\/\/acsi.com.br\/lojavirtual\/wp-json\/wp\/v2\/media\/3614"}],"wp:attachment":[{"href":"https:\/\/acsi.com.br\/lojavirtual\/wp-json\/wp\/v2\/media?parent=3612"}],"wp:term":[{"taxonomy":"product_brand","embeddable":true,"href":"https:\/\/acsi.com.br\/lojavirtual\/wp-json\/wp\/v2\/product_brand?post=3612"},{"taxonomy":"product_cat","embeddable":true,"href":"https:\/\/acsi.com.br\/lojavirtual\/wp-json\/wp\/v2\/product_cat?post=3612"},{"taxonomy":"product_tag","embeddable":true,"href":"https:\/\/acsi.com.br\/lojavirtual\/wp-json\/wp\/v2\/product_tag?post=3612"}],"curies":[{"name":"wp","href":"https:\/\/api.w.org\/{rel}","templated":true}]}}