{"id":3606,"date":"2024-11-07T19:29:11","date_gmt":"2024-11-07T22:29:11","guid":{"rendered":"https:\/\/acsi.com.br\/lojavirtual\/?post_type=product&#038;p=3606"},"modified":"2026-04-16T20:58:08","modified_gmt":"2026-04-16T23:58:08","slug":"devocional-pao-diario-kids-escolar","status":"publish","type":"product","link":"https:\/\/acsi.com.br\/lojavirtual\/produto\/devocional-pao-diario-kids-escolar\/","title":{"rendered":"Devocional &#8211; P\u00e3o Di\u00e1rio Kids &#8211; Escolar"},"content":{"rendered":"<p>Esta \u00e9 uma edi\u00e7\u00e3o especial do P\u00e3o Di\u00e1rio Kids que traz o tema Escolar. As medita\u00e7\u00f5es selecionadas, do devocional anual, tratam especificamente de dilemas t\u00edpicos que fazem parte do ambiente escolar. Cont\u00e9m atividades e espa\u00e7o para anota\u00e7\u00f5es, sendo um excelente recurso para orientar a crian\u00e7a sobre o que \u00e9 esperado dela na escola.<\/p>\n","protected":false},"excerpt":{"rendered":"<p>Esta \u00e9 uma edi\u00e7\u00e3o especial do P\u00e3o Di\u00e1rio Kids que traz o tema Escolar. As medita\u00e7\u00f5es selecionadas, do devocional anual, tratam especificamente de dilemas t\u00edpicos que fazem parte do ambiente escolar. Cont\u00e9m atividades e espa\u00e7o para anota\u00e7\u00f5es, sendo um excelente recurso para orientar a crian\u00e7a sobre o que \u00e9 esperado dela na escola.<\/p>\n","protected":false},"featured_media":3607,"comment_status":"closed","ping_status":"closed","template":"","meta":[],"product_brand":[],"product_cat":[35],"product_tag":[229,211],"class_list":{"0":"post-3606","1":"product","2":"type-product","3":"status-publish","4":"has-post-thumbnail","6":"product_cat-publicacoes-pao-diario","7":"product_tag-devocional","8":"product_tag-ed-infantil-ao-5o-ano","10":"first","11":"instock","12":"shipping-taxable","13":"purchasable","14":"product-type-simple"},"_links":{"self":[{"href":"https:\/\/acsi.com.br\/lojavirtual\/wp-json\/wp\/v2\/product\/3606","targetHints":{"allow":["GET"]}}],"collection":[{"href":"https:\/\/acsi.com.br\/lojavirtual\/wp-json\/wp\/v2\/product"}],"about":[{"href":"https:\/\/acsi.com.br\/lojavirtual\/wp-json\/wp\/v2\/types\/product"}],"replies":[{"embeddable":true,"href":"https:\/\/acsi.com.br\/lojavirtual\/wp-json\/wp\/v2\/comments?post=3606"}],"version-history":[{"count":1,"href":"https:\/\/acsi.com.br\/lojavirtual\/wp-json\/wp\/v2\/product\/3606\/revisions"}],"predecessor-version":[{"id":3609,"href":"https:\/\/acsi.com.br\/lojavirtual\/wp-json\/wp\/v2\/product\/3606\/revisions\/3609"}],"wp:featuredmedia":[{"embeddable":true,"href":"https:\/\/acsi.com.br\/lojavirtual\/wp-json\/wp\/v2\/media\/3607"}],"wp:attachment":[{"href":"https:\/\/acsi.com.br\/lojavirtual\/wp-json\/wp\/v2\/media?parent=3606"}],"wp:term":[{"taxonomy":"product_brand","embeddable":true,"href":"https:\/\/acsi.com.br\/lojavirtual\/wp-json\/wp\/v2\/product_brand?post=3606"},{"taxonomy":"product_cat","embeddable":true,"href":"https:\/\/acsi.com.br\/lojavirtual\/wp-json\/wp\/v2\/product_cat?post=3606"},{"taxonomy":"product_tag","embeddable":true,"href":"https:\/\/acsi.com.br\/lojavirtual\/wp-json\/wp\/v2\/product_tag?post=3606"}],"curies":[{"name":"wp","href":"https:\/\/api.w.org\/{rel}","templated":true}]}}