{"id":360,"date":"2023-08-04T19:41:04","date_gmt":"2023-08-04T19:41:04","guid":{"rendered":"https:\/\/acsi.com.br\/lojavirtual\/?post_type=product&#038;p=360"},"modified":"2026-05-04T13:27:18","modified_gmt":"2026-05-04T16:27:18","slug":"os-fazendeiros-de-deus","status":"publish","type":"product","link":"https:\/\/acsi.com.br\/lojavirtual\/produto\/os-fazendeiros-de-deus\/","title":{"rendered":"Os fazendeiros de Deus"},"content":{"rendered":"<p>Este livro conta a hist\u00f3ria de uma grande fam\u00edlia da ro\u00e7a que aprendeu muito cedo um grande segredo: tudo o que plantamos certamente vamos colher. Por isso vamos com cuidado nossas sementes escolher? O que voc\u00ea tem nas m\u00e3os? Sementes de amor e uni\u00e3o? Ent\u00e3o, vamos aprender juntos com os fazendeiros de Deus sobre a boa planta\u00e7\u00e3o!<\/p>\n","protected":false},"excerpt":{"rendered":"<p>Este livro conta a hist\u00f3ria de uma grande fam\u00edlia da ro\u00e7a que aprendeu muito cedo um grande segredo: tudo o que plantamos certamente vamos colher. Por isso vamos com cuidado nossas sementes escolher? O que voc\u00ea tem nas m\u00e3os? Sementes de amor e uni\u00e3o? Ent\u00e3o, vamos aprender juntos com os fazendeiros de Deus sobre a boa planta\u00e7\u00e3o!<\/p>\n","protected":false},"featured_media":361,"comment_status":"closed","ping_status":"closed","template":"","meta":[],"product_brand":[],"product_cat":[23],"product_tag":[137,152],"class_list":{"0":"post-360","1":"product","2":"type-product","3":"status-publish","4":"has-post-thumbnail","6":"product_cat-diversao-em-letras","7":"product_tag-ate-3o-ano","8":"product_tag-fund-1","10":"first","11":"instock","12":"shipping-taxable","13":"purchasable","14":"product-type-simple"},"_links":{"self":[{"href":"https:\/\/acsi.com.br\/lojavirtual\/wp-json\/wp\/v2\/product\/360","targetHints":{"allow":["GET"]}}],"collection":[{"href":"https:\/\/acsi.com.br\/lojavirtual\/wp-json\/wp\/v2\/product"}],"about":[{"href":"https:\/\/acsi.com.br\/lojavirtual\/wp-json\/wp\/v2\/types\/product"}],"replies":[{"embeddable":true,"href":"https:\/\/acsi.com.br\/lojavirtual\/wp-json\/wp\/v2\/comments?post=360"}],"version-history":[{"count":1,"href":"https:\/\/acsi.com.br\/lojavirtual\/wp-json\/wp\/v2\/product\/360\/revisions"}],"predecessor-version":[{"id":362,"href":"https:\/\/acsi.com.br\/lojavirtual\/wp-json\/wp\/v2\/product\/360\/revisions\/362"}],"wp:featuredmedia":[{"embeddable":true,"href":"https:\/\/acsi.com.br\/lojavirtual\/wp-json\/wp\/v2\/media\/361"}],"wp:attachment":[{"href":"https:\/\/acsi.com.br\/lojavirtual\/wp-json\/wp\/v2\/media?parent=360"}],"wp:term":[{"taxonomy":"product_brand","embeddable":true,"href":"https:\/\/acsi.com.br\/lojavirtual\/wp-json\/wp\/v2\/product_brand?post=360"},{"taxonomy":"product_cat","embeddable":true,"href":"https:\/\/acsi.com.br\/lojavirtual\/wp-json\/wp\/v2\/product_cat?post=360"},{"taxonomy":"product_tag","embeddable":true,"href":"https:\/\/acsi.com.br\/lojavirtual\/wp-json\/wp\/v2\/product_tag?post=360"}],"curies":[{"name":"wp","href":"https:\/\/api.w.org\/{rel}","templated":true}]}}