{"id":3587,"date":"2024-11-07T18:58:35","date_gmt":"2024-11-07T21:58:35","guid":{"rendered":"https:\/\/acsi.com.br\/lojavirtual\/?post_type=product&#038;p=3587"},"modified":"2026-04-16T20:58:08","modified_gmt":"2026-04-16T23:58:08","slug":"a-saga-wingfeather-o-guardiao-e-o-rei-lobo-livro-4","status":"publish","type":"product","link":"https:\/\/acsi.com.br\/lojavirtual\/produto\/a-saga-wingfeather-o-guardiao-e-o-rei-lobo-livro-4\/","title":{"rendered":"A Saga Wingfeather: O Guardi\u00e3o e o Rei Lobo &#8211; Livro 4"},"content":{"rendered":"<p>UMA JORNADA \u00c9PICA RUMO \u00c0 BATALHA FINAL PELA ILHA BRILHANTE!<br \/>\nO inverno chegou ao fim, mas a luta pela liberdade de Vales Verdes apenas come\u00e7ou.<br \/>\nJanner, Kalmar e Leeli o Guardi\u00e3o do Trono, o Rei Lobo e a Donzela da Can\u00e7\u00e3o de Anniera treinaram incansavelmente para enfrentar Gnag, o Sem-Nome, e seus terr\u00edveis Fangs de Dang.<br \/>\nN\u00e3o perca a conclus\u00e3o arrebatadora da aclamada Saga Wingfeather!<br \/>\nUma aventura repleta de sacrif\u00edcios heroicos, coragem incompar\u00e1vel e o constante deslumbramento do desconhecido.<br \/>\nMarginais perversos, corre-cristas, trolls e incont\u00e1veis outros perigos separam as crian\u00e7as Igiby de sua \u00fanica esperan\u00e7a de vit\u00f3ria.<\/p>\n<p>Prepare-se para uma terr\u00edvel jornada rumo \u00e0 batalha definitiva pela Ilha Brilhante!<\/p>\n<section class=\"products-related\"><\/section>\n","protected":false},"excerpt":{"rendered":"<p>UMA JORNADA \u00c9PICA RUMO \u00c0 BATALHA FINAL PELA ILHA BRILHANTE!<br \/>\nO inverno chegou ao fim, mas a luta pela liberdade de Vales Verdes apenas come\u00e7ou.<br \/>\nJanner, Kalmar e Leeli o Guardi\u00e3o do Trono, o Rei Lobo e a Donzela da Can\u00e7\u00e3o de Anniera treinaram incansavelmente para enfrentar Gnag, o Sem-Nome, e seus terr\u00edveis Fangs de Dang.<br \/>\nN\u00e3o perca a conclus\u00e3o arrebatadora da aclamada Saga Wingfeather!<br \/>\nUma aventura repleta de sacrif\u00edcios heroicos, coragem incompar\u00e1vel e o constante deslumbramento do desconhecido.<br \/>\nMarginais perversos, corre-cristas, trolls e incont\u00e1veis outros perigos separam as crian\u00e7as Igiby de sua \u00fanica esperan\u00e7a de vit\u00f3ria.<\/p>\n<p>Prepare-se para uma terr\u00edvel jornada rumo \u00e0 batalha definitiva pela Ilha Brilhante!<\/p>\n","protected":false},"featured_media":3588,"comment_status":"closed","ping_status":"closed","template":"","meta":[],"product_brand":[],"product_cat":[33],"product_tag":[161,140],"class_list":{"0":"post-3587","1":"product","2":"type-product","3":"status-publish","4":"has-post-thumbnail","6":"product_cat-editora-trinitas","7":"product_tag-5o-e-6o-ano","8":"product_tag-fund-2","10":"first","11":"instock","12":"shipping-taxable","13":"purchasable","14":"product-type-simple"},"_links":{"self":[{"href":"https:\/\/acsi.com.br\/lojavirtual\/wp-json\/wp\/v2\/product\/3587","targetHints":{"allow":["GET"]}}],"collection":[{"href":"https:\/\/acsi.com.br\/lojavirtual\/wp-json\/wp\/v2\/product"}],"about":[{"href":"https:\/\/acsi.com.br\/lojavirtual\/wp-json\/wp\/v2\/types\/product"}],"replies":[{"embeddable":true,"href":"https:\/\/acsi.com.br\/lojavirtual\/wp-json\/wp\/v2\/comments?post=3587"}],"version-history":[{"count":1,"href":"https:\/\/acsi.com.br\/lojavirtual\/wp-json\/wp\/v2\/product\/3587\/revisions"}],"predecessor-version":[{"id":3589,"href":"https:\/\/acsi.com.br\/lojavirtual\/wp-json\/wp\/v2\/product\/3587\/revisions\/3589"}],"wp:featuredmedia":[{"embeddable":true,"href":"https:\/\/acsi.com.br\/lojavirtual\/wp-json\/wp\/v2\/media\/3588"}],"wp:attachment":[{"href":"https:\/\/acsi.com.br\/lojavirtual\/wp-json\/wp\/v2\/media?parent=3587"}],"wp:term":[{"taxonomy":"product_brand","embeddable":true,"href":"https:\/\/acsi.com.br\/lojavirtual\/wp-json\/wp\/v2\/product_brand?post=3587"},{"taxonomy":"product_cat","embeddable":true,"href":"https:\/\/acsi.com.br\/lojavirtual\/wp-json\/wp\/v2\/product_cat?post=3587"},{"taxonomy":"product_tag","embeddable":true,"href":"https:\/\/acsi.com.br\/lojavirtual\/wp-json\/wp\/v2\/product_tag?post=3587"}],"curies":[{"name":"wp","href":"https:\/\/api.w.org\/{rel}","templated":true}]}}