{"id":3581,"date":"2024-11-07T18:54:04","date_gmt":"2024-11-07T21:54:04","guid":{"rendered":"https:\/\/acsi.com.br\/lojavirtual\/?post_type=product&#038;p=3581"},"modified":"2026-04-28T21:27:02","modified_gmt":"2026-04-29T00:27:02","slug":"hermie-a-lagarta-comum","status":"publish","type":"product","link":"https:\/\/acsi.com.br\/lojavirtual\/produto\/hermie-a-lagarta-comum\/","title":{"rendered":"Hermie: A Lagarta Comum"},"content":{"rendered":"<p>Hermie parecia comum \u2013 ele n\u00e3o tinha nenhuma mancha especial ou listras como todas as outras lagartas! Deus ama Hermie do jeito que ele \u00e9, sem manchas, sem listras&#8230; sendo apenas Hermie. Mas Deus tamb\u00e9m tem uma surpresa especial para Hermie.<\/p>\n","protected":false},"excerpt":{"rendered":"<p>Hermie parecia comum \u2013 ele n\u00e3o tinha nenhuma mancha especial ou listras como todas as outras lagartas! Deus ama Hermie do jeito que ele \u00e9, sem manchas, sem listras&#8230; sendo apenas Hermie. Mas Deus tamb\u00e9m tem uma surpresa especial para Hermie.<\/p>\n","protected":false},"featured_media":3582,"comment_status":"closed","ping_status":"closed","template":"","meta":[],"product_brand":[],"product_cat":[32],"product_tag":[227],"class_list":{"0":"post-3581","1":"product","2":"type-product","3":"status-publish","4":"has-post-thumbnail","6":"product_cat-livraria-100-cristao","7":"product_tag-ed-infantil-ao-3o-ano","9":"first","10":"instock","11":"shipping-taxable","12":"purchasable","13":"product-type-simple"},"_links":{"self":[{"href":"https:\/\/acsi.com.br\/lojavirtual\/wp-json\/wp\/v2\/product\/3581","targetHints":{"allow":["GET"]}}],"collection":[{"href":"https:\/\/acsi.com.br\/lojavirtual\/wp-json\/wp\/v2\/product"}],"about":[{"href":"https:\/\/acsi.com.br\/lojavirtual\/wp-json\/wp\/v2\/types\/product"}],"replies":[{"embeddable":true,"href":"https:\/\/acsi.com.br\/lojavirtual\/wp-json\/wp\/v2\/comments?post=3581"}],"version-history":[{"count":1,"href":"https:\/\/acsi.com.br\/lojavirtual\/wp-json\/wp\/v2\/product\/3581\/revisions"}],"predecessor-version":[{"id":3583,"href":"https:\/\/acsi.com.br\/lojavirtual\/wp-json\/wp\/v2\/product\/3581\/revisions\/3583"}],"wp:featuredmedia":[{"embeddable":true,"href":"https:\/\/acsi.com.br\/lojavirtual\/wp-json\/wp\/v2\/media\/3582"}],"wp:attachment":[{"href":"https:\/\/acsi.com.br\/lojavirtual\/wp-json\/wp\/v2\/media?parent=3581"}],"wp:term":[{"taxonomy":"product_brand","embeddable":true,"href":"https:\/\/acsi.com.br\/lojavirtual\/wp-json\/wp\/v2\/product_brand?post=3581"},{"taxonomy":"product_cat","embeddable":true,"href":"https:\/\/acsi.com.br\/lojavirtual\/wp-json\/wp\/v2\/product_cat?post=3581"},{"taxonomy":"product_tag","embeddable":true,"href":"https:\/\/acsi.com.br\/lojavirtual\/wp-json\/wp\/v2\/product_tag?post=3581"}],"curies":[{"name":"wp","href":"https:\/\/api.w.org\/{rel}","templated":true}]}}