{"id":3578,"date":"2024-11-07T18:52:30","date_gmt":"2024-11-07T21:52:30","guid":{"rendered":"https:\/\/acsi.com.br\/lojavirtual\/?post_type=product&#038;p=3578"},"modified":"2026-04-16T20:58:08","modified_gmt":"2026-04-16T23:58:08","slug":"flo-a-mosca-mentirosa","status":"publish","type":"product","link":"https:\/\/acsi.com.br\/lojavirtual\/produto\/flo-a-mosca-mentirosa\/","title":{"rendered":"Flo: A Mosca Mentirosa"},"content":{"rendered":"<p>Flo est\u00e1 sempre inventando hist\u00f3rias, fazendo pegadinhas e contando mentiras. Seus amigos n\u00e3o confiam mais nela. Quando Flo v\u00ea os Besouros D\u2019\u00c1gua serem sequestrados, ela se apressa em ajudar, mas ningu\u00e9m acredita nela \u2014 nem mesmo Hermie! Agora, apenas Deus pode ajudar Flo a salvar o dia e ganhar de volta a confian\u00e7a de seus amigos<\/p>\n","protected":false},"excerpt":{"rendered":"<p>Flo est\u00e1 sempre inventando hist\u00f3rias, fazendo pegadinhas e contando mentiras. Seus amigos n\u00e3o confiam mais nela. Quando Flo v\u00ea os Besouros D\u2019\u00c1gua serem sequestrados, ela se apressa em ajudar, mas ningu\u00e9m acredita nela \u2014 nem mesmo Hermie! Agora, apenas Deus pode ajudar Flo a salvar o dia e ganhar de volta a confian\u00e7a de seus amigos<\/p>\n","protected":false},"featured_media":3579,"comment_status":"closed","ping_status":"closed","template":"","meta":[],"product_brand":[],"product_cat":[32],"product_tag":[227],"class_list":{"0":"post-3578","1":"product","2":"type-product","3":"status-publish","4":"has-post-thumbnail","6":"product_cat-livraria-100-cristao","7":"product_tag-ed-infantil-ao-3o-ano","9":"first","10":"outofstock","11":"shipping-taxable","12":"purchasable","13":"product-type-simple"},"_links":{"self":[{"href":"https:\/\/acsi.com.br\/lojavirtual\/wp-json\/wp\/v2\/product\/3578","targetHints":{"allow":["GET"]}}],"collection":[{"href":"https:\/\/acsi.com.br\/lojavirtual\/wp-json\/wp\/v2\/product"}],"about":[{"href":"https:\/\/acsi.com.br\/lojavirtual\/wp-json\/wp\/v2\/types\/product"}],"replies":[{"embeddable":true,"href":"https:\/\/acsi.com.br\/lojavirtual\/wp-json\/wp\/v2\/comments?post=3578"}],"version-history":[{"count":1,"href":"https:\/\/acsi.com.br\/lojavirtual\/wp-json\/wp\/v2\/product\/3578\/revisions"}],"predecessor-version":[{"id":3580,"href":"https:\/\/acsi.com.br\/lojavirtual\/wp-json\/wp\/v2\/product\/3578\/revisions\/3580"}],"wp:featuredmedia":[{"embeddable":true,"href":"https:\/\/acsi.com.br\/lojavirtual\/wp-json\/wp\/v2\/media\/3579"}],"wp:attachment":[{"href":"https:\/\/acsi.com.br\/lojavirtual\/wp-json\/wp\/v2\/media?parent=3578"}],"wp:term":[{"taxonomy":"product_brand","embeddable":true,"href":"https:\/\/acsi.com.br\/lojavirtual\/wp-json\/wp\/v2\/product_brand?post=3578"},{"taxonomy":"product_cat","embeddable":true,"href":"https:\/\/acsi.com.br\/lojavirtual\/wp-json\/wp\/v2\/product_cat?post=3578"},{"taxonomy":"product_tag","embeddable":true,"href":"https:\/\/acsi.com.br\/lojavirtual\/wp-json\/wp\/v2\/product_tag?post=3578"}],"curies":[{"name":"wp","href":"https:\/\/api.w.org\/{rel}","templated":true}]}}