{"id":3575,"date":"2024-11-07T18:44:42","date_gmt":"2024-11-07T21:44:42","guid":{"rendered":"https:\/\/acsi.com.br\/lojavirtual\/?post_type=product&#038;p=3575"},"modified":"2026-04-16T20:58:08","modified_gmt":"2026-04-16T23:58:08","slug":"buzby-a-abelha-desobediente","status":"publish","type":"product","link":"https:\/\/acsi.com.br\/lojavirtual\/produto\/buzby-a-abelha-desobediente\/","title":{"rendered":"Buzby &#8211; A Abelha Desobediente"},"content":{"rendered":"<p>Buzby nunca segue as Regras de Ouro do Jardim. Ele acha que \u00e9 descolado demais para isso e que pode fazer o que quiser. As outras abelhas reclamam, mas ele n\u00e3o escuta ningu\u00e9m \u2014 nem mesmo Deus. Um dia, Buzby coloca seus amigos do jardim em perigo e descobre que quebrar as regras n\u00e3o \u00e9 nada legal. Este livro ajuda as crian\u00e7as a entenderem como seguir as regras pode mant\u00ea-las a salvo.<\/p>\n","protected":false},"excerpt":{"rendered":"<p>Buzby nunca segue as Regras de Ouro do Jardim. Ele acha que \u00e9 descolado demais para isso e que pode fazer o que quiser. As outras abelhas reclamam, mas ele n\u00e3o escuta ningu\u00e9m \u2014 nem mesmo Deus. Um dia, Buzby coloca seus amigos do jardim em perigo e descobre que quebrar as regras n\u00e3o \u00e9 nada legal. Este livro ajuda as crian\u00e7as a entenderem como seguir as regras pode mant\u00ea-las a salvo.<\/p>\n","protected":false},"featured_media":3576,"comment_status":"closed","ping_status":"closed","template":"","meta":[],"product_brand":[],"product_cat":[32],"product_tag":[227],"class_list":{"0":"post-3575","1":"product","2":"type-product","3":"status-publish","4":"has-post-thumbnail","6":"product_cat-livraria-100-cristao","7":"product_tag-ed-infantil-ao-3o-ano","9":"first","10":"instock","11":"shipping-taxable","12":"purchasable","13":"product-type-simple"},"_links":{"self":[{"href":"https:\/\/acsi.com.br\/lojavirtual\/wp-json\/wp\/v2\/product\/3575","targetHints":{"allow":["GET"]}}],"collection":[{"href":"https:\/\/acsi.com.br\/lojavirtual\/wp-json\/wp\/v2\/product"}],"about":[{"href":"https:\/\/acsi.com.br\/lojavirtual\/wp-json\/wp\/v2\/types\/product"}],"replies":[{"embeddable":true,"href":"https:\/\/acsi.com.br\/lojavirtual\/wp-json\/wp\/v2\/comments?post=3575"}],"version-history":[{"count":1,"href":"https:\/\/acsi.com.br\/lojavirtual\/wp-json\/wp\/v2\/product\/3575\/revisions"}],"predecessor-version":[{"id":3577,"href":"https:\/\/acsi.com.br\/lojavirtual\/wp-json\/wp\/v2\/product\/3575\/revisions\/3577"}],"wp:featuredmedia":[{"embeddable":true,"href":"https:\/\/acsi.com.br\/lojavirtual\/wp-json\/wp\/v2\/media\/3576"}],"wp:attachment":[{"href":"https:\/\/acsi.com.br\/lojavirtual\/wp-json\/wp\/v2\/media?parent=3575"}],"wp:term":[{"taxonomy":"product_brand","embeddable":true,"href":"https:\/\/acsi.com.br\/lojavirtual\/wp-json\/wp\/v2\/product_brand?post=3575"},{"taxonomy":"product_cat","embeddable":true,"href":"https:\/\/acsi.com.br\/lojavirtual\/wp-json\/wp\/v2\/product_cat?post=3575"},{"taxonomy":"product_tag","embeddable":true,"href":"https:\/\/acsi.com.br\/lojavirtual\/wp-json\/wp\/v2\/product_tag?post=3575"}],"curies":[{"name":"wp","href":"https:\/\/api.w.org\/{rel}","templated":true}]}}