{"id":357,"date":"2023-08-04T19:39:35","date_gmt":"2023-08-04T19:39:35","guid":{"rendered":"https:\/\/acsi.com.br\/lojavirtual\/?post_type=product&#038;p=357"},"modified":"2026-04-16T20:59:08","modified_gmt":"2026-04-16T23:59:08","slug":"abra-a-boca-magda","status":"publish","type":"product","link":"https:\/\/acsi.com.br\/lojavirtual\/produto\/abra-a-boca-magda\/","title":{"rendered":"Abra a boca, Magda!"},"content":{"rendered":"<p>Este livro conta a hist\u00f3ria real de uma conversa que aconteceu no port\u00e3o, quando uma amiga mostrou o plano da salva\u00e7\u00e3o. Magdinha teve a vida transformada e, como mission\u00e1ria, hoje \u00e9 usada. Trabalha um mont\u00e3o com muita motiva\u00e7\u00e3o, divulgando o amor de Deus em cada cora\u00e7\u00e3o. E voc\u00ea, amiguinho, no seu port\u00e3o, algu\u00e9m j\u00e1 bateu anunciando o grande amor de Deus?<\/p>\n","protected":false},"excerpt":{"rendered":"<p>Este livro conta a hist\u00f3ria real de uma conversa que aconteceu no port\u00e3o, quando uma amiga mostrou o plano da salva\u00e7\u00e3o. Magdinha teve a vida transformada e, como mission\u00e1ria, hoje \u00e9 usada. Trabalha um mont\u00e3o com muita motiva\u00e7\u00e3o, divulgando o amor de Deus em cada cora\u00e7\u00e3o. E voc\u00ea, amiguinho, no seu port\u00e3o, algu\u00e9m j\u00e1 bateu anunciando o grande amor de Deus?<\/p>\n","protected":false},"featured_media":358,"comment_status":"closed","ping_status":"closed","template":"","meta":[],"product_brand":[],"product_cat":[23],"product_tag":[137,152],"class_list":{"0":"post-357","1":"product","2":"type-product","3":"status-publish","4":"has-post-thumbnail","6":"product_cat-diversao-em-letras","7":"product_tag-ate-3o-ano","8":"product_tag-fund-1","10":"first","11":"instock","12":"shipping-taxable","13":"purchasable","14":"product-type-simple"},"_links":{"self":[{"href":"https:\/\/acsi.com.br\/lojavirtual\/wp-json\/wp\/v2\/product\/357","targetHints":{"allow":["GET"]}}],"collection":[{"href":"https:\/\/acsi.com.br\/lojavirtual\/wp-json\/wp\/v2\/product"}],"about":[{"href":"https:\/\/acsi.com.br\/lojavirtual\/wp-json\/wp\/v2\/types\/product"}],"replies":[{"embeddable":true,"href":"https:\/\/acsi.com.br\/lojavirtual\/wp-json\/wp\/v2\/comments?post=357"}],"version-history":[{"count":1,"href":"https:\/\/acsi.com.br\/lojavirtual\/wp-json\/wp\/v2\/product\/357\/revisions"}],"predecessor-version":[{"id":359,"href":"https:\/\/acsi.com.br\/lojavirtual\/wp-json\/wp\/v2\/product\/357\/revisions\/359"}],"wp:featuredmedia":[{"embeddable":true,"href":"https:\/\/acsi.com.br\/lojavirtual\/wp-json\/wp\/v2\/media\/358"}],"wp:attachment":[{"href":"https:\/\/acsi.com.br\/lojavirtual\/wp-json\/wp\/v2\/media?parent=357"}],"wp:term":[{"taxonomy":"product_brand","embeddable":true,"href":"https:\/\/acsi.com.br\/lojavirtual\/wp-json\/wp\/v2\/product_brand?post=357"},{"taxonomy":"product_cat","embeddable":true,"href":"https:\/\/acsi.com.br\/lojavirtual\/wp-json\/wp\/v2\/product_cat?post=357"},{"taxonomy":"product_tag","embeddable":true,"href":"https:\/\/acsi.com.br\/lojavirtual\/wp-json\/wp\/v2\/product_tag?post=357"}],"curies":[{"name":"wp","href":"https:\/\/api.w.org\/{rel}","templated":true}]}}